{"id":2164,"date":"2021-01-05T14:13:40","date_gmt":"2021-01-05T13:13:40","guid":{"rendered":"https:\/\/www.aerovit.dk\/?page_id=2164"},"modified":"2025-05-05T15:28:23","modified_gmt":"2025-05-05T13:28:23","slug":"aerovit-automatisches-russblassystem","status":"publish","type":"page","link":"https:\/\/www.aerovit.dk\/de\/aerovit-automatisches-russblassystem\/","title":{"rendered":"Aerovit Automatisches Ru\u00dfblassystem"},"content":{"rendered":"<div class=\"block-cta-advanced relative bg-cover bg-center bg-no-repeat pt-6 md:pt-6 lg:pt-6 pb-6 md:pb-6 lg:pb-6    theme-dark schema-bg-color-dark_blue lazy-bg\"\n     id=\"block_6549ed82a2228\"\n\n     style=\"background-image: url('data:image\/gif;base64,R0lGODlhAQABAIAAAP\/\/\/\/\/\/\/yH5BAEKAAEALAAAAAABAAEAAAICTAEAOw==')\"\n     data-src=\"https:\/\/www.aerovit.dk\/wp-content\/uploads\/sites\/112\/2020\/12\/IMG_2324.jpg\"\n\n    data-design-type=\"type_4\"\n    >\n\n    \n\n    <div class=\"absolute inset-0 z-10\"\n         style=\"background-color: #3c4858; opacity: 0.70\"><\/div>\n\n    \n    \n        \n\n<div class=\"container relative z-10\">\n    <div class=\"pb-16 pt-20 md:pt-32 lg:py-32 relative\">\n        <div class=\"relative   mx-auto text-center \">\n\n            \n            <div class=\"relative z-10 \">\n                <header class=\"mb-3\">\n                                        <h1 class=\"\">\n                        Aerovit Automatisches Ru\u00dfblassystem                    <\/h1>\n                <\/header>\n                <div class=\"wysiwyg-content  text-xl max-w-lg xl:max-w-xl mx-auto\">\n                                    <\/div>\n\n                            <\/div>\n        <\/div>\n    <\/div>\n\n    <\/div>\n    <\/div>\n\n\n<div class=\"block-media-text-carousel pt-6 md:pt-12 lg:pt-12 pb-6 md:pb-12 lg:pb-12 theme-light schema-bg-color-light_gray\"\n     id=\"block_6549ed82a22fa\">\n    <div class=\"container relative\">\n                \n            <div>\n\n\n                <div x-data=\"xDataTabbedCarousel_21e34a07171c1dae50eedab869357612()\">\n\n                    <div class=\"block md:hidden\">\n\n                        <div class=\"\">\n\n\n                                                        <div class=\"\" >\n\n                                \n                                <div  class=\"carousel-tab overflow-hidden px-3\">\n\n                                    <div class=\"mb-6\">\n\n                                        \n    <div class=\"overflow-hidden  \">\n        <img src=\"https:\/\/www.aerovit.dk\/wp-content\/uploads\/sites\/112\/2020\/12\/IMG_2327.jpg\" alt=\"\" class=\"inline-block max-w-full max-h-full\" loading=\"lazy\">\n    <\/div>\n\n\n                                    <\/div>\n\n                                    <header class=\" mb-6\">\n                                        <div class=\"pre-heading\">\n                                                                                    <\/div>\n                                        <h4 class=\"p-0 m-0\">\n                                            Die Aerovit Ru\u00dfbl\u00e4ser ist ein System f\u00fcr Kesseln mit PLC\/Timer-gesteuerten Sto\u00dfwellen reinzuhalten                                        <\/h4>\n                                    <\/header>\n\n                                    <div class=\"text-sm wysiwyg-content mb-6\">\n                                        <p class=\"style3 style4\"><strong>Das System operiert mit Hilfe von sauberer Druckluft und sorgt f\u00fcr eine kontinuierliche Reinhaltung von Biomasse-Kessel, Economiser, W\u00e4rmetauscher, marine Kessel, Katalysatorelemente usw.<\/strong><\/p>\n<p class=\"style3 style4\">Im Bruchteil einer Sekunde werden bis zu 450 Liter Luft unter hohem Druck durch das Ventil geblasen. Dabei wird ein sehr starker, nahezu explosionsartiger Luftsto\u00df erzeugt und in die Kesselkonstruktion gerichtet. Die Schockwirkung des Luftsto\u00dfes l\u00f6st und entfernt die Bel\u00e4ge an Rauchrohren und Heizfl\u00e4chen.<\/p>\n<p class=\"style3 style4\">Wir liefern Aerovit mit einem besonderen antikorrosiven K\u00fchlsystem, das daf\u00fcr sorgt, dass das System bei hohen Temperaturen und in korrosiver Umgebung funktioniert. Das System wird au\u00dferdem mit einzigartig Technik zur Reduzierung des Ger\u00e4uschpegels auf ca. 80 dBA geliefert.<\/p>\n                                    <\/div>\n\n                                    \n                                    \n                                <\/div>\n                            <\/div>\n                            \n                        <\/div>\n                    <\/div>\n\n\n                    <div class=\"hidden md:block\">\n                        \n                        <div>\n                            \n                                <div class=\"carousel-slide\" x-show=\"currentSlideIndex === 0\">\n                                    <div class=\"lg:flex \">\n                                        <div class=\"md:mb-6 lg:mb-0 lg:w-2\/3 lg:pr-24\">\n                                            \n    <div class=\"overflow-hidden  \">\n        <img src=\"https:\/\/www.aerovit.dk\/wp-content\/uploads\/sites\/112\/2020\/12\/IMG_2327.jpg\" alt=\"\" class=\"inline-block max-w-full max-h-full\" loading=\"lazy\">\n    <\/div>\n\n                                        <\/div>\n                                        <div class=\"lg:w-1\/3 \">\n                                            <header class=\"lg:pr-3 mb-6\">\n                                                <div class=\"pre-heading\">\n                                                                                                    <\/div>\n                                                <h3 class=\"p-0 m-0\">\n                                                    Die Aerovit Ru\u00dfbl\u00e4ser ist ein System f\u00fcr Kesseln mit PLC\/Timer-gesteuerten Sto\u00dfwellen reinzuhalten                                                <\/h3>\n                                            <\/header>\n                                            <div class=\"text-sm mb-6 wysiwyg-content\">\n                                                <p class=\"style3 style4\"><strong>Das System operiert mit Hilfe von sauberer Druckluft und sorgt f\u00fcr eine kontinuierliche Reinhaltung von Biomasse-Kessel, Economiser, W\u00e4rmetauscher, marine Kessel, Katalysatorelemente usw.<\/strong><\/p>\n<p class=\"style3 style4\">Im Bruchteil einer Sekunde werden bis zu 450 Liter Luft unter hohem Druck durch das Ventil geblasen. Dabei wird ein sehr starker, nahezu explosionsartiger Luftsto\u00df erzeugt und in die Kesselkonstruktion gerichtet. Die Schockwirkung des Luftsto\u00dfes l\u00f6st und entfernt die Bel\u00e4ge an Rauchrohren und Heizfl\u00e4chen.<\/p>\n<p class=\"style3 style4\">Wir liefern Aerovit mit einem besonderen antikorrosiven K\u00fchlsystem, das daf\u00fcr sorgt, dass das System bei hohen Temperaturen und in korrosiver Umgebung funktioniert. Das System wird au\u00dferdem mit einzigartig Technik zur Reduzierung des Ger\u00e4uschpegels auf ca. 80 dBA geliefert.<\/p>\n                                            <\/div>\n                                            \n                                                                                    <\/div>\n\n                                    <\/div>\n                                <\/div>\n                                                    <\/div>\n\n                    <\/div>\n                <\/div>\n\n                <script>\n                    function xDataTabbedCarousel_21e34a07171c1dae50eedab869357612() {\n                        return {\n                            slidesCount: 1,\n                            currentSlideIndex: 0,\n                            selectorIsOpen: false,\n                            openTabs: [0],\n                            setSlide: function (slideIndex) {\n                                var vm = this;\n                                vm.currentSlideIndex = slideIndex;\n                                var elements = document.querySelectorAll('.carousel-slide');\n                                elements.forEach(function (element, index) {\n                                    vm.stopVideo(element);\n                                });\n\n\n                            },\n                            previousSlide: function () {\n                                var vm = this;\n                                var previousSlide = (vm.currentSlideIndex === 0) ? (vm.slidesCount - 1) : (vm.currentSlideIndex - 1);\n\n                                vm.currentSlideIndex = previousSlide;\n                            },\n                            nextSlide: function () {\n                                var vm = this;\n                                var nextSlide = (vm.currentSlideIndex === (vm.slidesCount - 1)) ? 0 : (vm.currentSlideIndex + 1);\n\n                                vm.currentSlideIndex = nextSlide;\n                            },\n                            stopVideo: function (element) {\n                                var iframe = element.querySelector('iframe');\n                                var video = element.querySelector('video');\n                                if (iframe) {\n                                    var iframeSrc = iframe.src;\n                                    iframe.src = iframeSrc;\n                                }\n                                if (video) {\n                                    video.pause();\n                                }\n                            },\n                            toggleOpenTabs: function (index) {\n                                var vm = this;\n\n                                var tabs = vm.openTabs;\n                                if (vm.openTabs.indexOf(index) > -1 ) {\n                                    vm.openTabs.splice( vm.openTabs.indexOf(index), 1 );\n                                }else{\n                                    vm.openTabs.push(index); \/\/ ...tabs,\n                                }\n\n                            },\n                            isInOpenTabs :function(index){\n                                var vm = this;\n                                return vm.openTabs.includes(index);\n                            }\n                        }\n                    }\n\n                <\/script>\n\n\n            <\/div>\n\n\n            <\/div>\n<\/div>\n\n<div class=\"block-media-embed overflow-hidden pt-16 md:pt-16 lg:pt-24 pb-6 md:pb-6 lg:pb-6 theme- schema-bg-color-default\"\n     id=\"block_6549ed82a48f8\">\n\n    <div class=\"container mx-auto px-4 lg:px-4 relative\">\n        <div class=\"w-full\">\n\n                            <header class=\"mb-3  text-center\">\n                                        <h3>So funktionieren Aerovit-Ru\u00dfbl\u00e4ser<\/h3>\n                <\/header>\n            \n            \n            <div class=\"w-full \">\n\n                    \n    \n\n                    <div class=\"plyr-embed lazy-plyr\"\n                                 data-plyr-provider=\"vimeo\"\n                 data-plyr-embed-id=\"881712309\"\n                             ><\/div>\n\n\n        \n    \n            <\/div>\n        <\/div>\n    <\/div>\n<\/div>\n\n<div class=\"case-study relative pt-6 md:pt-12 lg:pt-12 pb-6 md:pb-12 lg:pb-12\"\n     id=\"block_6549ed82a496d\">\n    <div class=\"absolute inset-0 flex flex-col\">\n        <div style=\"background-color: #dadbdd;\" class=\"h-1\/2\"><\/div>\n        <div style=\"background-color: #ffffff;\" class=\"h-1\/2\"><\/div>\n    <\/div>\n    <div class=\"container relative\">\n\n        <div class=\"shadow-lg rounded bg-white theme-light max-w-md mx-auto lg:max-w-none lg:mx-0 lg:flex\">\n            <div class=\"lg:w-1\/2 \">\n                <div class=\"flex overflow-hidden items-center justify-end h-64 lg:h-full rounded-t lg:rounded-t-none lg:rounded-l \">\n                    <div class=\"w-full h-full bg-cover bg-center bg-no-repeat lazy-bg\"\n                         style=\"background-image: url('data:image\/gif;base64,R0lGODlhAQABAIAAAP\/\/\/\/\/\/\/yH5BAEKAAEALAAAAAABAAEAAAICTAEAOw==')\" data-src=\"https:\/\/www.aerovit.dk\/wp-content\/uploads\/sites\/112\/2020\/12\/Lindesberg-768x796.jpg\"><\/div>\n                <\/div>\n            <\/div>\n            <div class=\"lg:w-1\/2\">\n                <div class=\"p-6 lg:p-12\">\n\n\n                    \n<header class=\"mb-6 md:mb-12  \">\n    \n            <h3>Vorteile der Aerovit Ru\u00dfbl\u00e4ser:<\/h3>    \n            <div class=\"mt-6\">\n            <div class=\"wysiwyg-content \">\n                <ul>\n<li>Die Anschaffung ist in 3 bis 24 Monaten abbezahlt<\/li>\n<li>Bew\u00e4hrte h\u00f6here Effizienz und Kesselleistung<\/li>\n<li>Reduzieren Sie die manuelle Reinigung und damit Kessels Abschaltungen<\/li>\n<li>Reduzierung des Kraftstoffverbrauchs pro erzeugter MW<\/li>\n<li>Weniger CO2-Emissionen<\/li>\n<li>Robustes Design mit wenigen beweglichen Teilen<\/li>\n<\/ul>\n            <\/div>\n        <\/div>\n    <\/header>\n\n\n                    \n\n                    <div>\n                                            <\/div>\n\n                <\/div>\n            <\/div>\n        <\/div>\n    <\/div>\n<\/div>\n\n\n\n<div class=\"block-section-header pt-6 md:pt-12 lg:pt-12 pb-0  theme- schema-bg-color-default\"\n     id=\"block_6549ed82a49a0\">\n\n    <div class=\"container\">\n\n        \n            <header class=\"text-center\">\n                                <h2 class=\"p-0 m-0\">\n                    Das Aerovit Ventil                <\/h2>\n                            <\/header>\n            <\/div>\n<\/div>\n\n\n\n<div class=\"block-text-columns pt-6 md:pt-12 lg:pt-12 pb-16 md:pb-16 lg:pb-24 theme- schema-bg-color-default\"\n     id=\"block_6735cf880fdf4\">\n\n    <div class=\"container\">\n\n\n\n        \n            <div class=\"md:flex md:flex-wrap lg:-mx-4\">\n\n                \n\n                \n                <div class=\"md:px-4 md:w-1\/2 mb-12 md:mb-0\">\n                    \n                    \n                    \n                                            <div class=\"wysiwyg-content\">\n                            <p class=\"style3 style4\">Wir haben ein v\u00f6llig neues Aerovit Ventil entwickelt, bei dem die Ventilk\u00fchlung und die Schalld\u00e4mmung des Systems integriert sind. Dadurch wird das Ventil kompakter und weniger anf\u00e4llig als fr\u00fcher.<\/p>\n<p class=\"style4 style3\">Der Gr\u00f6\u00dfe des Aerovit Ru\u00dfbl\u00e4sern sind grunds\u00e4tzlich keine Grenzen gesetzt, weil die Anzahl der Schussventile, die Druckluftversorgung und die PLC\/Timer-Steuerung an Betriebssituationen jeder Art anpassbar sind.<\/p>\n<p class=\"style4 style3\">Das System kann sowohl an neuen als auch bereits vorhandenen Kesselkonstruktionen, Katalysatoren, W\u00e4rmetauschern und Vorw\u00e4rmern montiert werden. Jeder Aerovit Ru\u00dfbl\u00e4ser ist f\u00fcr die jeweilige Installation ma\u00dfgeschneidert.<\/p>\n                        <\/div>\n                    \n                    <div class=\"lg:flex md:-mx-4 mt-12\">\n\n\n                        \n                                            <\/div>\n\n                <\/div>\n\n                \n\n                \n                <div class=\"md:px-4 md:w-1\/2 mb-12 md:mb-0\">\n                    \n                    \n                    \n                                            <div class=\"wysiwyg-content\">\n                            <p class=\"style4 style3\">Nach den Beschreibungen, Zeichnungen, Aufmessungen und dem Bildmaterial des Kunden erstellen wir einen Projektvorschlag. Nach Genehmigung durch den Kunden fertigen wir die endg\u00fcltigen Konstruktionspl\u00e4ne und die konkrete Anlage an.<\/p>\n<p class=\"style4 style3\">Das Aerovit Ventil ist auch der wesentliche Teil unserer neu entwickelten Ru\u00dfbl\u00e4sersystem Aerovit Type R. Aerovit Type R ist haupts\u00e4chlich entwickelt f\u00fcr die Wasserrohr Economiser sauber zu halten.<\/p>\n                        <\/div>\n                    \n                    <div class=\"lg:flex md:-mx-4 mt-12\">\n\n\n                                                    <div class=\" md:px-4 mb-4\">\n                                    <div x-data=\"{ 'showModal': false }\">\n\n\n        <div>\n            \n                <a href=\"https:\/\/www.aerovit.dk\/de\/products\/aerovit-type-r-rotierend\/\"\n                   target=\"\"\n                   class=\"btn  btn-primary  \">\n                    <div class=\" ml-6\">\n                         Lesen Sie hier mehr                    <\/div>\n                                            <div class=\"float-right ml-3 mr-3\">\n                            <i class=\"far fa-long-arrow-alt-right\"><\/i>\n                        <\/div>\n                                    <\/a>\n\n            \n\n        <\/div>\n\n\n            <\/div>\n\n                            <\/div>\n                        \n                                            <\/div>\n\n                <\/div>\n\n                            <\/div>\n\n            <\/div>\n<\/div>\n\n\n<div class=\"cta-simple pt-6 md:pt-12 lg:pt-12 pb-16 md:pb-16 lg:pb-24 theme-dark schema-bg-color-orange\"\n     id=\"block_6818bcf609090\">\n    <div class=\"container relative\">\n        <div class=\"md:flex\">\n            <div class=\"md:w-2\/3 mb-8 md:mb-0 md:flex\">\n                <div class=\"mb-8 md:mb-0 md:mr-6\">\n                    <div class=\"rounded-full h-20 w-20 overflow-hidden mx-auto\">\n                        <img alt=\"\" src=\"https:\/\/www.aerovit.dk\/wp-content\/uploads\/sites\/112\/2020\/11\/manual.svg\" class=\"h-full\">\n                    <\/div>\n                <\/div>\n                <div class=\"text-center md:text-left\">\n                    <header class=\"mb-6 md:mb-3\">\n                                                    <div class=\"pre-heading\">\n                                Ersatzteilkatalog                            <\/div>\n                                                <h4 class=\"font-bold p-0 m-0\">Laden Sie den Ersatzteilkatalog hier herunter<\/h4>\n                    <\/header>\n                    <div>\n                        <p>Sehen Sie sich unseren Katalog an und finden Sie eine \u00dcbersicht aller Ersatzteile f\u00fcr Ihr Aerovit-Ru\u00dfbl\u00e4ser-System.<\/p>\n                    <\/div>\n                <\/div>\n            <\/div>\n\n                                    <div class=\"md:w-1\/3 flex justify-center md:items-center md:justify-end\">\n                            <div x-data=\"{ 'showModal': false }\">\n\n\n        <div>\n            \n                <a href=\"https:\/\/www.aerovit.dk\/wp-content\/uploads\/sites\/112\/2025\/04\/Aerovit-A4-Soot-Blower-Solution.pdf\"\n                   target=\"_blank\"\n                   class=\"btn  btn-ghost-white  \">\n                    <div class=\" ml-6\">\n                        PDF herunterladen                    <\/div>\n                                            <div class=\"float-right ml-3 mr-3\">\n                            <i class=\"far fa-long-arrow-alt-right\"><\/i>\n                        <\/div>\n                                    <\/a>\n\n            \n\n        <\/div>\n\n\n            <\/div>\n\n                    <\/div>\n                \n        <\/div>\n    <\/div>\n<\/div>","protected":false},"excerpt":{"rendered":"","protected":false},"author":1,"featured_media":0,"parent":0,"menu_order":0,"comment_status":"closed","ping_status":"closed","template":"","meta":[],"segment":[],"acf":[],"yoast_head":"<!-- This site is optimized with the Yoast SEO plugin v19.14 - https:\/\/yoast.com\/wordpress\/plugins\/seo\/ -->\n<title>Aerovit Automatisches Ru\u00dfblassystem - Aerovit A\/S<\/title>\n<meta name=\"description\" content=\"Die Aerovit Ru\u00dfbl\u00e4ser ist ein System f\u00fcr Kesseln mit PLC\/Timer-gesteuerten Sto\u00dfwellen reinzuhalten\" \/>\n<meta name=\"robots\" content=\"index, follow, max-snippet:-1, max-image-preview:large, max-video-preview:-1\" \/>\n<link rel=\"canonical\" href=\"https:\/\/www.aerovit.dk\/de\/loesungen\/aerovit-automatisches-russblassystem\/\" \/>\n<meta property=\"og:locale\" content=\"de_DE\" \/>\n<meta property=\"og:type\" content=\"article\" \/>\n<meta property=\"og:title\" content=\"Aerovit Automatisches Ru\u00dfblassystem - Aerovit A\/S\" \/>\n<meta property=\"og:description\" content=\"Die Aerovit Ru\u00dfbl\u00e4ser ist ein System f\u00fcr Kesseln mit PLC\/Timer-gesteuerten Sto\u00dfwellen reinzuhalten\" \/>\n<meta property=\"og:url\" content=\"https:\/\/www.aerovit.dk\/de\/loesungen\/aerovit-automatisches-russblassystem\/\" \/>\n<meta property=\"og:site_name\" content=\"Aerovit A\/S\" \/>\n<meta property=\"article:modified_time\" content=\"2025-05-05T13:28:23+00:00\" \/>\n<meta name=\"twitter:card\" content=\"summary_large_image\" \/>\n<script type=\"application\/ld+json\" class=\"yoast-schema-graph\">{\"@context\":\"https:\/\/schema.org\",\"@graph\":[{\"@type\":\"WebPage\",\"@id\":\"https:\/\/www.aerovit.dk\/de\/loesungen\/aerovit-automatisches-russblassystem\/\",\"url\":\"https:\/\/www.aerovit.dk\/de\/loesungen\/aerovit-automatisches-russblassystem\/\",\"name\":\"Aerovit Automatisches Ru\u00dfblassystem - Aerovit A\/S\",\"isPartOf\":{\"@id\":\"https:\/\/www.aerovit.dk\/#website\"},\"datePublished\":\"2021-01-05T13:13:40+00:00\",\"dateModified\":\"2025-05-05T13:28:23+00:00\",\"description\":\"Die Aerovit Ru\u00dfbl\u00e4ser ist ein System f\u00fcr Kesseln mit PLC\/Timer-gesteuerten Sto\u00dfwellen reinzuhalten\",\"inLanguage\":\"de-DE\",\"potentialAction\":[{\"@type\":\"ReadAction\",\"target\":[\"https:\/\/www.aerovit.dk\/de\/loesungen\/aerovit-automatisches-russblassystem\/\"]}]},{\"@type\":\"WebSite\",\"@id\":\"https:\/\/www.aerovit.dk\/#website\",\"url\":\"https:\/\/www.aerovit.dk\/\",\"name\":\"Aerovit A\/S\",\"description\":\"We specialize in keeping boilers clean \u2013 Efficiently and reliably\",\"publisher\":{\"@id\":\"https:\/\/www.aerovit.dk\/#organization\"},\"potentialAction\":[{\"@type\":\"SearchAction\",\"target\":{\"@type\":\"EntryPoint\",\"urlTemplate\":\"https:\/\/www.aerovit.dk\/?s={search_term_string}\"},\"query-input\":\"required name=search_term_string\"}],\"inLanguage\":\"de-DE\"},{\"@type\":\"Organization\",\"@id\":\"https:\/\/www.aerovit.dk\/#organization\",\"name\":\"Aerovit A\/S\",\"url\":\"https:\/\/www.aerovit.dk\/\",\"logo\":{\"@type\":\"ImageObject\",\"inLanguage\":\"de-DE\",\"@id\":\"https:\/\/www.aerovit.dk\/#\/schema\/logo\/image\/\",\"url\":\"https:\/\/www.aerovit.dk\/wp-content\/uploads\/sites\/112\/2022\/12\/Home-Logo.svg\",\"contentUrl\":\"https:\/\/www.aerovit.dk\/wp-content\/uploads\/sites\/112\/2022\/12\/Home-Logo.svg\",\"width\":1923,\"height\":289,\"caption\":\"Aerovit A\/S\"},\"image\":{\"@id\":\"https:\/\/www.aerovit.dk\/#\/schema\/logo\/image\/\"},\"sameAs\":[\"https:\/\/www.linkedin.com\/company\/1889435\/\"]}]}<\/script>\n<!-- \/ Yoast SEO plugin. -->","yoast_head_json":{"title":"Aerovit Automatisches Ru\u00dfblassystem - Aerovit A\/S","description":"Die Aerovit Ru\u00dfbl\u00e4ser ist ein System f\u00fcr Kesseln mit PLC\/Timer-gesteuerten Sto\u00dfwellen reinzuhalten","robots":{"index":"index","follow":"follow","max-snippet":"max-snippet:-1","max-image-preview":"max-image-preview:large","max-video-preview":"max-video-preview:-1"},"canonical":"https:\/\/www.aerovit.dk\/de\/loesungen\/aerovit-automatisches-russblassystem\/","og_locale":"de_DE","og_type":"article","og_title":"Aerovit Automatisches Ru\u00dfblassystem - Aerovit A\/S","og_description":"Die Aerovit Ru\u00dfbl\u00e4ser ist ein System f\u00fcr Kesseln mit PLC\/Timer-gesteuerten Sto\u00dfwellen reinzuhalten","og_url":"https:\/\/www.aerovit.dk\/de\/loesungen\/aerovit-automatisches-russblassystem\/","og_site_name":"Aerovit A\/S","article_modified_time":"2025-05-05T13:28:23+00:00","twitter_card":"summary_large_image","schema":{"@context":"https:\/\/schema.org","@graph":[{"@type":"WebPage","@id":"https:\/\/www.aerovit.dk\/de\/loesungen\/aerovit-automatisches-russblassystem\/","url":"https:\/\/www.aerovit.dk\/de\/loesungen\/aerovit-automatisches-russblassystem\/","name":"Aerovit Automatisches Ru\u00dfblassystem - Aerovit A\/S","isPartOf":{"@id":"https:\/\/www.aerovit.dk\/#website"},"datePublished":"2021-01-05T13:13:40+00:00","dateModified":"2025-05-05T13:28:23+00:00","description":"Die Aerovit Ru\u00dfbl\u00e4ser ist ein System f\u00fcr Kesseln mit PLC\/Timer-gesteuerten Sto\u00dfwellen reinzuhalten","inLanguage":"de-DE","potentialAction":[{"@type":"ReadAction","target":["https:\/\/www.aerovit.dk\/de\/loesungen\/aerovit-automatisches-russblassystem\/"]}]},{"@type":"WebSite","@id":"https:\/\/www.aerovit.dk\/#website","url":"https:\/\/www.aerovit.dk\/","name":"Aerovit A\/S","description":"We specialize in keeping boilers clean \u2013 Efficiently and reliably","publisher":{"@id":"https:\/\/www.aerovit.dk\/#organization"},"potentialAction":[{"@type":"SearchAction","target":{"@type":"EntryPoint","urlTemplate":"https:\/\/www.aerovit.dk\/?s={search_term_string}"},"query-input":"required name=search_term_string"}],"inLanguage":"de-DE"},{"@type":"Organization","@id":"https:\/\/www.aerovit.dk\/#organization","name":"Aerovit A\/S","url":"https:\/\/www.aerovit.dk\/","logo":{"@type":"ImageObject","inLanguage":"de-DE","@id":"https:\/\/www.aerovit.dk\/#\/schema\/logo\/image\/","url":"https:\/\/www.aerovit.dk\/wp-content\/uploads\/sites\/112\/2022\/12\/Home-Logo.svg","contentUrl":"https:\/\/www.aerovit.dk\/wp-content\/uploads\/sites\/112\/2022\/12\/Home-Logo.svg","width":1923,"height":289,"caption":"Aerovit A\/S"},"image":{"@id":"https:\/\/www.aerovit.dk\/#\/schema\/logo\/image\/"},"sameAs":["https:\/\/www.linkedin.com\/company\/1889435\/"]}]}},"_links":{"self":[{"href":"https:\/\/www.aerovit.dk\/de\/wp-json\/wp\/v2\/pages\/2164"}],"collection":[{"href":"https:\/\/www.aerovit.dk\/de\/wp-json\/wp\/v2\/pages"}],"about":[{"href":"https:\/\/www.aerovit.dk\/de\/wp-json\/wp\/v2\/types\/page"}],"author":[{"embeddable":true,"href":"https:\/\/www.aerovit.dk\/de\/wp-json\/wp\/v2\/users\/1"}],"replies":[{"embeddable":true,"href":"https:\/\/www.aerovit.dk\/de\/wp-json\/wp\/v2\/comments?post=2164"}],"version-history":[{"count":23,"href":"https:\/\/www.aerovit.dk\/de\/wp-json\/wp\/v2\/pages\/2164\/revisions"}],"predecessor-version":[{"id":11460,"href":"https:\/\/www.aerovit.dk\/de\/wp-json\/wp\/v2\/pages\/2164\/revisions\/11460"}],"wp:attachment":[{"href":"https:\/\/www.aerovit.dk\/de\/wp-json\/wp\/v2\/media?parent=2164"}],"wp:term":[{"taxonomy":"segment","embeddable":true,"href":"https:\/\/www.aerovit.dk\/de\/wp-json\/wp\/v2\/segment?post=2164"}],"curies":[{"name":"wp","href":"https:\/\/api.w.org\/{rel}","templated":true}]}}