{"id":2166,"date":"2021-01-05T14:13:56","date_gmt":"2021-01-05T13:13:56","guid":{"rendered":"https:\/\/www.aerovit.dk\/?page_id=2166"},"modified":"2024-11-14T12:17:50","modified_gmt":"2024-11-14T11:17:50","slug":"aerovit-type-r-rotierend","status":"publish","type":"page","link":"https:\/\/www.aerovit.dk\/de\/loesungen\/aerovit-type-r-rotierend\/","title":{"rendered":"Aerovit Type R \u2013 Rotierend"},"content":{"rendered":"<div class=\"block-cta-advanced relative bg-cover bg-center bg-no-repeat pt-6 md:pt-6 lg:pt-6 pb-6 md:pb-6 lg:pb-6    theme-dark schema-bg-color-dark_blue lazy-bg\"\n     id=\"block_67233ba8b6728\"\n\n     style=\"background-image: url('data:image\/gif;base64,R0lGODlhAQABAIAAAP\/\/\/\/\/\/\/yH5BAEKAAEALAAAAAABAAEAAAICTAEAOw==')\"\n     data-src=\"https:\/\/www.aerovit.dk\/wp-content\/uploads\/sites\/112\/2020\/12\/IMG_6086.jpg\"\n\n    data-design-type=\"type_4\"\n    >\n\n    \n\n    <div class=\"absolute inset-0 z-10\"\n         style=\"background-color: #3c4858; opacity: 0.70\"><\/div>\n\n    \n    \n        \n\n<div class=\"container relative z-10\">\n    <div class=\"pb-16 pt-20 md:pt-32 lg:py-32 relative\">\n        <div class=\"relative   mx-auto text-center \">\n\n            \n            <div class=\"relative z-10 \">\n                <header class=\"mb-3\">\n                                        <h1 class=\"\">\n                        Aerovit Type R &#8211; Rotierend                    <\/h1>\n                <\/header>\n                <div class=\"wysiwyg-content  text-xl max-w-lg xl:max-w-xl mx-auto\">\n                                    <\/div>\n\n                            <\/div>\n        <\/div>\n    <\/div>\n\n    <\/div>\n    <\/div>\n\n\n<div class=\"block-media-text-carousel pt-6 md:pt-12 lg:pt-12 pb-16 md:pb-16 lg:pb-24 theme-light schema-bg-color-light_gray\"\n     id=\"block_6735dc5d4ed73\">\n    <div class=\"container relative\">\n                \n            <div>\n\n\n                <div x-data=\"xDataTabbedCarousel_6b44b007cf30efd3a04cfa6076485515()\">\n\n                    <div class=\"block md:hidden\">\n\n                        <div class=\"\">\n\n\n                                                        <div class=\"\" >\n\n                                \n                                <div  class=\"carousel-tab overflow-hidden px-3\">\n\n                                    <div class=\"mb-6\">\n\n                                        \n    <div class=\"overflow-hidden  \">\n        <img src=\"https:\/\/www.aerovit.dk\/wp-content\/uploads\/sites\/112\/2020\/12\/20190212_094144-Kopi.jpg\" alt=\"\" class=\"inline-block max-w-full max-h-full\" loading=\"lazy\">\n    <\/div>\n\n\n                                    <\/div>\n\n                                    <header class=\" mb-6\">\n                                        <div class=\"pre-heading\">\n                                                                                    <\/div>\n                                        <h4 class=\"p-0 m-0\">\n                                             \u00dcber Aerovit Typ R                                        <\/h4>\n                                    <\/header>\n\n                                    <div class=\"text-sm wysiwyg-content mb-6\">\n                                        <p>In Anbetracht des beschr\u00e4nkten Platzangebots bei einigen Anlagen und der M\u00f6glichkeit, Ausr\u00fcstungen f\u00fcr Wasserrohrkessel zu liefern, haben wir einen rotierenden Ru\u00dfbl\u00e4ser, den Aerovit Type R, entwickelt. Das System wird zwischen zwei Rohrabschnitten installiert.<\/p>\n<p class=\"style4 style5\">Der Vorteil von diesem System besteht darin, dass es weniger Platz im Umfeld ben\u00f6tigt. Dar\u00fcber hinaus kann es automatisch 360\u00b0 rotieren, w\u00e4hrend es schie\u00dft, und damit den Kessel gr\u00fcndlich reinigen.<\/p>\n                                    <\/div>\n\n                                    \n                                    \n                                <\/div>\n                            <\/div>\n                            \n                        <\/div>\n                    <\/div>\n\n\n                    <div class=\"hidden md:block\">\n                        \n                        <div>\n                            \n                                <div class=\"carousel-slide\" x-show=\"currentSlideIndex === 0\">\n                                    <div class=\"lg:flex \">\n                                        <div class=\"md:mb-6 lg:mb-0 lg:w-2\/3 lg:pr-24\">\n                                            \n    <div class=\"overflow-hidden  \">\n        <img src=\"https:\/\/www.aerovit.dk\/wp-content\/uploads\/sites\/112\/2020\/12\/20190212_094144-Kopi.jpg\" alt=\"\" class=\"inline-block max-w-full max-h-full\" loading=\"lazy\">\n    <\/div>\n\n                                        <\/div>\n                                        <div class=\"lg:w-1\/3 \">\n                                            <header class=\"lg:pr-3 mb-6\">\n                                                <div class=\"pre-heading\">\n                                                                                                    <\/div>\n                                                <h3 class=\"p-0 m-0\">\n                                                     \u00dcber Aerovit Typ R                                                <\/h3>\n                                            <\/header>\n                                            <div class=\"text-sm mb-6 wysiwyg-content\">\n                                                <p>In Anbetracht des beschr\u00e4nkten Platzangebots bei einigen Anlagen und der M\u00f6glichkeit, Ausr\u00fcstungen f\u00fcr Wasserrohrkessel zu liefern, haben wir einen rotierenden Ru\u00dfbl\u00e4ser, den Aerovit Type R, entwickelt. Das System wird zwischen zwei Rohrabschnitten installiert.<\/p>\n<p class=\"style4 style5\">Der Vorteil von diesem System besteht darin, dass es weniger Platz im Umfeld ben\u00f6tigt. Dar\u00fcber hinaus kann es automatisch 360\u00b0 rotieren, w\u00e4hrend es schie\u00dft, und damit den Kessel gr\u00fcndlich reinigen.<\/p>\n                                            <\/div>\n                                            \n                                                                                    <\/div>\n\n                                    <\/div>\n                                <\/div>\n                                                    <\/div>\n\n                    <\/div>\n                <\/div>\n\n                <script>\n                    function xDataTabbedCarousel_6b44b007cf30efd3a04cfa6076485515() {\n                        return {\n                            slidesCount: 1,\n                            currentSlideIndex: 0,\n                            selectorIsOpen: false,\n                            openTabs: [0],\n                            setSlide: function (slideIndex) {\n                                var vm = this;\n                                vm.currentSlideIndex = slideIndex;\n                                var elements = document.querySelectorAll('.carousel-slide');\n                                elements.forEach(function (element, index) {\n                                    vm.stopVideo(element);\n                                });\n\n\n                            },\n                            previousSlide: function () {\n                                var vm = this;\n                                var previousSlide = (vm.currentSlideIndex === 0) ? (vm.slidesCount - 1) : (vm.currentSlideIndex - 1);\n\n                                vm.currentSlideIndex = previousSlide;\n                            },\n                            nextSlide: function () {\n                                var vm = this;\n                                var nextSlide = (vm.currentSlideIndex === (vm.slidesCount - 1)) ? 0 : (vm.currentSlideIndex + 1);\n\n                                vm.currentSlideIndex = nextSlide;\n                            },\n                            stopVideo: function (element) {\n                                var iframe = element.querySelector('iframe');\n                                var video = element.querySelector('video');\n                                if (iframe) {\n                                    var iframeSrc = iframe.src;\n                                    iframe.src = iframeSrc;\n                                }\n                                if (video) {\n                                    video.pause();\n                                }\n                            },\n                            toggleOpenTabs: function (index) {\n                                var vm = this;\n\n                                var tabs = vm.openTabs;\n                                if (vm.openTabs.indexOf(index) > -1 ) {\n                                    vm.openTabs.splice( vm.openTabs.indexOf(index), 1 );\n                                }else{\n                                    vm.openTabs.push(index); \/\/ ...tabs,\n                                }\n\n                            },\n                            isInOpenTabs :function(index){\n                                var vm = this;\n                                return vm.openTabs.includes(index);\n                            }\n                        }\n                    }\n\n                <\/script>\n\n\n            <\/div>\n\n\n            <\/div>\n<\/div>\n\n<div class=\"cta-simple pt-6 md:pt-12 lg:pt-12 pb-6 md:pb-12 lg:pb-12 theme-dark schema-bg-color-orange\"\n     id=\"block_6735dc5d524d2\">\n    <div class=\"container relative\">\n        <div class=\"md:flex\">\n            <div class=\"md:w-2\/3 mb-8 md:mb-0 md:flex\">\n                <div class=\"mb-8 md:mb-0 md:mr-6\">\n                    <div class=\"rounded-full h-20 w-20 overflow-hidden mx-auto\">\n                        <img alt=\"\" src=\"https:\/\/www.aerovit.dk\/wp-content\/uploads\/sites\/112\/2020\/11\/manual.svg\" class=\"h-full\">\n                    <\/div>\n                <\/div>\n                <div class=\"text-center md:text-left\">\n                    <header class=\"mb-6 md:mb-3\">\n                                                    <div class=\"pre-heading\">\n                                PDF herunterladen                            <\/div>\n                                                <h4 class=\"font-bold p-0 m-0\"> Holen Sie sich unser Produktblatt<\/h4>\n                    <\/header>\n                    <div>\n                        <p>Informationen zu Aerovit Type R k\u00f6nnen Sie hier herunterladen oder weiter unten weiterlesen<\/p>\n                    <\/div>\n                <\/div>\n            <\/div>\n\n                                    <div class=\"md:w-1\/3 flex justify-center md:items-center md:justify-end\">\n                            <div x-data=\"{ 'showModal': false }\">\n\n\n        <div>\n            \n                <a href=\"https:\/\/www.aerovit.dk\/wp-content\/uploads\/sites\/112\/2020\/11\/rotator.pdf\"\n                   target=\"_blank\"\n                   class=\"btn  btn-ghost-white  \">\n                    <div class=\" ml-6\">\n                         PDF herunterladen                    <\/div>\n                                            <div class=\"float-right ml-3 mr-3\">\n                            <i class=\"far fa-long-arrow-alt-right\"><\/i>\n                        <\/div>\n                                    <\/a>\n\n            \n\n        <\/div>\n\n\n            <\/div>\n\n                    <\/div>\n                \n        <\/div>\n    <\/div>\n<\/div>\n\n\n<div class=\"block-text-columns pt-16 md:pt-16 lg:pt-24 pb-16 md:pb-16 lg:pb-24 theme- schema-bg-color-default\"\n     id=\"block_6735dc5d5808a\">\n\n    <div class=\"container\">\n\n\n\n        \n            <div class=\"md:flex md:flex-wrap lg:-mx-4\">\n\n                \n\n                \n                <div class=\"md:px-4 md:w-1\/2 mb-12 md:mb-0\">\n                    \n                    \n                                            <header class=\"lg:max-w-md\">\n                            <h3>Anwendung:<\/h3>\n                        <\/header>\n                    \n                                            <div class=\"wysiwyg-content\">\n                            <p>Die rotierende Einheit sollte parallel zu den Rohren des Kessels platziert werden. Die Temperatur des Rauchgases sollte auf einem konstant niedrigen Niveau gehalten werden. Steigt die Temperatur des Rauchgases, sollte die Dauer des Reinigungszyklus reduziert werden, bis die Temperatur auf einem niedrigen Niveau gehalten wird.<\/p>\n<p>Die Asche- und Ru\u00dfablagerungen in der Kesselkonstruktion sollten trocken und entfernbar sein. Wenn sie zum Kleben oder Schmelzen neigen, kann die Reinigungswirkung nachlassen.<\/p>\n<p>Das Rauchgas sollte keine f\u00fcr Standardstahllegierungen gef\u00e4hrlichen Partikel und Gase enthalten. Sollte es zu einer Kondensation korrodierender Gase kommen, wird die rotierende Rohreinheit irgendwann zerst\u00f6rt und muss ersetzt werden.<\/p>\n<p>Die maximale L\u00e4nge der rotierenden Rohreinheit betr\u00e4gt 2,5 m. Es wird empfohlen, dass der Abstand zwischen den Rohrb\u00e4nken mindestens 600 mm betr\u00e4gt. Zum Anflanschen des Typ R an den W\u00e4rmetauscher wird ein 290mm gro\u00dfes Einlassloch ben\u00f6tigt.<\/p>\n                        <\/div>\n                    \n                    <div class=\"lg:flex md:-mx-4 mt-12\">\n\n\n                        \n                                            <\/div>\n\n                <\/div>\n\n                \n\n                \n                <div class=\"md:px-4 md:w-1\/2 mb-12 md:mb-0\">\n                    \n                    \n                                            <header class=\"lg:max-w-md\">\n                            <h3>Eigenschaften:<\/h3>\n                        <\/header>\n                    \n                                            <div class=\"wysiwyg-content\">\n                            <p>Jede Einheit verf\u00fcgt \u00fcber 4 Aerovit-Ventileinheiten mit integrierten patentierten Funktionen \u2013 verbunden mit einem 150-Liter-Druckluftbeh\u00e4lter. Eine elektrische SPS steuert die Reinigungszyklen und die Aktivierung der Ventile. Die SPS kann bis zu 6 rotierende Einheiten steuern.<\/p>\n<p>1 Reinigungszyklus = 120 Min. = 10,8 Nm3 Druckluft. Betriebsdruck &gt; 8-9 bar. Betriebstemperatur innerhalb der Kesselkonstruktion (Rauchgas): &lt; 700\u00b0C*<\/p>\n<p><img loading=\"lazy\" class=\"\" src=\"https:\/\/www.aerovit.dk\/wp-content\/uploads\/sites\/112\/2020\/11\/illustrationer.png\" width=\"382\" height=\"175\" \/><\/p>\n                        <\/div>\n                    \n                    <div class=\"lg:flex md:-mx-4 mt-12\">\n\n\n                        \n                                            <\/div>\n\n                <\/div>\n\n                            <\/div>\n\n            <\/div>\n<\/div>\n\n\n<div class=\"case-study relative pt-16 md:pt-16 lg:pt-24 pb-16 md:pb-32 lg:pb-32\"\n     id=\"block_6735dc5d5b84d\">\n    <div class=\"absolute inset-0 flex flex-col\">\n        <div style=\"background-color: #3c4858;\" class=\"h-1\/2\"><\/div>\n        <div style=\"background-color: #3c4858;\" class=\"h-1\/2\"><\/div>\n    <\/div>\n    <div class=\"container relative\">\n\n        <div class=\"shadow-lg rounded bg-white theme-light max-w-md mx-auto lg:max-w-none lg:mx-0 lg:flex\">\n            <div class=\"lg:w-1\/2 \">\n                <div class=\"flex overflow-hidden items-center justify-end h-64 lg:h-full rounded-t lg:rounded-t-none lg:rounded-l \">\n                    <div class=\"w-full h-full bg-cover bg-center bg-no-repeat lazy-bg\"\n                         style=\"background-image: url('data:image\/gif;base64,R0lGODlhAQABAIAAAP\/\/\/\/\/\/\/yH5BAEKAAEALAAAAAABAAEAAAICTAEAOw==')\" data-src=\"https:\/\/www.aerovit.dk\/wp-content\/uploads\/sites\/112\/2020\/12\/IMG_6086-768x1024.jpg\"><\/div>\n                <\/div>\n            <\/div>\n            <div class=\"lg:w-1\/2\">\n                <div class=\"p-6 lg:p-12\">\n\n\n                    \n<header class=\"mb-6 md:mb-12  \">\n    \n            <h3>Lieferumfang:<\/h3>    \n            <div class=\"mt-6\">\n            <div class=\"wysiwyg-content \">\n                <ul>\n<li>1 St\u00fcck Dreheinheit mit Elektromotor \u2013 inklusive 4 Aerovit Ventilen 1\u00bd&#8220;<\/li>\n<li>1 St\u00fcck Drehrohreinheit mit 4 Rohren \u00d8 60 mm \u2013 austauschbare Blasrohre<\/li>\n<li>1 St\u00fcck Druckluftbeh\u00e4lter 150 Liter \u2013 mit Manometer und Sicherheitsventil<\/li>\n<li>1 St\u00fcck Lufteinlass &#8211; mit Filter\/Regler, 3-Wege-Ventil und R\u00fcckschlagventil<\/li>\n<li>1 St\u00fcck elektrische Steuerung mit SPS<\/li>\n<li>1 Satz Verkabelung zwischen Steuerung und Dreheinheit<\/li>\n<\/ul>\n            <\/div>\n        <\/div>\n    <\/header>\n\n\n                    \n\n                    <div>\n                                            <\/div>\n\n                <\/div>\n            <\/div>\n        <\/div>\n    <\/div>\n<\/div>\n\n","protected":false},"excerpt":{"rendered":"","protected":false},"author":1,"featured_media":0,"parent":2160,"menu_order":0,"comment_status":"closed","ping_status":"closed","template":"","meta":[],"segment":[],"acf":[],"yoast_head":"<!-- This site is optimized with the Yoast SEO plugin v19.14 - https:\/\/yoast.com\/wordpress\/plugins\/seo\/ -->\n<title>Aerovit Type R \u2013 Rotierend - Aerovit A\/S<\/title>\n<meta name=\"robots\" content=\"index, follow, max-snippet:-1, max-image-preview:large, max-video-preview:-1\" \/>\n<link rel=\"canonical\" href=\"https:\/\/www.aerovit.dk\/de\/loesungen\/aerovit-type-r-rotierend\/\" \/>\n<meta property=\"og:locale\" content=\"de_DE\" \/>\n<meta property=\"og:type\" content=\"article\" \/>\n<meta property=\"og:title\" content=\"Aerovit Type R \u2013 Rotierend - Aerovit A\/S\" \/>\n<meta property=\"og:url\" content=\"https:\/\/www.aerovit.dk\/de\/loesungen\/aerovit-type-r-rotierend\/\" \/>\n<meta property=\"og:site_name\" content=\"Aerovit A\/S\" \/>\n<meta property=\"article:modified_time\" content=\"2024-11-14T11:17:50+00:00\" \/>\n<meta name=\"twitter:card\" content=\"summary_large_image\" \/>\n<script type=\"application\/ld+json\" class=\"yoast-schema-graph\">{\"@context\":\"https:\/\/schema.org\",\"@graph\":[{\"@type\":\"WebPage\",\"@id\":\"https:\/\/www.aerovit.dk\/de\/loesungen\/aerovit-type-r-rotierend\/\",\"url\":\"https:\/\/www.aerovit.dk\/de\/loesungen\/aerovit-type-r-rotierend\/\",\"name\":\"Aerovit Type R \u2013 Rotierend - Aerovit A\/S\",\"isPartOf\":{\"@id\":\"https:\/\/www.aerovit.dk\/#website\"},\"datePublished\":\"2021-01-05T13:13:56+00:00\",\"dateModified\":\"2024-11-14T11:17:50+00:00\",\"inLanguage\":\"de-DE\",\"potentialAction\":[{\"@type\":\"ReadAction\",\"target\":[\"https:\/\/www.aerovit.dk\/de\/loesungen\/aerovit-type-r-rotierend\/\"]}]},{\"@type\":\"WebSite\",\"@id\":\"https:\/\/www.aerovit.dk\/#website\",\"url\":\"https:\/\/www.aerovit.dk\/\",\"name\":\"Aerovit A\/S\",\"description\":\"We specialize in keeping boilers clean \u2013 Efficiently and reliably\",\"publisher\":{\"@id\":\"https:\/\/www.aerovit.dk\/#organization\"},\"potentialAction\":[{\"@type\":\"SearchAction\",\"target\":{\"@type\":\"EntryPoint\",\"urlTemplate\":\"https:\/\/www.aerovit.dk\/?s={search_term_string}\"},\"query-input\":\"required name=search_term_string\"}],\"inLanguage\":\"de-DE\"},{\"@type\":\"Organization\",\"@id\":\"https:\/\/www.aerovit.dk\/#organization\",\"name\":\"Aerovit A\/S\",\"url\":\"https:\/\/www.aerovit.dk\/\",\"logo\":{\"@type\":\"ImageObject\",\"inLanguage\":\"de-DE\",\"@id\":\"https:\/\/www.aerovit.dk\/#\/schema\/logo\/image\/\",\"url\":\"https:\/\/www.aerovit.dk\/wp-content\/uploads\/sites\/112\/2022\/12\/Home-Logo.svg\",\"contentUrl\":\"https:\/\/www.aerovit.dk\/wp-content\/uploads\/sites\/112\/2022\/12\/Home-Logo.svg\",\"width\":1923,\"height\":289,\"caption\":\"Aerovit A\/S\"},\"image\":{\"@id\":\"https:\/\/www.aerovit.dk\/#\/schema\/logo\/image\/\"},\"sameAs\":[\"https:\/\/www.linkedin.com\/company\/1889435\/\"]}]}<\/script>\n<!-- \/ Yoast SEO plugin. -->","yoast_head_json":{"title":"Aerovit Type R \u2013 Rotierend - Aerovit A\/S","robots":{"index":"index","follow":"follow","max-snippet":"max-snippet:-1","max-image-preview":"max-image-preview:large","max-video-preview":"max-video-preview:-1"},"canonical":"https:\/\/www.aerovit.dk\/de\/loesungen\/aerovit-type-r-rotierend\/","og_locale":"de_DE","og_type":"article","og_title":"Aerovit Type R \u2013 Rotierend - Aerovit A\/S","og_url":"https:\/\/www.aerovit.dk\/de\/loesungen\/aerovit-type-r-rotierend\/","og_site_name":"Aerovit A\/S","article_modified_time":"2024-11-14T11:17:50+00:00","twitter_card":"summary_large_image","schema":{"@context":"https:\/\/schema.org","@graph":[{"@type":"WebPage","@id":"https:\/\/www.aerovit.dk\/de\/loesungen\/aerovit-type-r-rotierend\/","url":"https:\/\/www.aerovit.dk\/de\/loesungen\/aerovit-type-r-rotierend\/","name":"Aerovit Type R \u2013 Rotierend - Aerovit A\/S","isPartOf":{"@id":"https:\/\/www.aerovit.dk\/#website"},"datePublished":"2021-01-05T13:13:56+00:00","dateModified":"2024-11-14T11:17:50+00:00","inLanguage":"de-DE","potentialAction":[{"@type":"ReadAction","target":["https:\/\/www.aerovit.dk\/de\/loesungen\/aerovit-type-r-rotierend\/"]}]},{"@type":"WebSite","@id":"https:\/\/www.aerovit.dk\/#website","url":"https:\/\/www.aerovit.dk\/","name":"Aerovit A\/S","description":"We specialize in keeping boilers clean \u2013 Efficiently and reliably","publisher":{"@id":"https:\/\/www.aerovit.dk\/#organization"},"potentialAction":[{"@type":"SearchAction","target":{"@type":"EntryPoint","urlTemplate":"https:\/\/www.aerovit.dk\/?s={search_term_string}"},"query-input":"required name=search_term_string"}],"inLanguage":"de-DE"},{"@type":"Organization","@id":"https:\/\/www.aerovit.dk\/#organization","name":"Aerovit A\/S","url":"https:\/\/www.aerovit.dk\/","logo":{"@type":"ImageObject","inLanguage":"de-DE","@id":"https:\/\/www.aerovit.dk\/#\/schema\/logo\/image\/","url":"https:\/\/www.aerovit.dk\/wp-content\/uploads\/sites\/112\/2022\/12\/Home-Logo.svg","contentUrl":"https:\/\/www.aerovit.dk\/wp-content\/uploads\/sites\/112\/2022\/12\/Home-Logo.svg","width":1923,"height":289,"caption":"Aerovit A\/S"},"image":{"@id":"https:\/\/www.aerovit.dk\/#\/schema\/logo\/image\/"},"sameAs":["https:\/\/www.linkedin.com\/company\/1889435\/"]}]}},"_links":{"self":[{"href":"https:\/\/www.aerovit.dk\/de\/wp-json\/wp\/v2\/pages\/2166"}],"collection":[{"href":"https:\/\/www.aerovit.dk\/de\/wp-json\/wp\/v2\/pages"}],"about":[{"href":"https:\/\/www.aerovit.dk\/de\/wp-json\/wp\/v2\/types\/page"}],"author":[{"embeddable":true,"href":"https:\/\/www.aerovit.dk\/de\/wp-json\/wp\/v2\/users\/1"}],"replies":[{"embeddable":true,"href":"https:\/\/www.aerovit.dk\/de\/wp-json\/wp\/v2\/comments?post=2166"}],"version-history":[{"count":20,"href":"https:\/\/www.aerovit.dk\/de\/wp-json\/wp\/v2\/pages\/2166\/revisions"}],"predecessor-version":[{"id":9409,"href":"https:\/\/www.aerovit.dk\/de\/wp-json\/wp\/v2\/pages\/2166\/revisions\/9409"}],"up":[{"embeddable":true,"href":"https:\/\/www.aerovit.dk\/de\/wp-json\/wp\/v2\/pages\/2160"}],"wp:attachment":[{"href":"https:\/\/www.aerovit.dk\/de\/wp-json\/wp\/v2\/media?parent=2166"}],"wp:term":[{"taxonomy":"segment","embeddable":true,"href":"https:\/\/www.aerovit.dk\/de\/wp-json\/wp\/v2\/segment?post=2166"}],"curies":[{"name":"wp","href":"https:\/\/api.w.org\/{rel}","templated":true}]}}