{"id":2004,"date":"2021-01-05T09:29:38","date_gmt":"2021-01-05T08:29:38","guid":{"rendered":"https:\/\/www.aerovit.dk\/?page_id=2004"},"modified":"2024-11-14T11:28:31","modified_gmt":"2024-11-14T10:28:31","slug":"aerovit-type-r-rotating-system","status":"publish","type":"page","link":"https:\/\/www.aerovit.dk\/fr\/solutions\/aerovit-type-r-rotating-system\/","title":{"rendered":"Aerovit Type R &#8211; rotating system"},"content":{"rendered":"<div class=\"block-cta-advanced relative bg-cover bg-center bg-no-repeat pt-6 md:pt-6 lg:pt-6 pb-6 md:pb-6 lg:pb-6    theme-dark schema-bg-color-dark_blue lazy-bg\"\n     id=\"block_67233814ceeb5\"\n\n     style=\"background-image: url('data:image\/gif;base64,R0lGODlhAQABAIAAAP\/\/\/\/\/\/\/yH5BAEKAAEALAAAAAABAAEAAAICTAEAOw==')\"\n     data-src=\"https:\/\/www.aerovit.dk\/wp-content\/uploads\/sites\/112\/2020\/12\/IMG_6086.jpg\"\n\n    data-design-type=\"type_4\"\n    >\n\n    \n\n    <div class=\"absolute inset-0 z-10\"\n         style=\"background-color: #3c4858; opacity: 0.70\"><\/div>\n\n    \n    \n        \n\n<div class=\"container relative z-10\">\n    <div class=\"pb-16 pt-20 md:pt-32 lg:py-32 relative\">\n        <div class=\"relative   mx-auto text-center \">\n\n            \n            <div class=\"relative z-10 \">\n                <header class=\"mb-3\">\n                                        <h1 class=\"\">\n                        Aerovit Type R &#8211; Rotatif                    <\/h1>\n                <\/header>\n                <div class=\"wysiwyg-content  text-xl max-w-lg xl:max-w-xl mx-auto\">\n                                    <\/div>\n\n                            <\/div>\n        <\/div>\n    <\/div>\n\n    <\/div>\n    <\/div>\n\n\n<div class=\"block-media-text-carousel pt-6 md:pt-12 lg:pt-12 pb-16 md:pb-16 lg:pb-24 theme-light schema-bg-color-light_gray\"\n     id=\"block_6734aa213e7b4\">\n    <div class=\"container relative\">\n                \n            <div>\n\n\n                <div x-data=\"xDataTabbedCarousel_9ab08369bd6303fcc0615abee7c7ee4e()\">\n\n                    <div class=\"block md:hidden\">\n\n                        <div class=\"\">\n\n\n                                                        <div class=\"\" >\n\n                                \n                                <div  class=\"carousel-tab overflow-hidden px-3\">\n\n                                    <div class=\"mb-6\">\n\n                                        \n    <div class=\"overflow-hidden  \">\n        <img src=\"https:\/\/www.aerovit.dk\/wp-content\/uploads\/sites\/112\/2020\/12\/20190212_094144-Kopi.jpg\" alt=\"\" class=\"inline-block max-w-full max-h-full\" loading=\"lazy\">\n    <\/div>\n\n\n                                    <\/div>\n\n                                    <header class=\" mb-6\">\n                                        <div class=\"pre-heading\">\n                                                                                    <\/div>\n                                        <h4 class=\"p-0 m-0\">\n                                            \u00c0 propos du syst\u00e8me Aerovit Type R                                        <\/h4>\n                                    <\/header>\n\n                                    <div class=\"text-sm wysiwyg-content mb-6\">\n                                        <p>Compte tenu des contraintes d&rsquo;espace pr\u00e9sentes sur certaines installations et en vue de pouvoir \u00e9quiper les chaudi<span class=\"style9\">\u00e8<\/span>res \u00e0 tubes d&rsquo;eau, nous avons concu un souffleur de suie rotatif, Aerovit Type R. Le syst<span class=\"style9\">\u00e8<\/span>me s&rsquo;installe entre deux sections de tubes.<\/p>\n<p>L&rsquo;avantage de ce syst<span class=\"style9\">\u00e8<\/span>me est qu&rsquo;il occupe moins de place. De plus, il peut tourner automatiquement sur 360 degr\u00e9s pendant l&rsquo;impulsion, ce qui permet de bien nettoyer la chaudi<span class=\"style9\">\u00e8<\/span>re<\/p>\n                                    <\/div>\n\n                                    \n                                    \n                                <\/div>\n                            <\/div>\n                            \n                        <\/div>\n                    <\/div>\n\n\n                    <div class=\"hidden md:block\">\n                        \n                        <div>\n                            \n                                <div class=\"carousel-slide\" x-show=\"currentSlideIndex === 0\">\n                                    <div class=\"lg:flex \">\n                                        <div class=\"md:mb-6 lg:mb-0 lg:w-2\/3 lg:pr-24\">\n                                            \n    <div class=\"overflow-hidden  \">\n        <img src=\"https:\/\/www.aerovit.dk\/wp-content\/uploads\/sites\/112\/2020\/12\/20190212_094144-Kopi.jpg\" alt=\"\" class=\"inline-block max-w-full max-h-full\" loading=\"lazy\">\n    <\/div>\n\n                                        <\/div>\n                                        <div class=\"lg:w-1\/3 \">\n                                            <header class=\"lg:pr-3 mb-6\">\n                                                <div class=\"pre-heading\">\n                                                                                                    <\/div>\n                                                <h3 class=\"p-0 m-0\">\n                                                    \u00c0 propos du syst\u00e8me Aerovit Type R                                                <\/h3>\n                                            <\/header>\n                                            <div class=\"text-sm mb-6 wysiwyg-content\">\n                                                <p>Compte tenu des contraintes d&rsquo;espace pr\u00e9sentes sur certaines installations et en vue de pouvoir \u00e9quiper les chaudi<span class=\"style9\">\u00e8<\/span>res \u00e0 tubes d&rsquo;eau, nous avons concu un souffleur de suie rotatif, Aerovit Type R. Le syst<span class=\"style9\">\u00e8<\/span>me s&rsquo;installe entre deux sections de tubes.<\/p>\n<p>L&rsquo;avantage de ce syst<span class=\"style9\">\u00e8<\/span>me est qu&rsquo;il occupe moins de place. De plus, il peut tourner automatiquement sur 360 degr\u00e9s pendant l&rsquo;impulsion, ce qui permet de bien nettoyer la chaudi<span class=\"style9\">\u00e8<\/span>re<\/p>\n                                            <\/div>\n                                            \n                                                                                    <\/div>\n\n                                    <\/div>\n                                <\/div>\n                                                    <\/div>\n\n                    <\/div>\n                <\/div>\n\n                <script>\n                    function xDataTabbedCarousel_9ab08369bd6303fcc0615abee7c7ee4e() {\n                        return {\n                            slidesCount: 1,\n                            currentSlideIndex: 0,\n                            selectorIsOpen: false,\n                            openTabs: [0],\n                            setSlide: function (slideIndex) {\n                                var vm = this;\n                                vm.currentSlideIndex = slideIndex;\n                                var elements = document.querySelectorAll('.carousel-slide');\n                                elements.forEach(function (element, index) {\n                                    vm.stopVideo(element);\n                                });\n\n\n                            },\n                            previousSlide: function () {\n                                var vm = this;\n                                var previousSlide = (vm.currentSlideIndex === 0) ? (vm.slidesCount - 1) : (vm.currentSlideIndex - 1);\n\n                                vm.currentSlideIndex = previousSlide;\n                            },\n                            nextSlide: function () {\n                                var vm = this;\n                                var nextSlide = (vm.currentSlideIndex === (vm.slidesCount - 1)) ? 0 : (vm.currentSlideIndex + 1);\n\n                                vm.currentSlideIndex = nextSlide;\n                            },\n                            stopVideo: function (element) {\n                                var iframe = element.querySelector('iframe');\n                                var video = element.querySelector('video');\n                                if (iframe) {\n                                    var iframeSrc = iframe.src;\n                                    iframe.src = iframeSrc;\n                                }\n                                if (video) {\n                                    video.pause();\n                                }\n                            },\n                            toggleOpenTabs: function (index) {\n                                var vm = this;\n\n                                var tabs = vm.openTabs;\n                                if (vm.openTabs.indexOf(index) > -1 ) {\n                                    vm.openTabs.splice( vm.openTabs.indexOf(index), 1 );\n                                }else{\n                                    vm.openTabs.push(index); \/\/ ...tabs,\n                                }\n\n                            },\n                            isInOpenTabs :function(index){\n                                var vm = this;\n                                return vm.openTabs.includes(index);\n                            }\n                        }\n                    }\n\n                <\/script>\n\n\n            <\/div>\n\n\n            <\/div>\n<\/div>\n\n<div class=\"cta-simple pt-6 md:pt-12 lg:pt-12 pb-6 md:pb-12 lg:pb-12 theme-dark schema-bg-color-orange\"\n     id=\"block_6734aa2142ee5\">\n    <div class=\"container relative\">\n        <div class=\"md:flex\">\n            <div class=\"md:w-2\/3 mb-8 md:mb-0 md:flex\">\n                <div class=\"mb-8 md:mb-0 md:mr-6\">\n                    <div class=\"rounded-full h-20 w-20 overflow-hidden mx-auto\">\n                        <img alt=\"\" src=\"https:\/\/www.aerovit.dk\/wp-content\/uploads\/sites\/112\/2020\/11\/manual.svg\" class=\"h-full\">\n                    <\/div>\n                <\/div>\n                <div class=\"text-center md:text-left\">\n                    <header class=\"mb-6 md:mb-3\">\n                                                    <div class=\"pre-heading\">\n                                MODES D\u2019EMPLOI                            <\/div>\n                                                <h4 class=\"font-bold p-0 m-0\">Pour de plus amples informations<\/h4>\n                    <\/header>\n                    <div>\n                        <p>Trouvez notre documentation pour les syst\u00e8mes Type R \u2013 Rotatif d\u2019Aerovit<\/p>\n                    <\/div>\n                <\/div>\n            <\/div>\n\n                                    <div class=\"md:w-1\/3 flex justify-center md:items-center md:justify-end\">\n                            <div x-data=\"{ 'showModal': false }\">\n\n\n        <div>\n            \n                <a href=\"https:\/\/www.aerovit.dk\/wp-content\/uploads\/sites\/112\/2020\/11\/rotator.pdf\"\n                   target=\"_blank\"\n                   class=\"btn  btn-ghost-white  \">\n                    <div class=\" ml-6\">\n                        Trouvez-les ici                    <\/div>\n                                            <div class=\"float-right ml-3 mr-3\">\n                            <i class=\"far fa-long-arrow-alt-right\"><\/i>\n                        <\/div>\n                                    <\/a>\n\n            \n\n        <\/div>\n\n\n            <\/div>\n\n                    <\/div>\n                \n        <\/div>\n    <\/div>\n<\/div>\n\n\n<div class=\"block-text-columns pt-16 md:pt-16 lg:pt-24 pb-16 md:pb-16 lg:pb-24 theme- schema-bg-color-default\"\n     id=\"block_6734aa214a247\">\n\n    <div class=\"container\">\n\n\n\n        \n            <div class=\"md:flex md:flex-wrap lg:-mx-4\">\n\n                \n\n                \n                <div class=\"md:px-4 md:w-1\/2 mb-12 md:mb-0\">\n                    \n                    \n                                            <header class=\"lg:max-w-md\">\n                            <h3>Application:<\/h3>\n                        <\/header>\n                    \n                                            <div class=\"wysiwyg-content\">\n                            <p>Le syst\u00e8me rotative doit \u00eatre place parall\u00e8lement aux tubes de la chaudi\u00e8re. La temperature des gaz doit constamment \u00eatre maintenue \u00e0 un niveau bas, le cas contraire entra\u00eenerait des cycles de nettoyage raccourcis jusqu\u2019\u00e0 ce qu\u2019une temperature adapt\u00e9e soit atteinte.<\/p>\n<p>La cendre et la suie \u00e0 nettoyer doivent \u00eatre s\u00e8ches et non-collantes. Les cas contraires ne garantirons pas un effet optimal de nettoyage.<\/p>\n<p>Le gaz de combustion ne doit pas pr\u00e9senter de particules ou de gaz qui soient aggressifs et corrosif pour l\u2019acier. La pr\u00e9sence de ces derniers pourrait n\u00e9cessiter le remplacement des lances.<\/p>\n<p>La longueur maximale des lances est de 2,5m. Une distance minimale de 600mm est recommand\u00e9e entre les bancs de tubes. Un orifice d\u2019entr\u00e9e de 290mm est n\u00e9cessaire pour le montage \u00e0 flange du syst\u00e8me Aerovit type R.<\/p>\n                        <\/div>\n                    \n                    <div class=\"lg:flex md:-mx-4 mt-12\">\n\n\n                        \n                                            <\/div>\n\n                <\/div>\n\n                \n\n                \n                <div class=\"md:px-4 md:w-1\/2 mb-12 md:mb-0\">\n                    \n                    \n                                            <header class=\"lg:max-w-md\">\n                            <h3>Caract\u00e9ristiques:<\/h3>\n                        <\/header>\n                    \n                                            <div class=\"wysiwyg-content\">\n                            <p>Chaque unit\u00e9 se compose de 4 vannes Aerovit A40 et d\u2019un r\u00e9servoir de 150 litres d\u2019air comprim\u00e9. Un automate \u00e9lectrique automatisera les cycles de nettoyage, l\u2019activation des vannes et pourra contr\u00f4ler jusqu\u2019\u00e0 6 unit\u00e9s rotatives.<\/p>\n<p>1 cycle de nettoyage = 120min. = 10,8Nm\u00b3 d\u2019air comprim\u00e9. Pression d\u2019op\u00e9ration &gt; 8-9 bar. Temp\u00e9rature d\u2019op\u00e9ration \u00e0 l\u2019int\u00e9rieur de la chaudi\u00e8re (gaz): &lt; 700\u00b0C<\/p>\n<p><img loading=\"lazy\" class=\"\" src=\"https:\/\/www.aerovit.dk\/wp-content\/uploads\/sites\/112\/2020\/11\/illustrationer.png\" width=\"382\" height=\"175\" \/><\/p>\n                        <\/div>\n                    \n                    <div class=\"lg:flex md:-mx-4 mt-12\">\n\n\n                        \n                                            <\/div>\n\n                <\/div>\n\n                            <\/div>\n\n            <\/div>\n<\/div>\n\n\n<div class=\"case-study relative pt-16 md:pt-16 lg:pt-24 pb-16 md:pb-32 lg:pb-32\"\n     id=\"block_6735d0ce4027d\">\n    <div class=\"absolute inset-0 flex flex-col\">\n        <div style=\"background-color: #3c4858;\" class=\"h-1\/2\"><\/div>\n        <div style=\"background-color: #3c4858;\" class=\"h-1\/2\"><\/div>\n    <\/div>\n    <div class=\"container relative\">\n\n        <div class=\"shadow-lg rounded bg-white theme-light max-w-md mx-auto lg:max-w-none lg:mx-0 lg:flex\">\n            <div class=\"lg:w-1\/2 \">\n                <div class=\"flex overflow-hidden items-center justify-end h-64 lg:h-full rounded-t lg:rounded-t-none lg:rounded-l \">\n                    <div class=\"w-full h-full bg-cover bg-center bg-no-repeat lazy-bg\"\n                         style=\"background-image: url('data:image\/gif;base64,R0lGODlhAQABAIAAAP\/\/\/\/\/\/\/yH5BAEKAAEALAAAAAABAAEAAAICTAEAOw==')\" data-src=\"https:\/\/www.aerovit.dk\/wp-content\/uploads\/sites\/112\/2020\/12\/IMG_6086-768x1024.jpg\"><\/div>\n                <\/div>\n            <\/div>\n            <div class=\"lg:w-1\/2\">\n                <div class=\"p-6 lg:p-12\">\n\n\n                    \n<header class=\"mb-6 md:mb-12  \">\n    \n            <h3>Inclus dans la livraison:<\/h3>    \n            <div class=\"mt-6\">\n            <div class=\"wysiwyg-content \">\n                <ul>\n<li>1 unit\u00e9 rotative \u00e9quip\u00e9e d\u2019un moteur \u00e9lectrique \u2013 incluant 4 vannes Aerovit A40 de 1\u00bd\u201d<\/li>\n<li>1 unit\u00e9 de 4 lances de 2\u201d \u2013 rempla\u00e7able<\/li>\n<li>1 r\u00e9servoir de 150 litres accumulateur d\u2019air\u2013 avec vanne de vidange<\/li>\n<li>1 unit\u00e9 de traitement d\u2019air \u2013 avec filtre\/r\u00e9gulateur, vanne de purge et vanne de s\u00e9curit\u00e9<\/li>\n<li>1 armoire \u00e9lectrique \u00e9quip\u00e9e d\u2019un API<\/li>\n<li>1 set de c\u00e2bles de communicaton<\/li>\n<\/ul>\n            <\/div>\n        <\/div>\n    <\/header>\n\n\n                    \n\n                    <div>\n                                            <\/div>\n\n                <\/div>\n            <\/div>\n        <\/div>\n    <\/div>\n<\/div>\n\n","protected":false},"excerpt":{"rendered":"","protected":false},"author":1,"featured_media":0,"parent":1997,"menu_order":0,"comment_status":"closed","ping_status":"closed","template":"","meta":[],"segment":[],"acf":[],"yoast_head":"<!-- This site is optimized with the Yoast SEO plugin v19.14 - https:\/\/yoast.com\/wordpress\/plugins\/seo\/ -->\n<title>Aerovit Type R - rotating system - Aerovit A\/S<\/title>\n<meta name=\"robots\" content=\"index, follow, max-snippet:-1, max-image-preview:large, max-video-preview:-1\" \/>\n<link rel=\"canonical\" href=\"https:\/\/www.aerovit.dk\/fr\/solutions\/aerovit-type-r-rotating-system\/\" \/>\n<meta property=\"og:locale\" content=\"fr_FR\" \/>\n<meta property=\"og:type\" content=\"article\" \/>\n<meta property=\"og:title\" content=\"Aerovit Type R - rotating system - Aerovit A\/S\" \/>\n<meta property=\"og:url\" content=\"https:\/\/www.aerovit.dk\/fr\/solutions\/aerovit-type-r-rotating-system\/\" \/>\n<meta property=\"og:site_name\" content=\"Aerovit A\/S\" \/>\n<meta property=\"article:modified_time\" content=\"2024-11-14T10:28:31+00:00\" \/>\n<meta name=\"twitter:card\" content=\"summary_large_image\" \/>\n<script type=\"application\/ld+json\" class=\"yoast-schema-graph\">{\"@context\":\"https:\/\/schema.org\",\"@graph\":[{\"@type\":\"WebPage\",\"@id\":\"https:\/\/www.aerovit.dk\/fr\/solutions\/aerovit-type-r-rotating-system\/\",\"url\":\"https:\/\/www.aerovit.dk\/fr\/solutions\/aerovit-type-r-rotating-system\/\",\"name\":\"Aerovit Type R - rotating system - Aerovit A\/S\",\"isPartOf\":{\"@id\":\"https:\/\/www.aerovit.dk\/#website\"},\"datePublished\":\"2021-01-05T08:29:38+00:00\",\"dateModified\":\"2024-11-14T10:28:31+00:00\",\"inLanguage\":\"fr-FR\",\"potentialAction\":[{\"@type\":\"ReadAction\",\"target\":[\"https:\/\/www.aerovit.dk\/fr\/solutions\/aerovit-type-r-rotating-system\/\"]}]},{\"@type\":\"WebSite\",\"@id\":\"https:\/\/www.aerovit.dk\/#website\",\"url\":\"https:\/\/www.aerovit.dk\/\",\"name\":\"Aerovit A\/S\",\"description\":\"We specialize in keeping boilers clean \u2013 Efficiently and reliably\",\"publisher\":{\"@id\":\"https:\/\/www.aerovit.dk\/#organization\"},\"potentialAction\":[{\"@type\":\"SearchAction\",\"target\":{\"@type\":\"EntryPoint\",\"urlTemplate\":\"https:\/\/www.aerovit.dk\/?s={search_term_string}\"},\"query-input\":\"required name=search_term_string\"}],\"inLanguage\":\"fr-FR\"},{\"@type\":\"Organization\",\"@id\":\"https:\/\/www.aerovit.dk\/#organization\",\"name\":\"Aerovit A\/S\",\"url\":\"https:\/\/www.aerovit.dk\/\",\"logo\":{\"@type\":\"ImageObject\",\"inLanguage\":\"fr-FR\",\"@id\":\"https:\/\/www.aerovit.dk\/#\/schema\/logo\/image\/\",\"url\":\"https:\/\/www.aerovit.dk\/wp-content\/uploads\/sites\/112\/2022\/12\/Home-Logo.svg\",\"contentUrl\":\"https:\/\/www.aerovit.dk\/wp-content\/uploads\/sites\/112\/2022\/12\/Home-Logo.svg\",\"width\":1923,\"height\":289,\"caption\":\"Aerovit A\/S\"},\"image\":{\"@id\":\"https:\/\/www.aerovit.dk\/#\/schema\/logo\/image\/\"},\"sameAs\":[\"https:\/\/www.linkedin.com\/company\/1889435\/\"]}]}<\/script>\n<!-- \/ Yoast SEO plugin. -->","yoast_head_json":{"title":"Aerovit Type R - rotating system - Aerovit A\/S","robots":{"index":"index","follow":"follow","max-snippet":"max-snippet:-1","max-image-preview":"max-image-preview:large","max-video-preview":"max-video-preview:-1"},"canonical":"https:\/\/www.aerovit.dk\/fr\/solutions\/aerovit-type-r-rotating-system\/","og_locale":"fr_FR","og_type":"article","og_title":"Aerovit Type R - rotating system - Aerovit A\/S","og_url":"https:\/\/www.aerovit.dk\/fr\/solutions\/aerovit-type-r-rotating-system\/","og_site_name":"Aerovit A\/S","article_modified_time":"2024-11-14T10:28:31+00:00","twitter_card":"summary_large_image","schema":{"@context":"https:\/\/schema.org","@graph":[{"@type":"WebPage","@id":"https:\/\/www.aerovit.dk\/fr\/solutions\/aerovit-type-r-rotating-system\/","url":"https:\/\/www.aerovit.dk\/fr\/solutions\/aerovit-type-r-rotating-system\/","name":"Aerovit Type R - rotating system - Aerovit A\/S","isPartOf":{"@id":"https:\/\/www.aerovit.dk\/#website"},"datePublished":"2021-01-05T08:29:38+00:00","dateModified":"2024-11-14T10:28:31+00:00","inLanguage":"fr-FR","potentialAction":[{"@type":"ReadAction","target":["https:\/\/www.aerovit.dk\/fr\/solutions\/aerovit-type-r-rotating-system\/"]}]},{"@type":"WebSite","@id":"https:\/\/www.aerovit.dk\/#website","url":"https:\/\/www.aerovit.dk\/","name":"Aerovit A\/S","description":"We specialize in keeping boilers clean \u2013 Efficiently and reliably","publisher":{"@id":"https:\/\/www.aerovit.dk\/#organization"},"potentialAction":[{"@type":"SearchAction","target":{"@type":"EntryPoint","urlTemplate":"https:\/\/www.aerovit.dk\/?s={search_term_string}"},"query-input":"required name=search_term_string"}],"inLanguage":"fr-FR"},{"@type":"Organization","@id":"https:\/\/www.aerovit.dk\/#organization","name":"Aerovit A\/S","url":"https:\/\/www.aerovit.dk\/","logo":{"@type":"ImageObject","inLanguage":"fr-FR","@id":"https:\/\/www.aerovit.dk\/#\/schema\/logo\/image\/","url":"https:\/\/www.aerovit.dk\/wp-content\/uploads\/sites\/112\/2022\/12\/Home-Logo.svg","contentUrl":"https:\/\/www.aerovit.dk\/wp-content\/uploads\/sites\/112\/2022\/12\/Home-Logo.svg","width":1923,"height":289,"caption":"Aerovit A\/S"},"image":{"@id":"https:\/\/www.aerovit.dk\/#\/schema\/logo\/image\/"},"sameAs":["https:\/\/www.linkedin.com\/company\/1889435\/"]}]}},"_links":{"self":[{"href":"https:\/\/www.aerovit.dk\/fr\/wp-json\/wp\/v2\/pages\/2004"}],"collection":[{"href":"https:\/\/www.aerovit.dk\/fr\/wp-json\/wp\/v2\/pages"}],"about":[{"href":"https:\/\/www.aerovit.dk\/fr\/wp-json\/wp\/v2\/types\/page"}],"author":[{"embeddable":true,"href":"https:\/\/www.aerovit.dk\/fr\/wp-json\/wp\/v2\/users\/1"}],"replies":[{"embeddable":true,"href":"https:\/\/www.aerovit.dk\/fr\/wp-json\/wp\/v2\/comments?post=2004"}],"version-history":[{"count":19,"href":"https:\/\/www.aerovit.dk\/fr\/wp-json\/wp\/v2\/pages\/2004\/revisions"}],"predecessor-version":[{"id":9397,"href":"https:\/\/www.aerovit.dk\/fr\/wp-json\/wp\/v2\/pages\/2004\/revisions\/9397"}],"up":[{"embeddable":true,"href":"https:\/\/www.aerovit.dk\/fr\/wp-json\/wp\/v2\/pages\/1997"}],"wp:attachment":[{"href":"https:\/\/www.aerovit.dk\/fr\/wp-json\/wp\/v2\/media?parent=2004"}],"wp:term":[{"taxonomy":"segment","embeddable":true,"href":"https:\/\/www.aerovit.dk\/fr\/wp-json\/wp\/v2\/segment?post=2004"}],"curies":[{"name":"wp","href":"https:\/\/api.w.org\/{rel}","templated":true}]}}