{"id":14598,"date":"2025-11-05T09:58:12","date_gmt":"2025-11-05T08:58:12","guid":{"rendered":"https:\/\/www.aerovit.dk\/?page_id=14598"},"modified":"2026-01-20T13:31:28","modified_gmt":"2026-01-20T12:31:28","slug":"zrownowazony-rozwoj","status":"publish","type":"page","link":"https:\/\/www.aerovit.dk\/pl\/o-nas\/zrownowazony-rozwoj\/","title":{"rendered":"Zr\u00f3wnowa\u017cony rozw\u00f3j"},"content":{"rendered":"<div class=\"block-cta-advanced relative bg-cover bg-center bg-no-repeat pt-6 md:pt-6 lg:pt-6 pb-6 md:pb-6 lg:pb-6    theme-dark schema-bg-color-dark_blue lazy-bg\"\n     id=\"block_69664d19242d8\"\n\n     style=\"background-image: url('data:image\/gif;base64,R0lGODlhAQABAIAAAP\/\/\/\/\/\/\/yH5BAEKAAEALAAAAAABAAEAAAICTAEAOw==')\"\n     data-src=\"https:\/\/www.aerovit.dk\/wp-content\/uploads\/sites\/112\/2025\/09\/Carbon-footprint-scaled.jpg\"\n\n    data-design-type=\"type_4\"\n    >\n\n    \n\n    <div class=\"absolute inset-0 z-10\"\n         style=\"background-color: #3c4858; opacity: 0.70\"><\/div>\n\n    \n    \n        \n\n<div class=\"container relative z-10\">\n    <div class=\"pb-16 pt-20 md:pt-32 lg:py-32 relative\">\n        <div class=\"relative   mx-auto text-center \">\n\n            \n            <div class=\"relative z-10 \">\n                <header class=\"mb-3\">\n                                        <h1 class=\"\">\n                        Zr\u00f3wnowa\u017cony rozw\u00f3j                    <\/h1>\n                <\/header>\n                <div class=\"wysiwyg-content  text-xl max-w-lg xl:max-w-xl mx-auto\">\n                                    <\/div>\n\n                            <\/div>\n        <\/div>\n    <\/div>\n\n    <\/div>\n    <\/div>\n\n\n<div class=\"block-media-text-carousel pt-6 md:pt-12 lg:pt-12 pb-6 md:pb-12 lg:pb-12 theme-light schema-bg-color-light_gray\"\n     id=\"block_69664d192fa7c\">\n    <div class=\"container relative\">\n                \n            <div>\n\n\n                <div x-data=\"xDataTabbedCarousel_82ededa8c5ec7ee8703dd0ff67955e76()\">\n\n                    <div class=\"block md:hidden\">\n\n                        <div class=\"\">\n\n\n                                                        <div class=\"\" >\n\n                                \n                                <div  class=\"carousel-tab overflow-hidden px-3\">\n\n                                    <div class=\"mb-6\">\n\n                                        \n    <div class=\"overflow-hidden  \">\n        <img src=\"https:\/\/www.aerovit.dk\/wp-content\/uploads\/sites\/112\/2025\/09\/Sustainable-development-goals-Climate-and-Energy.png\" alt=\"\" class=\"inline-block max-w-full max-h-full\" loading=\"lazy\">\n    <\/div>\n\n\n                                    <\/div>\n\n                                    <header class=\" mb-6\">\n                                        <div class=\"pre-heading\">\n                                                                                    <\/div>\n                                        <h4 class=\"p-0 m-0\">\n                                            Podej\u015bcie strategiczne                                        <\/h4>\n                                    <\/header>\n\n                                    <div class=\"text-sm wysiwyg-content mb-6\">\n                                        <p>W Aerovit podj\u0119li\u015bmy decyzj\u0119 o w\u0142\u0105czeniu Cel\u00f3w Zr\u00f3wnowa\u017conego Rozwoju ONZ do naszej pracy strategicznej. Dostosowuj\u0105c nasze dzia\u0142ania do Cel\u00f3w Globalnych ONZ, wspieramy bardziej zr\u00f3wnowa\u017cony sektor energetyczny i przyczyniamy si\u0119 do rozwi\u0105zywania kluczowych wyzwa\u0144 zwi\u0105zanych z eksploatacj\u0105 kot\u0142\u00f3w, efektywno\u015bci\u0105 energetyczn\u0105 oraz d\u0142ugofalow\u0105 odpowiedzialno\u015bci\u0105 za \u015brodowisko.<\/p>\n<p>Poprzez strategiczne partnerstwa i inicjatywy zdecydowali\u015bmy si\u0119 skoncentrowa\u0107 nasze wysi\u0142ki na celach: Czysta energia i Dzia\u0142ania na rzecz klimatu. Dzi\u0119ki temu mo\u017cemy pomaga\u0107 naszym klientom ogranicza\u0107 emisje, poprawia\u0107 efektywno\u015b\u0107 wykorzystania paliwa oraz wyd\u0142u\u017ca\u0107 \u017cywotno\u015b\u0107 ich system\u00f3w energetycznych \u2014 jednocze\u015bnie wspieraj\u0105c globaln\u0105 transformacj\u0119 w kierunku czystszych, bardziej odpowiedzialnych rozwi\u0105za\u0144 energetycznych.<\/p>\n                                    <\/div>\n\n                                    \n                                    \n                                <\/div>\n                            <\/div>\n                            \n                        <\/div>\n                    <\/div>\n\n\n                    <div class=\"hidden md:block\">\n                        \n                        <div>\n                            \n                                <div class=\"carousel-slide\" x-show=\"currentSlideIndex === 0\">\n                                    <div class=\"lg:flex \">\n                                        <div class=\"md:mb-6 lg:mb-0 lg:w-2\/3 lg:pr-24\">\n                                            \n    <div class=\"overflow-hidden  \">\n        <img src=\"https:\/\/www.aerovit.dk\/wp-content\/uploads\/sites\/112\/2025\/09\/Sustainable-development-goals-Climate-and-Energy.png\" alt=\"\" class=\"inline-block max-w-full max-h-full\" loading=\"lazy\">\n    <\/div>\n\n                                        <\/div>\n                                        <div class=\"lg:w-1\/3 \">\n                                            <header class=\"lg:pr-3 mb-6\">\n                                                <div class=\"pre-heading\">\n                                                                                                    <\/div>\n                                                <h3 class=\"p-0 m-0\">\n                                                    Podej\u015bcie strategiczne                                                <\/h3>\n                                            <\/header>\n                                            <div class=\"text-sm mb-6 wysiwyg-content\">\n                                                <p>W Aerovit podj\u0119li\u015bmy decyzj\u0119 o w\u0142\u0105czeniu Cel\u00f3w Zr\u00f3wnowa\u017conego Rozwoju ONZ do naszej pracy strategicznej. Dostosowuj\u0105c nasze dzia\u0142ania do Cel\u00f3w Globalnych ONZ, wspieramy bardziej zr\u00f3wnowa\u017cony sektor energetyczny i przyczyniamy si\u0119 do rozwi\u0105zywania kluczowych wyzwa\u0144 zwi\u0105zanych z eksploatacj\u0105 kot\u0142\u00f3w, efektywno\u015bci\u0105 energetyczn\u0105 oraz d\u0142ugofalow\u0105 odpowiedzialno\u015bci\u0105 za \u015brodowisko.<\/p>\n<p>Poprzez strategiczne partnerstwa i inicjatywy zdecydowali\u015bmy si\u0119 skoncentrowa\u0107 nasze wysi\u0142ki na celach: Czysta energia i Dzia\u0142ania na rzecz klimatu. Dzi\u0119ki temu mo\u017cemy pomaga\u0107 naszym klientom ogranicza\u0107 emisje, poprawia\u0107 efektywno\u015b\u0107 wykorzystania paliwa oraz wyd\u0142u\u017ca\u0107 \u017cywotno\u015b\u0107 ich system\u00f3w energetycznych \u2014 jednocze\u015bnie wspieraj\u0105c globaln\u0105 transformacj\u0119 w kierunku czystszych, bardziej odpowiedzialnych rozwi\u0105za\u0144 energetycznych.<\/p>\n                                            <\/div>\n                                            \n                                                                                    <\/div>\n\n                                    <\/div>\n                                <\/div>\n                                                    <\/div>\n\n                    <\/div>\n                <\/div>\n\n                <script>\n                    function xDataTabbedCarousel_82ededa8c5ec7ee8703dd0ff67955e76() {\n                        return {\n                            slidesCount: 1,\n                            currentSlideIndex: 0,\n                            selectorIsOpen: false,\n                            openTabs: [],\n                            setSlide: function (slideIndex) {\n                                var vm = this;\n                                vm.currentSlideIndex = slideIndex;\n                                var elements = document.querySelectorAll('.carousel-slide');\n                                elements.forEach(function (element, index) {\n                                    vm.stopVideo(element);\n                                });\n\n\n                            },\n                            previousSlide: function () {\n                                var vm = this;\n                                var previousSlide = (vm.currentSlideIndex === 0) ? (vm.slidesCount - 1) : (vm.currentSlideIndex - 1);\n\n                                vm.currentSlideIndex = previousSlide;\n                            },\n                            nextSlide: function () {\n                                var vm = this;\n                                var nextSlide = (vm.currentSlideIndex === (vm.slidesCount - 1)) ? 0 : (vm.currentSlideIndex + 1);\n\n                                vm.currentSlideIndex = nextSlide;\n                            },\n                            stopVideo: function (element) {\n                                var iframe = element.querySelector('iframe');\n                                var video = element.querySelector('video');\n                                if (iframe) {\n                                    var iframeSrc = iframe.src;\n                                    iframe.src = iframeSrc;\n                                }\n                                if (video) {\n                                    video.pause();\n                                }\n                            },\n                            toggleOpenTabs: function (index) {\n                                var vm = this;\n\n                                var tabs = vm.openTabs;\n                                if (vm.openTabs.indexOf(index) > -1 ) {\n                                    vm.openTabs.splice( vm.openTabs.indexOf(index), 1 );\n                                }else{\n                                    vm.openTabs.push(index); \/\/ ...tabs,\n                                }\n\n                            },\n                            isInOpenTabs :function(index){\n                                var vm = this;\n                                return vm.openTabs.includes(index);\n                            }\n                        }\n                    }\n\n                <\/script>\n\n\n            <\/div>\n\n\n            <\/div>\n<\/div>\n\n\n<div id=\"block_69664d1931c67\" class=\"\n    block-text-media  \n    bg-white theme-default \n    schema-bg-color-default \n\">\n\n    <div class=\"container relative z-10\">\n\n        <div class=\"\">\n            <div class=\"lg:flex lg:-mx-4  \">\n\n                <div class=\"lg:w-1\/3 pt-6 md:pt-12 lg:pt-12 pb-6 md:pb-12 lg:pb-12 lg:px-4 flex mb-6 md:mb-0\">\n\n                    <div class=\"lg:px-0 lg:py-16 h-full w-full\">\n\n                        \n                            <header class=\"mb-8\">\n                                                                <h2>\n                                    Nasze zaanga\u017cowanie w zr\u00f3wnowa\u017cony rozw\u00f3j                                <\/h2>\n                            <\/header>\n                        \n\n                                                    <div class=\"mb-6\">\n                                <div class=\"wysiwyg-content\">\n                                    <p>W Aerovit \u015bci\u015ble wsp\u00f3\u0142pracujemy z wytw\u00f3rcami energii w wielu bran\u017cach, a to wi\u0105\u017ce si\u0119 z odpowiedzialno\u015bci\u0105.<\/p>\n<p>Odpowiedzialno\u015bci\u0105 za wspieranie czystszej, bardziej efektywnej eksploatacji, kt\u00f3ra przynosi realne rezultaty. Niezale\u017cnie od tego, czy nasi klienci wykorzystuj\u0105 biomas\u0119 czy paliwa pochodz\u0105ce z odpad\u00f3w, nasze rozwi\u0105zania do czyszczenia pomagaj\u0105 zapewni\u0107 stabiln\u0105 prac\u0119, ogranicza\u0107 emisje i poprawia\u0107 efektywno\u015b\u0107 energetyczn\u0105.<\/p>\n                                <\/div>\n                            <\/div>\n                        \n                    <\/div>\n\n                <\/div>\n\n                <div class=\"lg:w-2\/3 lg:w-1\/3 lg:px-4\">\n\n                    <div class=\"pt-6 md:pt-12 lg:pt-12 pb-6 md:pb-12 lg:pb-12\">\n\n                        <div class=\"mb-8  sm:p-12 lg:p-16\" >\n\n                            <div>\n                                \n                                    <div class=\"flex justify-center items-center overflow-hidden rounded relative overlay-50\">\n\n                                        <img src=\"https:\/\/www.aerovit.dk\/wp-content\/uploads\/sites\/112\/2025\/09\/Carbon-footprint-scaled.jpg\" alt=\"\" class=\"max-w-full\">\n                                        <div class=\"absolute bottom-0 left-0 text-white md:w-2\/3 mb-6 ml-6 text-sm z-50\">\n                                                                                    <\/div>\n                                    <\/div>\n\n                                                            <\/div>\n                        <\/div>\n                    <\/div>\n                <\/div>\n\n            <\/div>\n        <\/div>\n    <\/div>\n<\/div>\n\n<div class=\"block-two-columns relative pt-0 pb-0 theme- schema-bg-color-default\"\n     id=\"block_696f759d282e2\">\n\n\n    <div class=\"container relative \">\n\n        <div class=\"\">\n\n\n            \n<header class=\"mb-6 md:mb-12  \">\n    \n    \n    <\/header>\n\n            <div class=\"lg:flex lg:-mx-4 overflow-hidden\">\n\n                <div class=\"mb-12 lg:mb-0 lg:px-4 lg:w-1\/2 \">\n                    <div class=\"h-full w-full rounded pt-0 theme-light  \">\n\n\n                        \n                            \n<header class=\"mb-6 md:mb-12  \">\n    \n            <h3>Wsparcie zielonej transformacji energetycznej<\/h3>    \n            <div class=\"mt-6\">\n            <div class=\"wysiwyg-content \">\n                <p>Przej\u015bcie na bardziej \u201ezielone\u201d rodzaje paliw przyspiesza, a my jeste\u015bmy tu, aby wspiera\u0107 ten proces. Rozwi\u0105zania Aerovit zosta\u0142y zaprojektowane, by sprosta\u0107 wyzwaniom zwi\u0105zanym z utrzymaniem kot\u0142\u00f3w w czysto\u015bci i ich wydajnej pracy. Pomagamy naszym klientom zmniejsza\u0107 wp\u0142yw na \u015brodowisko bez obni\u017cania niezawodno\u015bci czy mocy kot\u0142a.<\/p>\n            <\/div>\n        <\/div>\n    <\/header>\n\n                            \n                                            <\/div>\n                <\/div>\n\n                <div class=\"lg:px-4 lg:w-1\/2 flex\">\n                    <div class=\"h-full w-full rounded pt-0 theme-light \">\n\n                        \n                            \n<header class=\"mb-6 md:mb-12  \">\n    \n            <h3>Zbudowane, by dzia\u0142a\u0107 latami<\/h3>    \n            <div class=\"mt-6\">\n            <div class=\"wysiwyg-content \">\n                <p>Nasze systemy s\u0105 przeznaczone do d\u0142ugotrwa\u0142ej eksploatacji i nie stanowi\u0105 \u201eszybkiej naprawy\u201d. Dzi\u0119ki wysokiej jako\u015bci materia\u0142om i solidnym rozwi\u0105zaniom in\u017cynieryjnym dostarczamy systemy, kt\u00f3re sprawdzaj\u0105 si\u0119 rok po roku. D\u0142u\u017csza \u017cywotno\u015b\u0107 produkt\u00f3w oznacza mniej wymian, mniej odpad\u00f3w i wi\u0119kszy wk\u0142ad w ochron\u0119 \u015brodowiska.<\/p>\n            <\/div>\n        <\/div>\n    <\/header>\n\n\n                            \n                                            <\/div>\n\n                <\/div>\n\n\n            <\/div>\n        <\/div>\n    <\/div>\n<\/div>\n\n<div class=\"block-two-columns relative pt-0 pb-16 md:pb-16 lg:pb-24 theme- schema-bg-color-default\"\n     id=\"block_696f759d285c1\">\n\n\n    <div class=\"container relative \">\n\n        <div class=\"\">\n\n\n            \n<header class=\"mb-6 md:mb-12  \">\n    \n    \n    <\/header>\n\n            <div class=\"lg:flex lg:-mx-4 overflow-hidden\">\n\n                <div class=\"mb-12 lg:mb-0 lg:px-4 lg:w-1\/2 \">\n                    <div class=\"h-full w-full rounded pt-0 theme-light  \">\n\n\n                        \n                            \n<header class=\"mb-6 md:mb-12  \">\n    \n            <h3>Zr\u00f3wnowa\u017cony rozw\u00f3j to proces ci\u0105g\u0142y<\/h3>    \n            <div class=\"mt-6\">\n            <div class=\"wysiwyg-content \">\n                <p>Nie traktujemy zr\u00f3wnowa\u017conego rozwoju jak pola do odhaczenia \u2014 to sta\u0142y element tego, jak dzia\u0142amy, rozwijamy si\u0119 i ro\u015bniemy. Rozszerzaj\u0105c nasz\u0105 dzia\u0142alno\u015b\u0107 i wspieraj\u0105c na ca\u0142ym \u015bwiecie sektor biomasy oraz waste-to-energy, pozostajemy skoncentrowani na ograniczaniu wp\u0142ywu na \u015brodowisko, umo\u017cliwianiu wdra\u017cania czystszych technologii oraz budowaniu bardziej zr\u00f3wnowa\u017conej przysz\u0142o\u015bci dla bran\u017cy kot\u0142owej.<\/p>\n            <\/div>\n        <\/div>\n    <\/header>\n\n                            \n                                            <\/div>\n                <\/div>\n\n                <div class=\"lg:px-4 lg:w-1\/2 flex\">\n                    <div class=\"h-full w-full rounded pt-0 theme-light \">\n\n                        \n                            \n<header class=\"mb-6 md:mb-12  \">\n    \n            <h3>Innowacyjne rozwi\u0105zania<\/h3>    \n            <div class=\"mt-6\">\n            <div class=\"wysiwyg-content \">\n                <p>Ka\u017cde nowe opracowanie zaczyna si\u0119 od tej samej zasady: rozwi\u0105zywa\u0107 realne wyzwania w spos\u00f3b m\u0105drzejszy i bardziej zr\u00f3wnowa\u017cony. Od ograniczania r\u0119cznego czyszczenia po popraw\u0119 stabilno\u015bci spalania \u2014 wprowadzamy innowacje z konkretnym celem, zawsze skupiaj\u0105c si\u0119 na wp\u0142ywie na \u015brodowisko i warto\u015bci operacyjnej.<\/p>\n            <\/div>\n        <\/div>\n    <\/header>\n\n\n                            \n                                            <\/div>\n\n                <\/div>\n\n\n            <\/div>\n        <\/div>\n    <\/div>\n<\/div>","protected":false},"excerpt":{"rendered":"","protected":false},"author":91,"featured_media":13455,"parent":15330,"menu_order":0,"comment_status":"closed","ping_status":"closed","template":"","meta":[],"segment":[],"acf":[],"yoast_head":"<!-- This site is optimized with the Yoast SEO plugin v19.14 - https:\/\/yoast.com\/wordpress\/plugins\/seo\/ -->\n<title>Zr\u00f3wnowa\u017cony rozw\u00f3j - Aerovit A\/S<\/title>\n<meta name=\"description\" content=\"Dowiedz si\u0119, jak Aerovit wdra\u017ca zr\u00f3wnowa\u017cony rozw\u00f3j w ka\u017cdym obszarze dzia\u0142alno\u015bci, wspieraj\u0105c czystsz\u0105 energi\u0119 i zielon\u0105 przysz\u0142o\u015b\u0107.\" \/>\n<meta name=\"robots\" content=\"index, follow, max-snippet:-1, max-image-preview:large, max-video-preview:-1\" \/>\n<link rel=\"canonical\" href=\"https:\/\/www.aerovit.dk\/pl\/o-nas\/zrownowazony-rozwoj\/\" \/>\n<meta property=\"og:locale\" content=\"pl_PL\" \/>\n<meta property=\"og:type\" content=\"article\" \/>\n<meta property=\"og:title\" content=\"Zr\u00f3wnowa\u017cony rozw\u00f3j - Aerovit A\/S\" \/>\n<meta property=\"og:description\" content=\"Dowiedz si\u0119, jak Aerovit wdra\u017ca zr\u00f3wnowa\u017cony rozw\u00f3j w ka\u017cdym obszarze dzia\u0142alno\u015bci, wspieraj\u0105c czystsz\u0105 energi\u0119 i zielon\u0105 przysz\u0142o\u015b\u0107.\" \/>\n<meta property=\"og:url\" content=\"https:\/\/www.aerovit.dk\/pl\/o-nas\/zrownowazony-rozwoj\/\" \/>\n<meta property=\"og:site_name\" content=\"Aerovit A\/S\" \/>\n<meta property=\"article:modified_time\" content=\"2026-01-20T12:31:28+00:00\" \/>\n<meta property=\"og:image\" content=\"https:\/\/www.aerovit.dk\/wp-content\/uploads\/sites\/112\/2025\/09\/Carbon-footprint-scaled.jpg\" \/>\n\t<meta property=\"og:image:width\" content=\"2560\" \/>\n\t<meta property=\"og:image:height\" content=\"1709\" \/>\n\t<meta property=\"og:image:type\" content=\"image\/jpeg\" \/>\n<meta name=\"twitter:card\" content=\"summary_large_image\" \/>\n<script type=\"application\/ld+json\" class=\"yoast-schema-graph\">{\"@context\":\"https:\/\/schema.org\",\"@graph\":[{\"@type\":\"WebPage\",\"@id\":\"https:\/\/www.aerovit.dk\/pl\/o-nas\/zrownowazony-rozwoj\/\",\"url\":\"https:\/\/www.aerovit.dk\/pl\/o-nas\/zrownowazony-rozwoj\/\",\"name\":\"Zr\u00f3wnowa\u017cony rozw\u00f3j - Aerovit A\/S\",\"isPartOf\":{\"@id\":\"https:\/\/www.aerovit.dk\/#website\"},\"datePublished\":\"2025-11-05T08:58:12+00:00\",\"dateModified\":\"2026-01-20T12:31:28+00:00\",\"description\":\"Dowiedz si\u0119, jak Aerovit wdra\u017ca zr\u00f3wnowa\u017cony rozw\u00f3j w ka\u017cdym obszarze dzia\u0142alno\u015bci, wspieraj\u0105c czystsz\u0105 energi\u0119 i zielon\u0105 przysz\u0142o\u015b\u0107.\",\"inLanguage\":\"pl-PL\",\"potentialAction\":[{\"@type\":\"ReadAction\",\"target\":[\"https:\/\/www.aerovit.dk\/pl\/o-nas\/zrownowazony-rozwoj\/\"]}]},{\"@type\":\"WebSite\",\"@id\":\"https:\/\/www.aerovit.dk\/#website\",\"url\":\"https:\/\/www.aerovit.dk\/\",\"name\":\"Aerovit A\/S\",\"description\":\"We specialize in keeping boilers clean \u2013 Efficiently and reliably\",\"publisher\":{\"@id\":\"https:\/\/www.aerovit.dk\/#organization\"},\"potentialAction\":[{\"@type\":\"SearchAction\",\"target\":{\"@type\":\"EntryPoint\",\"urlTemplate\":\"https:\/\/www.aerovit.dk\/?s={search_term_string}\"},\"query-input\":\"required name=search_term_string\"}],\"inLanguage\":\"pl-PL\"},{\"@type\":\"Organization\",\"@id\":\"https:\/\/www.aerovit.dk\/#organization\",\"name\":\"Aerovit A\/S\",\"url\":\"https:\/\/www.aerovit.dk\/\",\"logo\":{\"@type\":\"ImageObject\",\"inLanguage\":\"pl-PL\",\"@id\":\"https:\/\/www.aerovit.dk\/#\/schema\/logo\/image\/\",\"url\":\"https:\/\/www.aerovit.dk\/wp-content\/uploads\/sites\/112\/2022\/12\/Home-Logo.svg\",\"contentUrl\":\"https:\/\/www.aerovit.dk\/wp-content\/uploads\/sites\/112\/2022\/12\/Home-Logo.svg\",\"width\":1923,\"height\":289,\"caption\":\"Aerovit A\/S\"},\"image\":{\"@id\":\"https:\/\/www.aerovit.dk\/#\/schema\/logo\/image\/\"},\"sameAs\":[\"https:\/\/www.linkedin.com\/company\/1889435\/\"]}]}<\/script>\n<!-- \/ Yoast SEO plugin. -->","yoast_head_json":{"title":"Zr\u00f3wnowa\u017cony rozw\u00f3j - Aerovit A\/S","description":"Dowiedz si\u0119, jak Aerovit wdra\u017ca zr\u00f3wnowa\u017cony rozw\u00f3j w ka\u017cdym obszarze dzia\u0142alno\u015bci, wspieraj\u0105c czystsz\u0105 energi\u0119 i zielon\u0105 przysz\u0142o\u015b\u0107.","robots":{"index":"index","follow":"follow","max-snippet":"max-snippet:-1","max-image-preview":"max-image-preview:large","max-video-preview":"max-video-preview:-1"},"canonical":"https:\/\/www.aerovit.dk\/pl\/o-nas\/zrownowazony-rozwoj\/","og_locale":"pl_PL","og_type":"article","og_title":"Zr\u00f3wnowa\u017cony rozw\u00f3j - Aerovit A\/S","og_description":"Dowiedz si\u0119, jak Aerovit wdra\u017ca zr\u00f3wnowa\u017cony rozw\u00f3j w ka\u017cdym obszarze dzia\u0142alno\u015bci, wspieraj\u0105c czystsz\u0105 energi\u0119 i zielon\u0105 przysz\u0142o\u015b\u0107.","og_url":"https:\/\/www.aerovit.dk\/pl\/o-nas\/zrownowazony-rozwoj\/","og_site_name":"Aerovit A\/S","article_modified_time":"2026-01-20T12:31:28+00:00","og_image":[{"width":2560,"height":1709,"url":"https:\/\/www.aerovit.dk\/wp-content\/uploads\/sites\/112\/2025\/09\/Carbon-footprint-scaled.jpg","type":"image\/jpeg"}],"twitter_card":"summary_large_image","schema":{"@context":"https:\/\/schema.org","@graph":[{"@type":"WebPage","@id":"https:\/\/www.aerovit.dk\/pl\/o-nas\/zrownowazony-rozwoj\/","url":"https:\/\/www.aerovit.dk\/pl\/o-nas\/zrownowazony-rozwoj\/","name":"Zr\u00f3wnowa\u017cony rozw\u00f3j - Aerovit A\/S","isPartOf":{"@id":"https:\/\/www.aerovit.dk\/#website"},"datePublished":"2025-11-05T08:58:12+00:00","dateModified":"2026-01-20T12:31:28+00:00","description":"Dowiedz si\u0119, jak Aerovit wdra\u017ca zr\u00f3wnowa\u017cony rozw\u00f3j w ka\u017cdym obszarze dzia\u0142alno\u015bci, wspieraj\u0105c czystsz\u0105 energi\u0119 i zielon\u0105 przysz\u0142o\u015b\u0107.","inLanguage":"pl-PL","potentialAction":[{"@type":"ReadAction","target":["https:\/\/www.aerovit.dk\/pl\/o-nas\/zrownowazony-rozwoj\/"]}]},{"@type":"WebSite","@id":"https:\/\/www.aerovit.dk\/#website","url":"https:\/\/www.aerovit.dk\/","name":"Aerovit A\/S","description":"We specialize in keeping boilers clean \u2013 Efficiently and reliably","publisher":{"@id":"https:\/\/www.aerovit.dk\/#organization"},"potentialAction":[{"@type":"SearchAction","target":{"@type":"EntryPoint","urlTemplate":"https:\/\/www.aerovit.dk\/?s={search_term_string}"},"query-input":"required name=search_term_string"}],"inLanguage":"pl-PL"},{"@type":"Organization","@id":"https:\/\/www.aerovit.dk\/#organization","name":"Aerovit A\/S","url":"https:\/\/www.aerovit.dk\/","logo":{"@type":"ImageObject","inLanguage":"pl-PL","@id":"https:\/\/www.aerovit.dk\/#\/schema\/logo\/image\/","url":"https:\/\/www.aerovit.dk\/wp-content\/uploads\/sites\/112\/2022\/12\/Home-Logo.svg","contentUrl":"https:\/\/www.aerovit.dk\/wp-content\/uploads\/sites\/112\/2022\/12\/Home-Logo.svg","width":1923,"height":289,"caption":"Aerovit A\/S"},"image":{"@id":"https:\/\/www.aerovit.dk\/#\/schema\/logo\/image\/"},"sameAs":["https:\/\/www.linkedin.com\/company\/1889435\/"]}]}},"_links":{"self":[{"href":"https:\/\/www.aerovit.dk\/pl\/wp-json\/wp\/v2\/pages\/14598"}],"collection":[{"href":"https:\/\/www.aerovit.dk\/pl\/wp-json\/wp\/v2\/pages"}],"about":[{"href":"https:\/\/www.aerovit.dk\/pl\/wp-json\/wp\/v2\/types\/page"}],"author":[{"embeddable":true,"href":"https:\/\/www.aerovit.dk\/pl\/wp-json\/wp\/v2\/users\/91"}],"replies":[{"embeddable":true,"href":"https:\/\/www.aerovit.dk\/pl\/wp-json\/wp\/v2\/comments?post=14598"}],"version-history":[{"count":7,"href":"https:\/\/www.aerovit.dk\/pl\/wp-json\/wp\/v2\/pages\/14598\/revisions"}],"predecessor-version":[{"id":15896,"href":"https:\/\/www.aerovit.dk\/pl\/wp-json\/wp\/v2\/pages\/14598\/revisions\/15896"}],"up":[{"embeddable":true,"href":"https:\/\/www.aerovit.dk\/pl\/wp-json\/wp\/v2\/pages\/15330"}],"wp:featuredmedia":[{"embeddable":true,"href":"https:\/\/www.aerovit.dk\/pl\/wp-json\/wp\/v2\/media\/13455"}],"wp:attachment":[{"href":"https:\/\/www.aerovit.dk\/pl\/wp-json\/wp\/v2\/media?parent=14598"}],"wp:term":[{"taxonomy":"segment","embeddable":true,"href":"https:\/\/www.aerovit.dk\/pl\/wp-json\/wp\/v2\/segment?post=14598"}],"curies":[{"name":"wp","href":"https:\/\/api.w.org\/{rel}","templated":true}]}}