{"id":15554,"date":"2025-09-23T14:41:04","date_gmt":"2025-09-23T12:41:04","guid":{"rendered":"https:\/\/www.aerovit.dk\/sales-and-delivery-terms\/"},"modified":"2026-01-13T15:32:56","modified_gmt":"2026-01-13T14:32:56","slug":"warunki-sprzedazy-i-dostawy","status":"publish","type":"page","link":"https:\/\/www.aerovit.dk\/pl\/warunki-sprzedazy-i-dostawy\/","title":{"rendered":"Warunki sprzeda\u017cy i dostawy"},"content":{"rendered":"<div class=\"block-cta-advanced relative bg-cover bg-center bg-no-repeat pt-6 md:pt-6 lg:pt-6 pb-6 md:pb-6 lg:pb-6    theme-dark schema-bg-color-dark_blue lazy-bg\"\n     id=\"block_69665443bbecb\"\n\n     style=\"background-image: url('data:image\/gif;base64,R0lGODlhAQABAIAAAP\/\/\/\/\/\/\/yH5BAEKAAEALAAAAAABAAEAAAICTAEAOw==')\"\n     data-src=\"https:\/\/www.aerovit.dk\/wp-content\/uploads\/sites\/112\/2025\/09\/About-Aerovit-image-5.jpg\"\n\n    data-design-type=\"type_4\"\n    >\n\n    \n\n    <div class=\"absolute inset-0 z-10\"\n         style=\"background-color: #3c4858; opacity: 0.70\"><\/div>\n\n    \n    \n        \n\n<div class=\"container relative z-10\">\n    <div class=\"pb-16 pt-20 md:pt-32 lg:py-32 relative\">\n        <div class=\"relative   mx-auto text-center \">\n\n            \n            <div class=\"relative z-10 \">\n                <header class=\"mb-3\">\n                                        <h1 class=\"\">\n                        Warunki sprzeda\u017cy i dostawy                    <\/h1>\n                <\/header>\n                <div class=\"wysiwyg-content  text-xl max-w-lg xl:max-w-xl mx-auto\">\n                                    <\/div>\n\n                            <\/div>\n        <\/div>\n    <\/div>\n\n    <\/div>\n    <\/div>\n\n\n<div class=\"block-section-header pt-6 md:pt-12 lg:pt-12 pb-0  theme-light schema-bg-color-light_gray\"\n     id=\"block_69665443bceaf\">\n\n    <div class=\"container\">\n\n        \n            <header class=\"text-center\">\n                                <h2 class=\"p-0 m-0\">\n                    Og\u00f3lne warunki sprzeda\u017cy i dostawy                <\/h2>\n                            <\/header>\n            <\/div>\n<\/div>\n\n\n\n<div class=\"block-text-columns pt-6 md:pt-12 lg:pt-12 pb-6 md:pb-12 lg:pb-12 theme-light schema-bg-color-light_gray\"\n     id=\"block_69665443c7716\">\n\n    <div class=\"container\">\n\n\n\n        \n            <div class=\"md:flex md:flex-wrap lg:-mx-4\">\n\n                \n\n                \n                <div class=\"md:px-4 md:w-1\/2 mb-12 md:mb-0\">\n                    \n                    \n                    \n                                            <div class=\"wysiwyg-content\">\n                            <h4>1. Specyfikacje techniczne<\/h4>\n<p>1.1 Ilustracje i szczeg\u00f3\u0142y zawarte w broszurach itp. Dostawcy maj\u0105 charaktery wy\u0142\u0105cznie informacyjny I nie s\u0105 wi\u0105\u017c\u0105ce. Dostawca odsy\u0142a do rysunk\u00f3w do\u0142\u0105czonych do ofert.<\/p>\n<p>&nbsp;<\/p>\n<h4>2 Prawa autorskie itp.<\/h4>\n<p>2.1 Wszelkie szkice, rysunki i dokumentacja techniczna przekazane Nabywcy przed lub po zawarciu umowy pozostaj\u0105 w\u0142asno\u015bci\u0105 Dostawcy zgodnie z du\u0144sk\u0105 ustaw\u0105 o prawie autorskim, du\u0144sk\u0105 ustaw\u0105 o praktykach marketingowych itp.<br \/>\n2.2 Takie dokumenty nie mog\u0105 by\u0107, bez zgody Dostawcy, wykorzystywane przez Nabywc\u0119 do innych cel\u00f3w ni\u017c instalacja, u\u017cytkowanie i konserwacja dostarczonego urz\u0105dzenia.<br \/>\n2.3 Takie dokumenty nie mog\u0105 by\u0107 kopiowane, powielane ani przekazywane ani w \u017caden spos\u00f3b udost\u0119pniane osobom trzecim.<\/p>\n<p>&nbsp;<\/p>\n<h4>3 Oferty i zastrze\u017cenia dotycz\u0105ce dostawy<\/h4>\n<p>3.1 Oferta jest wa\u017cna do up\u0142ywu terminu akceptacji wskazanego w ofercie, przy czym akceptacja musi dotrze\u0107 do Dostawcy w tym terminie.<br \/>\n3.2 W przypadku gdy Nabywca za\u017c\u0105da od Dostawcy opracowania koncepcji, prezentacji kreatywnych, rysunk\u00f3w specjalnych itp., za wykonanie takich prac zostanie uzgodnione odr\u0119bne wynagrodzenie.<\/p>\n<h4><\/h4>\n<p>&nbsp;<\/p>\n<h4>4 Ceny<\/h4>\n<p>4.1 Wszystkie podane ceny obowi\u0105zuj\u0105 do czasu up\u0142ywu wa\u017cno\u015bci oferty.<br \/>\n4.2 Dostawca zastrzega sobie prawo do skorygowania podanych cen w przypadku zmian ce\u0142, kurs\u00f3w walut i op\u0142at itp., pozostaj\u0105cych poza kontrol\u0105 Dostawcy.<br \/>\n4.3 W przypadku gdy Nabywca za\u017c\u0105da dostosowa\u0144 lub zmian uzgodnionej dostawy po rozpocz\u0119ciu prac, zostanie zawarta umowa uzupe\u0142niaj\u0105ca okre\u015blaj\u0105ca zakres i wynagrodzenie za takie prace.<br \/>\n4.4 Minimalna warto\u015b\u0107 zam\u00f3wienia na cz\u0119\u015bci zamienne Aerovit wynosi 50 euro.<br \/>\n4.5 Dla zam\u00f3wie\u0144 poni\u017cej tej kwoty naliczana jest op\u0142ata manipulacyjna w wysoko\u015bci 30 euro.<\/p>\n<h4><\/h4>\n<p>&nbsp;<\/p>\n<h4>5 Warunki dostawy<\/h4>\n<p>5.1 Wszelkie uzgodnione warunki interpretuje si\u0119 zgodnie z Incoterms obowi\u0105zuj\u0105cymi w chwili zawarcia umowy.<br \/>\n5.2 O ile nie uzgodniono inaczej, produkty dostarczane s\u0105 \u201eex works\u201d (EXW), a wysy\u0142ka odbywa si\u0119 na koszt i ryzyko Nabywcy.<\/p>\n<p>&nbsp;<\/p>\n<h4><\/h4>\n<h4>6 Op\u00f3\u017anienie po stronie Dostawcy<\/h4>\n<p>6.1 Je\u017celi Dostawca stwierdzi, \u017ce nie b\u0119dzie w stanie dotrzyma\u0107 uzgodnionego terminu dostawy, lub je\u017celi op\u00f3\u017anienie po stronie Dostawcy jest prawdopodobne, poinformuje o tym Nabywc\u0119 niezw\u0142ocznie na pi\u015bmie, podaj\u0105c jednocze\u015bnie przyczyn\u0119 op\u00f3\u017anienia oraz, je\u015bli to mo\u017cliwe, termin, w kt\u00f3rym dostawa b\u0119dzie mo\u017cliwa.<br \/>\n6.2 Je\u017celi op\u00f3\u017anienie dostawy wynika z okoliczno\u015bci wskazanych w pkt 14 (si\u0142a wy\u017csza) lub z dzia\u0142a\u0144 b\u0105d\u017a zaniecha\u0144 Nabywcy, Dostawca jest uprawniony do od\u0142o\u017cenia terminu dostawy w zakresie uznanym za uzasadniony w danych okoliczno\u015bciach.<br \/>\n6.3 Niniejsze postanowienie ma zastosowanie niezale\u017cnie od tego, czy przyczyna op\u00f3\u017anienia wyst\u0105pi przed, czy po up\u0142ywie uzgodnionego terminu dostawy.<br \/>\n6.4 Nabywca nie jest uprawniony do odst\u0105pienia od umowy z powodu op\u00f3\u017anienia dostawy zawinionego przez Dostawc\u0119, chyba \u017ce op\u00f3\u017anienie przekracza trzy miesi\u0105ce.<br \/>\n6.5 Nabywca nie jest uprawniony do dochodzenia odszkodowania z tytu\u0142u op\u00f3\u017anienia zawinionego przez Dostawc\u0119.<\/p>\n<h4><\/h4>\n<p>&nbsp;<\/p>\n<h4>7 Warunki p\u0142atno\u015bci<\/h4>\n<p>7.1 P\u0142atno\u015b\u0107 powinna zosta\u0107 dokonana najp\u00f3\u017aniej w terminie p\u0142atno\u015bci wskazanym na fakturze.<br \/>\n7.2 W przypadku niedokonania p\u0142atno\u015bci przez Nabywc\u0119 w terminie, Dostawca ma prawo naliczy\u0107 odsetki za op\u00f3\u017anienie od dnia wymagalno\u015bci w wysoko\u015bci 1,5% za ka\u017cdy miesi\u0105c lub jego cz\u0119\u015b\u0107.<\/p>\n<h4><\/h4>\n<p>&nbsp;<\/p>\n<h4>8 Zwroty<\/h4>\n<p>8.1 Produkty nie podlegaj\u0105 zwrotowi bez uprzedniego uzgodnienia w tym zakresie i jedynie za op\u0142at\u0105 za zwrot w wysoko\u015bci 20% ceny fakturowej produkt\u00f3w.<br \/>\n8.2 Produkty wykonywane na zam\u00f3wienie lub specjalnie sprowadzane nie podlegaj\u0105 zwrotowi, chyba \u017ce zosta\u0142o to jasno kore\u015blone w ofercie.<\/p>\n<h4><\/h4>\n<p>&nbsp;<\/p>\n<h4>9 Opakowanie<\/h4>\n<p>9.1 Koszt wszelkich opakowa\u0144 obci\u0105\u017caj\u0105cych Nabywc\u0119 zostanie zwr\u00f3cony wed\u0142ug ceny z faktury, bez potr\u0105ce\u0144, pod warunkiem \u017ce opakowanie zostanie zwr\u00f3cone na adres Dostawcy w stanie nieuszkodzonym i na koszt Nabywcy w terminie trzech miesi\u0119cy od daty faktury.<\/p>\n<p>&nbsp;<\/p>\n<h4>10 Wady i niezgodno\u015bci<\/h4>\n<p>10.1 Dostawca odpowiada wy\u0142\u0105cznie za te wady i niezgodno\u015bci, kt\u00f3re mo\u017cna przypisa\u0107 Dostawcy.<br \/>\n10.2 Dostawca nie ponosi odpowiedzialno\u015bci za wady i niezgodno\u015bci spowodowane nieprawid\u0142owym u\u017cyciem lub eksploatacj\u0105 dostarczonych produkt\u00f3w albo b\u0142\u0119dnymi informacjami przekazanymi przez Nabywc\u0119.<br \/>\n10.3 Ponadto Dostawca wy\u0142\u0105cza odpowiedzialno\u015b\u0107 za wady i niezgodno\u015bci wynikaj\u0105ce z b\u0142\u0119dnych informacji, rysunk\u00f3w i oblicze\u0144, kt\u00f3re nie zosta\u0142y skorygowane przez Nabywc\u0119 mimo pro\u015bby o ich weryfikacj\u0119.<br \/>\n10.4 Odpowiedzialno\u015b\u0107 Dostawcy jest ograniczona do wad i niezgodno\u015bci ujawnionych w okresie dw\u00f3ch lat od daty dostawy.<\/p>\n<p>&nbsp;<\/p>\n                        <\/div>\n                    \n                    <div class=\"lg:flex md:-mx-4 mt-12\">\n\n\n                        \n                                            <\/div>\n\n                <\/div>\n\n                \n\n                \n                <div class=\"md:px-4 md:w-1\/2 mb-12 md:mb-0\">\n                    \n                    \n                    \n                                            <div class=\"wysiwyg-content\">\n                            <h4>11 Gwarancja i ograniczenia dochodzenia roszcze\u0144<\/h4>\n<p>11.1 Produkty dostarczone przez Dostawc\u0119 obj\u0119te s\u0105 gwarancj\u0105 przez 12 miesi\u0119cy od daty dostawy, przy u\u017cytkowaniu w normalnych warunkach pracy.<br \/>\n11.2 Z zastrze\u017ceniem powy\u017cszego, Dostawca zobowi\u0105zuje si\u0119, wed\u0142ug w\u0142asnego uznania, do przeprowadzenia niezb\u0119dnych napraw lub wymiany produkt\u00f3w tak szybko, jak to mo\u017cliwe, w normalnych godzinach pracy.<br \/>\n11.3 Gwarancja nie obejmuje jednak wad i niezgodno\u015bci wynikaj\u0105cych z normalnego zu\u017cycia, niewystarczaj\u0105cej konserwacji lub niew\u0142a\u015bciwego obchodzenia si\u0119 z produktem.<br \/>\n11.4 Ponadto Dostawca nie ponosi odpowiedzialno\u015bci za dodatkowe straty lub szkody po\u015brednie, chyba \u017ce uzgodniono inaczej.<\/p>\n<p>&nbsp;<\/p>\n<h4><\/h4>\n<h4>12 Reklamacje<\/h4>\n<p>12.1 Nabywca jest zobowi\u0105zany do niezw\u0142ocznego sprawdzenia produkt\u00f3w po odbiorze, w celu potwierdzenia ich zgodno\u015bci z ustaleniami stron.<br \/>\n12.2 Je\u017celi taka kontrola wyka\u017ce niezgodno\u015bci lub wady widoczne, Nabywca zg\u0142osi reklamacj\u0119 na pi\u015bmie w terminie o\u015bmiu dni.<br \/>\n12.3 W przypadku niedotrzymania powy\u017cszych termin\u00f3w prawo do z\u0142o\u017cenia reklamacji wygasa.<br \/>\n12.4 Powy\u017csze ma zastosowanie r\u00f3wnie\u017c wtedy, gdy takie wady lub niezgodno\u015bci powinny by\u0142y zosta\u0107 stwierdzone podczas takiej kontroli.<br \/>\n12.5 W przypadku ujawnienia ukrytych wad lub niezgodno\u015bci dostarczonych produkt\u00f3w Nabywca jest zobowi\u0105zany do niezw\u0142ocznego zg\u0142oszenia reklamacji po ich stwierdzeniu.<br \/>\n12.6 Je\u017celi Nabywca nie uczyni tego niezw\u0142ocznie, prawo do z\u0142o\u017cenia reklamacji wygasa.<br \/>\n12.7 Zg\u0142oszenie reklamacji przez Nabywc\u0119 nie uprawnia go do wstrzymania p\u0142atno\u015bci za jakiekolwiek dostarczone produkty.<\/p>\n<p>&nbsp;<\/p>\n<h4><\/h4>\n<h4>13 Odpowiedzialno\u015b\u0107 za produkt<\/h4>\n<p>13.1 Dostawca odpowiada za szkody spowodowane przez produkty tylko w takim zakresie, w jakim mo\u017cna wykaza\u0107, \u017ce szkoda jest przypisywalna Dostawcy lub pracownikom Dostawcy.<br \/>\n13.2 Dostawca nie odpowiada jednak nigdy za straty w dzia\u0142alno\u015bci, utracone korzy\u015bci ani inne szkody po\u015brednie. Odpowiedzialno\u015b\u0107 Dostawcy za szkody w mieniu nie przekroczy uzgodnionej ceny.<br \/>\n13.3 W zakresie, w jakim na Dostawc\u0119 mog\u0142aby zosta\u0107 na\u0142o\u017cona odpowiedzialno\u015b\u0107 w zwi\u0105zku z u\u017cytkowaniem produkt\u00f3w przez Nabywc\u0119, w tym ich odsprzeda\u017c\u0105, Nabywca jest zobowi\u0105zany zwolni\u0107 Dostawc\u0119 z odpowiedzialno\u015bci za wszelkie odszkodowania przekraczaj\u0105ce uzgodnione limity. Nabywca jest zobowi\u0105zany podda\u0107 si\u0119 w\u0142a\u015bciwo\u015bci s\u0105du rozpoznaj\u0105cego tak\u017ce kwesti\u0119 odpowiedzialno\u015bci produktowej Dostawcy.<br \/>\n13.4 Ponadto odpowiedzialno\u015b\u0107 Dostawcy jest uzale\u017cniona od wykazania ra\u017c\u0105cego niedbalstwa po stronie Dostawcy.<\/p>\n<p>&nbsp;<\/p>\n<h4><\/h4>\n<h4>14 Si\u0142a wy\u017csza<\/h4>\n<p>14.1 Dostawca nie ponosi odpowiedzialno\u015bci za niewykonanie swoich zobowi\u0105za\u0144, je\u017celi niewykonanie to jest spowodowane jedn\u0105 z nast\u0119puj\u0105cych okoliczno\u015bci, kt\u00f3re uniemo\u017cliwiaj\u0105 wykonanie lub czyni\u0105 je nadmiernie uci\u0105\u017cliwym: spory pracownicze lub inne okoliczno\u015bci pozostaj\u0105ce poza kontrol\u0105 Dostawcy, takie jak np. po\u017car, wojna, mobilizacja lub nieprzewidziane powo\u0142anie do s\u0142u\u017cby wojskowej na podobn\u0105 skal\u0119, rekwizycja, sequestracja, ograniczenia dewizowe, powstania, niepokoje spo\u0142eczne, brak \u015brodk\u00f3w transportu \u2014 chyba \u017ce taki niedob\u00f3r m\u00f3g\u0142 by\u0107 przewidziany przez Dostawc\u0119 \u2014 og\u00f3lny niedob\u00f3r produkt\u00f3w oraz wady lub op\u00f3\u017anienia w dostawach od poddostawc\u00f3w spowodowane kt\u00f3r\u0105kolwiek z wy\u017cej wymienionych okoliczno\u015bci.<br \/>\n14.2 Je\u017celi kt\u00f3rakolwiek z powy\u017cszych okoliczno\u015bci zaistnia\u0142a przed zawarciem umowy, zwalnia ona Dostawc\u0119 z odpowiedzialno\u015bci tylko w takim zakresie, w jakim jej wp\u0142ywu na wykonanie umowy nie mo\u017cna by\u0142o przewidzie\u0107 w chwili zawarcia umowy.<br \/>\n14.3 Je\u017celi Dostawca zamierza powo\u0142a\u0107 si\u0119 na wy\u0142\u0105czenie odpowiedzialno\u015bci na podstawie niniejszego punktu, poinformuje o tym Nabywc\u0119 niezw\u0142ocznie i na pi\u015bmie.<br \/>\n14.4 Niezale\u017cnie od postanowie\u0144 niniejszych og\u00f3lnych warunk\u00f3w sprzeda\u017cy i dostawy, ka\u017cda ze stron jest uprawniona do odst\u0105pienia od umowy poprzez pisemne zawiadomienie drugiej strony, je\u017celi wykonanie umowy jest utrudnione przez kt\u00f3r\u0105kolwiek z wy\u017cej wymienionych okoliczno\u015bci przez okres d\u0142u\u017cszy ni\u017c sze\u015b\u0107 miesi\u0119cy.<\/p>\n<h4><\/h4>\n<p>&nbsp;<\/p>\n<h4>15 Inne ustalenia<\/h4>\n<p>15.1 Jakiekolwiek dalsze zobowi\u0105zania ni\u017c wymienione powy\u017cej b\u0119d\u0105 wi\u0105\u017c\u0105ce dla Dostawcy wy\u0142\u0105cznie w zakresie, w jakim zosta\u0142y przez niego przyj\u0119te na pi\u015bmie.<\/p>\n<h4><\/h4>\n<p>&nbsp;<\/p>\n<h4>16 Spory<\/h4>\n<p>16.1 Wszelkie spory wynikaj\u0105ce z niniejszej umowy b\u0119d\u0105 rozstrzygane zgodnie z prawem du\u0144skim.<br \/>\n16.2 Wszelkie post\u0119powania b\u0119d\u0105, wed\u0142ug wyboru Dostawcy, wytaczane przed s\u0105d w\u0142a\u015bciwy dla siedziby Dostawcy lub Nabywcy.<\/p>\n<p>&nbsp;<\/p>\n                        <\/div>\n                    \n                    <div class=\"lg:flex md:-mx-4 mt-12\">\n\n\n                        \n                                                    <div class=\" md:px-4\">\n                                    <div x-data=\"{ 'showModal': false }\">\n\n\n        <div>\n            \n                <a href=\"https:\/\/www.aerovit.dk\/wp-content\/uploads\/sites\/112\/2026\/01\/ogolne-warunki-sprzedazy-i-dostawy.pdf\"\n                   target=\"_blank\"\n                   class=\"btn  btn-primary  \">\n                    <div class=\" ml-6\">\n                        Pobierz PDF tutaj                    <\/div>\n                                            <div class=\"float-right ml-3 mr-3\">\n                            <i class=\"far fa-long-arrow-alt-right\"><\/i>\n                        <\/div>\n                                    <\/a>\n\n            \n\n        <\/div>\n\n\n            <\/div>\n\n                            <\/div>\n                                            <\/div>\n\n                <\/div>\n\n                            <\/div>\n\n            <\/div>\n<\/div>\n","protected":false},"excerpt":{"rendered":"","protected":false},"author":91,"featured_media":0,"parent":0,"menu_order":0,"comment_status":"closed","ping_status":"closed","template":"","meta":[],"segment":[],"acf":[],"yoast_head":"<!-- This site is optimized with the Yoast SEO plugin v19.14 - https:\/\/yoast.com\/wordpress\/plugins\/seo\/ -->\n<title>Warunki sprzeda\u017cy i dostawy - Aerovit A\/S<\/title>\n<meta name=\"description\" content=\"Poznaj nasze warunki sprzeda\u017cy i dostaw: ceny, prawa autorskie, specyfikacje techniczne, gwarancja, zwroty i inne warunki.\" \/>\n<meta name=\"robots\" content=\"index, follow, max-snippet:-1, max-image-preview:large, max-video-preview:-1\" \/>\n<link rel=\"canonical\" href=\"https:\/\/www.aerovit.dk\/pl\/warunki-sprzedazy-i-dostawy\/\" \/>\n<meta property=\"og:locale\" content=\"pl_PL\" \/>\n<meta property=\"og:type\" content=\"article\" \/>\n<meta property=\"og:title\" content=\"Warunki sprzeda\u017cy i dostawy - Aerovit A\/S\" \/>\n<meta property=\"og:description\" content=\"Poznaj nasze warunki sprzeda\u017cy i dostaw: ceny, prawa autorskie, specyfikacje techniczne, gwarancja, zwroty i inne warunki.\" \/>\n<meta property=\"og:url\" content=\"https:\/\/www.aerovit.dk\/pl\/warunki-sprzedazy-i-dostawy\/\" \/>\n<meta property=\"og:site_name\" content=\"Aerovit A\/S\" \/>\n<meta property=\"article:modified_time\" content=\"2026-01-13T14:32:56+00:00\" \/>\n<meta name=\"twitter:card\" content=\"summary_large_image\" \/>\n<script type=\"application\/ld+json\" class=\"yoast-schema-graph\">{\"@context\":\"https:\/\/schema.org\",\"@graph\":[{\"@type\":\"WebPage\",\"@id\":\"https:\/\/www.aerovit.dk\/pl\/warunki-sprzedazy-i-dostawy\/\",\"url\":\"https:\/\/www.aerovit.dk\/pl\/warunki-sprzedazy-i-dostawy\/\",\"name\":\"Warunki sprzeda\u017cy i dostawy - Aerovit A\/S\",\"isPartOf\":{\"@id\":\"https:\/\/www.aerovit.dk\/#website\"},\"datePublished\":\"2025-09-23T12:41:04+00:00\",\"dateModified\":\"2026-01-13T14:32:56+00:00\",\"description\":\"Poznaj nasze warunki sprzeda\u017cy i dostaw: ceny, prawa autorskie, specyfikacje techniczne, gwarancja, zwroty i inne warunki.\",\"inLanguage\":\"pl-PL\",\"potentialAction\":[{\"@type\":\"ReadAction\",\"target\":[\"https:\/\/www.aerovit.dk\/pl\/warunki-sprzedazy-i-dostawy\/\"]}]},{\"@type\":\"WebSite\",\"@id\":\"https:\/\/www.aerovit.dk\/#website\",\"url\":\"https:\/\/www.aerovit.dk\/\",\"name\":\"Aerovit A\/S\",\"description\":\"We specialize in keeping boilers clean \u2013 Efficiently and reliably\",\"publisher\":{\"@id\":\"https:\/\/www.aerovit.dk\/#organization\"},\"potentialAction\":[{\"@type\":\"SearchAction\",\"target\":{\"@type\":\"EntryPoint\",\"urlTemplate\":\"https:\/\/www.aerovit.dk\/?s={search_term_string}\"},\"query-input\":\"required name=search_term_string\"}],\"inLanguage\":\"pl-PL\"},{\"@type\":\"Organization\",\"@id\":\"https:\/\/www.aerovit.dk\/#organization\",\"name\":\"Aerovit A\/S\",\"url\":\"https:\/\/www.aerovit.dk\/\",\"logo\":{\"@type\":\"ImageObject\",\"inLanguage\":\"pl-PL\",\"@id\":\"https:\/\/www.aerovit.dk\/#\/schema\/logo\/image\/\",\"url\":\"https:\/\/www.aerovit.dk\/wp-content\/uploads\/sites\/112\/2022\/12\/Home-Logo.svg\",\"contentUrl\":\"https:\/\/www.aerovit.dk\/wp-content\/uploads\/sites\/112\/2022\/12\/Home-Logo.svg\",\"width\":1923,\"height\":289,\"caption\":\"Aerovit A\/S\"},\"image\":{\"@id\":\"https:\/\/www.aerovit.dk\/#\/schema\/logo\/image\/\"},\"sameAs\":[\"https:\/\/www.linkedin.com\/company\/1889435\/\"]}]}<\/script>\n<!-- \/ Yoast SEO plugin. -->","yoast_head_json":{"title":"Warunki sprzeda\u017cy i dostawy - Aerovit A\/S","description":"Poznaj nasze warunki sprzeda\u017cy i dostaw: ceny, prawa autorskie, specyfikacje techniczne, gwarancja, zwroty i inne warunki.","robots":{"index":"index","follow":"follow","max-snippet":"max-snippet:-1","max-image-preview":"max-image-preview:large","max-video-preview":"max-video-preview:-1"},"canonical":"https:\/\/www.aerovit.dk\/pl\/warunki-sprzedazy-i-dostawy\/","og_locale":"pl_PL","og_type":"article","og_title":"Warunki sprzeda\u017cy i dostawy - Aerovit A\/S","og_description":"Poznaj nasze warunki sprzeda\u017cy i dostaw: ceny, prawa autorskie, specyfikacje techniczne, gwarancja, zwroty i inne warunki.","og_url":"https:\/\/www.aerovit.dk\/pl\/warunki-sprzedazy-i-dostawy\/","og_site_name":"Aerovit A\/S","article_modified_time":"2026-01-13T14:32:56+00:00","twitter_card":"summary_large_image","schema":{"@context":"https:\/\/schema.org","@graph":[{"@type":"WebPage","@id":"https:\/\/www.aerovit.dk\/pl\/warunki-sprzedazy-i-dostawy\/","url":"https:\/\/www.aerovit.dk\/pl\/warunki-sprzedazy-i-dostawy\/","name":"Warunki sprzeda\u017cy i dostawy - Aerovit A\/S","isPartOf":{"@id":"https:\/\/www.aerovit.dk\/#website"},"datePublished":"2025-09-23T12:41:04+00:00","dateModified":"2026-01-13T14:32:56+00:00","description":"Poznaj nasze warunki sprzeda\u017cy i dostaw: ceny, prawa autorskie, specyfikacje techniczne, gwarancja, zwroty i inne warunki.","inLanguage":"pl-PL","potentialAction":[{"@type":"ReadAction","target":["https:\/\/www.aerovit.dk\/pl\/warunki-sprzedazy-i-dostawy\/"]}]},{"@type":"WebSite","@id":"https:\/\/www.aerovit.dk\/#website","url":"https:\/\/www.aerovit.dk\/","name":"Aerovit A\/S","description":"We specialize in keeping boilers clean \u2013 Efficiently and reliably","publisher":{"@id":"https:\/\/www.aerovit.dk\/#organization"},"potentialAction":[{"@type":"SearchAction","target":{"@type":"EntryPoint","urlTemplate":"https:\/\/www.aerovit.dk\/?s={search_term_string}"},"query-input":"required name=search_term_string"}],"inLanguage":"pl-PL"},{"@type":"Organization","@id":"https:\/\/www.aerovit.dk\/#organization","name":"Aerovit A\/S","url":"https:\/\/www.aerovit.dk\/","logo":{"@type":"ImageObject","inLanguage":"pl-PL","@id":"https:\/\/www.aerovit.dk\/#\/schema\/logo\/image\/","url":"https:\/\/www.aerovit.dk\/wp-content\/uploads\/sites\/112\/2022\/12\/Home-Logo.svg","contentUrl":"https:\/\/www.aerovit.dk\/wp-content\/uploads\/sites\/112\/2022\/12\/Home-Logo.svg","width":1923,"height":289,"caption":"Aerovit A\/S"},"image":{"@id":"https:\/\/www.aerovit.dk\/#\/schema\/logo\/image\/"},"sameAs":["https:\/\/www.linkedin.com\/company\/1889435\/"]}]}},"_links":{"self":[{"href":"https:\/\/www.aerovit.dk\/pl\/wp-json\/wp\/v2\/pages\/15554"}],"collection":[{"href":"https:\/\/www.aerovit.dk\/pl\/wp-json\/wp\/v2\/pages"}],"about":[{"href":"https:\/\/www.aerovit.dk\/pl\/wp-json\/wp\/v2\/types\/page"}],"author":[{"embeddable":true,"href":"https:\/\/www.aerovit.dk\/pl\/wp-json\/wp\/v2\/users\/91"}],"replies":[{"embeddable":true,"href":"https:\/\/www.aerovit.dk\/pl\/wp-json\/wp\/v2\/comments?post=15554"}],"version-history":[{"count":9,"href":"https:\/\/www.aerovit.dk\/pl\/wp-json\/wp\/v2\/pages\/15554\/revisions"}],"predecessor-version":[{"id":15598,"href":"https:\/\/www.aerovit.dk\/pl\/wp-json\/wp\/v2\/pages\/15554\/revisions\/15598"}],"wp:attachment":[{"href":"https:\/\/www.aerovit.dk\/pl\/wp-json\/wp\/v2\/media?parent=15554"}],"wp:term":[{"taxonomy":"segment","embeddable":true,"href":"https:\/\/www.aerovit.dk\/pl\/wp-json\/wp\/v2\/segment?post=15554"}],"curies":[{"name":"wp","href":"https:\/\/api.w.org\/{rel}","templated":true}]}}