{"id":15556,"date":"2025-09-29T13:44:57","date_gmt":"2025-09-29T11:44:57","guid":{"rendered":"https:\/\/www.aerovit.dk\/mission-and-vision\/"},"modified":"2026-01-13T15:29:37","modified_gmt":"2026-01-13T14:29:37","slug":"misja-i-wizja","status":"publish","type":"page","link":"https:\/\/www.aerovit.dk\/pl\/misja-i-wizja\/","title":{"rendered":"Misja i wizja"},"content":{"rendered":"<div class=\"block-cta-advanced relative bg-cover bg-center bg-no-repeat pt-6 md:pt-6 lg:pt-6 pb-6 md:pb-6 lg:pb-6    theme-dark schema-bg-color-dark_blue lazy-bg\"\n     id=\"block_696656d029bbf\"\n\n     style=\"background-image: url('data:image\/gif;base64,R0lGODlhAQABAIAAAP\/\/\/\/\/\/\/yH5BAEKAAEALAAAAAABAAEAAAICTAEAOw==')\"\n     data-src=\"https:\/\/www.aerovit.dk\/wp-content\/uploads\/sites\/112\/2025\/06\/New-partner-image-2.png\"\n\n    data-design-type=\"type_4\"\n    >\n\n    \n\n    <div class=\"absolute inset-0 z-10\"\n         style=\"background-color: #3c4858; opacity: 0.70\"><\/div>\n\n    \n    \n        \n\n<div class=\"container relative z-10\">\n    <div class=\"pb-16 pt-20 md:pt-32 lg:py-32 relative\">\n        <div class=\"relative   mx-auto text-center \">\n\n            \n            <div class=\"relative z-10 \">\n                <header class=\"mb-3\">\n                                        <h1 class=\"\">\n                        Misja i wizja                    <\/h1>\n                <\/header>\n                <div class=\"wysiwyg-content  text-xl max-w-lg xl:max-w-xl mx-auto\">\n                                    <\/div>\n\n                            <\/div>\n        <\/div>\n    <\/div>\n\n    <\/div>\n    <\/div>\n\n\n<div class=\"block-media-embed overflow-hidden pt-6 md:pt-12 lg:pt-12 pb-6 md:pb-12 lg:pb-12 theme- schema-bg-color-default\"\n     id=\"block_696656d02c2d0\">\n\n    <div class=\"container mx-auto px-4 lg:px-4 relative\">\n        <div class=\"w-full\">\n\n            \n            \n            <div class=\"w-full flex flex-col items-center justify-center\">\n\n                \n    <div class=\"overflow-hidden rounded shadow-lg\">\n        <img src=\"https:\/\/www.aerovit.dk\/wp-content\/uploads\/sites\/112\/2026\/01\/Misja-i-wizja.png\" alt=\"\" class=\"inline-block max-w-full max-h-full\" loading=\"lazy\">\n    <\/div>\n\n            <\/div>\n        <\/div>\n    <\/div>\n<\/div>","protected":false},"excerpt":{"rendered":"","protected":false},"author":91,"featured_media":0,"parent":0,"menu_order":0,"comment_status":"closed","ping_status":"closed","template":"","meta":[],"segment":[],"acf":[],"yoast_head":"<!-- This site is optimized with the Yoast SEO plugin v19.14 - https:\/\/yoast.com\/wordpress\/plugins\/seo\/ -->\n<title>Misja i wizja - Aerovit A\/S<\/title>\n<meta name=\"description\" content=\"Aerovit: misja \u2013 utrzymywa\u0107 kot\u0142y w czysto\u015bci i podnosi\u0107 sprawno\u015b\u0107; wizja \u2013 czystsza energia dzi\u0119ki bezpiecznym, zr\u00f3wnowa\u017conym rozwi\u0105zaniom.\" \/>\n<meta name=\"robots\" content=\"index, follow, max-snippet:-1, max-image-preview:large, max-video-preview:-1\" \/>\n<link rel=\"canonical\" href=\"https:\/\/www.aerovit.dk\/pl\/misja-i-wizja\/\" \/>\n<meta property=\"og:locale\" content=\"pl_PL\" \/>\n<meta property=\"og:type\" content=\"article\" \/>\n<meta property=\"og:title\" content=\"Misja i wizja - Aerovit A\/S\" \/>\n<meta property=\"og:description\" content=\"Aerovit: misja \u2013 utrzymywa\u0107 kot\u0142y w czysto\u015bci i podnosi\u0107 sprawno\u015b\u0107; wizja \u2013 czystsza energia dzi\u0119ki bezpiecznym, zr\u00f3wnowa\u017conym rozwi\u0105zaniom.\" \/>\n<meta property=\"og:url\" content=\"https:\/\/www.aerovit.dk\/pl\/misja-i-wizja\/\" \/>\n<meta property=\"og:site_name\" content=\"Aerovit A\/S\" \/>\n<meta property=\"article:modified_time\" content=\"2026-01-13T14:29:37+00:00\" \/>\n<meta name=\"twitter:card\" content=\"summary_large_image\" \/>\n<script type=\"application\/ld+json\" class=\"yoast-schema-graph\">{\"@context\":\"https:\/\/schema.org\",\"@graph\":[{\"@type\":\"WebPage\",\"@id\":\"https:\/\/www.aerovit.dk\/pl\/misja-i-wizja\/\",\"url\":\"https:\/\/www.aerovit.dk\/pl\/misja-i-wizja\/\",\"name\":\"Misja i wizja - Aerovit A\/S\",\"isPartOf\":{\"@id\":\"https:\/\/www.aerovit.dk\/#website\"},\"datePublished\":\"2025-09-29T11:44:57+00:00\",\"dateModified\":\"2026-01-13T14:29:37+00:00\",\"description\":\"Aerovit: misja \u2013 utrzymywa\u0107 kot\u0142y w czysto\u015bci i podnosi\u0107 sprawno\u015b\u0107; wizja \u2013 czystsza energia dzi\u0119ki bezpiecznym, zr\u00f3wnowa\u017conym rozwi\u0105zaniom.\",\"inLanguage\":\"pl-PL\",\"potentialAction\":[{\"@type\":\"ReadAction\",\"target\":[\"https:\/\/www.aerovit.dk\/pl\/misja-i-wizja\/\"]}]},{\"@type\":\"WebSite\",\"@id\":\"https:\/\/www.aerovit.dk\/#website\",\"url\":\"https:\/\/www.aerovit.dk\/\",\"name\":\"Aerovit A\/S\",\"description\":\"We specialize in keeping boilers clean \u2013 Efficiently and reliably\",\"publisher\":{\"@id\":\"https:\/\/www.aerovit.dk\/#organization\"},\"potentialAction\":[{\"@type\":\"SearchAction\",\"target\":{\"@type\":\"EntryPoint\",\"urlTemplate\":\"https:\/\/www.aerovit.dk\/?s={search_term_string}\"},\"query-input\":\"required name=search_term_string\"}],\"inLanguage\":\"pl-PL\"},{\"@type\":\"Organization\",\"@id\":\"https:\/\/www.aerovit.dk\/#organization\",\"name\":\"Aerovit A\/S\",\"url\":\"https:\/\/www.aerovit.dk\/\",\"logo\":{\"@type\":\"ImageObject\",\"inLanguage\":\"pl-PL\",\"@id\":\"https:\/\/www.aerovit.dk\/#\/schema\/logo\/image\/\",\"url\":\"https:\/\/www.aerovit.dk\/wp-content\/uploads\/sites\/112\/2022\/12\/Home-Logo.svg\",\"contentUrl\":\"https:\/\/www.aerovit.dk\/wp-content\/uploads\/sites\/112\/2022\/12\/Home-Logo.svg\",\"width\":1923,\"height\":289,\"caption\":\"Aerovit A\/S\"},\"image\":{\"@id\":\"https:\/\/www.aerovit.dk\/#\/schema\/logo\/image\/\"},\"sameAs\":[\"https:\/\/www.linkedin.com\/company\/1889435\/\"]}]}<\/script>\n<!-- \/ Yoast SEO plugin. -->","yoast_head_json":{"title":"Misja i wizja - Aerovit A\/S","description":"Aerovit: misja \u2013 utrzymywa\u0107 kot\u0142y w czysto\u015bci i podnosi\u0107 sprawno\u015b\u0107; wizja \u2013 czystsza energia dzi\u0119ki bezpiecznym, zr\u00f3wnowa\u017conym rozwi\u0105zaniom.","robots":{"index":"index","follow":"follow","max-snippet":"max-snippet:-1","max-image-preview":"max-image-preview:large","max-video-preview":"max-video-preview:-1"},"canonical":"https:\/\/www.aerovit.dk\/pl\/misja-i-wizja\/","og_locale":"pl_PL","og_type":"article","og_title":"Misja i wizja - Aerovit A\/S","og_description":"Aerovit: misja \u2013 utrzymywa\u0107 kot\u0142y w czysto\u015bci i podnosi\u0107 sprawno\u015b\u0107; wizja \u2013 czystsza energia dzi\u0119ki bezpiecznym, zr\u00f3wnowa\u017conym rozwi\u0105zaniom.","og_url":"https:\/\/www.aerovit.dk\/pl\/misja-i-wizja\/","og_site_name":"Aerovit A\/S","article_modified_time":"2026-01-13T14:29:37+00:00","twitter_card":"summary_large_image","schema":{"@context":"https:\/\/schema.org","@graph":[{"@type":"WebPage","@id":"https:\/\/www.aerovit.dk\/pl\/misja-i-wizja\/","url":"https:\/\/www.aerovit.dk\/pl\/misja-i-wizja\/","name":"Misja i wizja - Aerovit A\/S","isPartOf":{"@id":"https:\/\/www.aerovit.dk\/#website"},"datePublished":"2025-09-29T11:44:57+00:00","dateModified":"2026-01-13T14:29:37+00:00","description":"Aerovit: misja \u2013 utrzymywa\u0107 kot\u0142y w czysto\u015bci i podnosi\u0107 sprawno\u015b\u0107; wizja \u2013 czystsza energia dzi\u0119ki bezpiecznym, zr\u00f3wnowa\u017conym rozwi\u0105zaniom.","inLanguage":"pl-PL","potentialAction":[{"@type":"ReadAction","target":["https:\/\/www.aerovit.dk\/pl\/misja-i-wizja\/"]}]},{"@type":"WebSite","@id":"https:\/\/www.aerovit.dk\/#website","url":"https:\/\/www.aerovit.dk\/","name":"Aerovit A\/S","description":"We specialize in keeping boilers clean \u2013 Efficiently and reliably","publisher":{"@id":"https:\/\/www.aerovit.dk\/#organization"},"potentialAction":[{"@type":"SearchAction","target":{"@type":"EntryPoint","urlTemplate":"https:\/\/www.aerovit.dk\/?s={search_term_string}"},"query-input":"required name=search_term_string"}],"inLanguage":"pl-PL"},{"@type":"Organization","@id":"https:\/\/www.aerovit.dk\/#organization","name":"Aerovit A\/S","url":"https:\/\/www.aerovit.dk\/","logo":{"@type":"ImageObject","inLanguage":"pl-PL","@id":"https:\/\/www.aerovit.dk\/#\/schema\/logo\/image\/","url":"https:\/\/www.aerovit.dk\/wp-content\/uploads\/sites\/112\/2022\/12\/Home-Logo.svg","contentUrl":"https:\/\/www.aerovit.dk\/wp-content\/uploads\/sites\/112\/2022\/12\/Home-Logo.svg","width":1923,"height":289,"caption":"Aerovit A\/S"},"image":{"@id":"https:\/\/www.aerovit.dk\/#\/schema\/logo\/image\/"},"sameAs":["https:\/\/www.linkedin.com\/company\/1889435\/"]}]}},"_links":{"self":[{"href":"https:\/\/www.aerovit.dk\/pl\/wp-json\/wp\/v2\/pages\/15556"}],"collection":[{"href":"https:\/\/www.aerovit.dk\/pl\/wp-json\/wp\/v2\/pages"}],"about":[{"href":"https:\/\/www.aerovit.dk\/pl\/wp-json\/wp\/v2\/types\/page"}],"author":[{"embeddable":true,"href":"https:\/\/www.aerovit.dk\/pl\/wp-json\/wp\/v2\/users\/91"}],"replies":[{"embeddable":true,"href":"https:\/\/www.aerovit.dk\/pl\/wp-json\/wp\/v2\/comments?post=15556"}],"version-history":[{"count":4,"href":"https:\/\/www.aerovit.dk\/pl\/wp-json\/wp\/v2\/pages\/15556\/revisions"}],"predecessor-version":[{"id":15594,"href":"https:\/\/www.aerovit.dk\/pl\/wp-json\/wp\/v2\/pages\/15556\/revisions\/15594"}],"wp:attachment":[{"href":"https:\/\/www.aerovit.dk\/pl\/wp-json\/wp\/v2\/media?parent=15556"}],"wp:term":[{"taxonomy":"segment","embeddable":true,"href":"https:\/\/www.aerovit.dk\/pl\/wp-json\/wp\/v2\/segment?post=15556"}],"curies":[{"name":"wp","href":"https:\/\/api.w.org\/{rel}","templated":true}]}}