{"id":15558,"date":"2025-09-29T13:57:45","date_gmt":"2025-09-29T11:57:45","guid":{"rendered":"https:\/\/www.aerovit.dk\/sign-up-to-newsletter\/"},"modified":"2026-01-13T15:31:54","modified_gmt":"2026-01-13T14:31:54","slug":"zapisz-sie-do-newslettera-aerovit","status":"publish","type":"page","link":"https:\/\/www.aerovit.dk\/pl\/zapisz-sie-do-newslettera-aerovit\/","title":{"rendered":"Zapisz si\u0119 do newslettera Aerovit"},"content":{"rendered":"<div class=\"block-cta-advanced relative bg-cover bg-center bg-no-repeat pt-6 md:pt-6 lg:pt-6 pb-6 md:pb-6 lg:pb-6    theme-dark schema-bg-color-dark_blue lazy-bg\"\n     id=\"block_69665758b94a4\"\n\n     style=\"background-image: url('data:image\/gif;base64,R0lGODlhAQABAIAAAP\/\/\/\/\/\/\/yH5BAEKAAEALAAAAAABAAEAAAICTAEAOw==')\"\n     data-src=\"https:\/\/www.aerovit.dk\/wp-content\/uploads\/sites\/112\/2024\/12\/Jaycorp-case-Boiler-front-door-3.jpg\"\n\n    data-design-type=\"type_4\"\n    >\n\n    \n\n    <div class=\"absolute inset-0 z-10\"\n         style=\"background-color: #3c4858; opacity: 0.70\"><\/div>\n\n    \n    \n        \n\n<div class=\"container relative z-10\">\n    <div class=\"pb-16 pt-20 md:pt-32 lg:py-32 relative\">\n        <div class=\"relative   mx-auto text-center \">\n\n            \n            <div class=\"relative z-10 \">\n                <header class=\"mb-3\">\n                                        <h1 class=\"\">\n                        Zapisz si\u0119 do newslettera Aerovit                    <\/h1>\n                <\/header>\n                <div class=\"wysiwyg-content  text-xl max-w-lg xl:max-w-xl mx-auto\">\n                                    <\/div>\n\n                            <\/div>\n        <\/div>\n    <\/div>\n\n    <\/div>\n    <\/div>\n\n\n<div class=\"block-media-text-carousel pt-6 md:pt-12 lg:pt-12 pb-6 md:pb-12 lg:pb-12 theme-light schema-bg-color-light_gray\"\n     id=\"block_69665758bfd7e\">\n    <div class=\"container relative\">\n                \n            <div>\n\n\n                <div x-data=\"xDataTabbedCarousel_795b70419821934de8c6d93b4dcd4b41()\">\n\n                    <div class=\"block md:hidden\">\n\n                        <div class=\"\">\n\n\n                                                        <div class=\"\" >\n\n                                \n                                <div  class=\"carousel-tab overflow-hidden px-3\">\n\n                                    <div class=\"mb-6\">\n\n                                        \n    <div class=\"overflow-hidden  \">\n        <img src=\"https:\/\/www.aerovit.dk\/wp-content\/uploads\/sites\/112\/2020\/11\/Va\u0308nersborg5-1.jpg\" alt=\"\" class=\"inline-block max-w-full max-h-full\" loading=\"lazy\">\n    <\/div>\n\n\n                                    <\/div>\n\n                                    <header class=\" mb-6\">\n                                        <div class=\"pre-heading\">\n                                                                                    <\/div>\n                                        <h4 class=\"p-0 m-0\">\n                                            Zapisz si\u0119 do newslettera Aerovit                                        <\/h4>\n                                    <\/header>\n\n                                    <div class=\"text-sm wysiwyg-content mb-6\">\n                                        <p>W Aerovit specjalizujemy si\u0119 w utrzymywaniu kot\u0142\u00f3w w czysto\u015bci i wysokiej sprawno\u015bci \u2014 i chcemy pom\u00f3c Ci by\u0107 na bie\u017c\u0105co z najnowszymi informacjami o technologii czyszczenia kot\u0142\u00f3w Aerovit, wzrostach efektywno\u015bci oraz realnych historiach sukcesu.<\/p>\n<p>Zapisuj\u0105c si\u0119 do naszego newslettera, zyskasz bezpo\u015bredni dost\u0119p do ekskluzywnych tre\u015bci dla profesjonalist\u00f3w z bran\u017cy kot\u0142owej.<\/p>\n                                    <\/div>\n\n                                    \n                                                                            <div class=\"mb-6 lg:flex lg:items-center lg:-mx-2\">\n                                                                                            <div class=\"mb-3 lg:mb-0 lg:px-2\">\n                                                        <div x-data=\"{ 'showModal': false }\">\n\n\n        <div>\n            \n                <a href=\"https:\/\/mailchi.mp\/aerovit.dk\/signup-for-newsletter\"\n                   target=\"\"\n                   class=\"btn  btn-primary  \">\n                    <div class=\" ml-6\">\n                        Kliknij, aby si\u0119 zapisa\u0107                    <\/div>\n                                            <div class=\"float-right ml-3 mr-3\">\n                            <i class=\"far fa-long-arrow-alt-right\"><\/i>\n                        <\/div>\n                                    <\/a>\n\n            \n\n        <\/div>\n\n\n            <\/div>\n\n                                                <\/div>\n                                                                                    <\/div>\n                                    \n                                <\/div>\n                            <\/div>\n                            \n                        <\/div>\n                    <\/div>\n\n\n                    <div class=\"hidden md:block\">\n                        \n                        <div>\n                            \n                                <div class=\"carousel-slide\" x-show=\"currentSlideIndex === 0\">\n                                    <div class=\"lg:flex \">\n                                        <div class=\"md:mb-6 lg:mb-0 lg:w-2\/3 lg:pr-24\">\n                                            \n    <div class=\"overflow-hidden  \">\n        <img src=\"https:\/\/www.aerovit.dk\/wp-content\/uploads\/sites\/112\/2020\/11\/Va\u0308nersborg5-1.jpg\" alt=\"\" class=\"inline-block max-w-full max-h-full\" loading=\"lazy\">\n    <\/div>\n\n                                        <\/div>\n                                        <div class=\"lg:w-1\/3 \">\n                                            <header class=\"lg:pr-3 mb-6\">\n                                                <div class=\"pre-heading\">\n                                                                                                    <\/div>\n                                                <h3 class=\"p-0 m-0\">\n                                                    Zapisz si\u0119 do newslettera Aerovit                                                <\/h3>\n                                            <\/header>\n                                            <div class=\"text-sm mb-6 wysiwyg-content\">\n                                                <p>W Aerovit specjalizujemy si\u0119 w utrzymywaniu kot\u0142\u00f3w w czysto\u015bci i wysokiej sprawno\u015bci \u2014 i chcemy pom\u00f3c Ci by\u0107 na bie\u017c\u0105co z najnowszymi informacjami o technologii czyszczenia kot\u0142\u00f3w Aerovit, wzrostach efektywno\u015bci oraz realnych historiach sukcesu.<\/p>\n<p>Zapisuj\u0105c si\u0119 do naszego newslettera, zyskasz bezpo\u015bredni dost\u0119p do ekskluzywnych tre\u015bci dla profesjonalist\u00f3w z bran\u017cy kot\u0142owej.<\/p>\n                                            <\/div>\n                                            \n                                                                                            <div class=\"mb-6 lg:flex lg:items-center lg:-mx-2\">\n                                                                                                            <div class=\"mb-3 lg:mb-0 lg:px-2\">\n                                                                <div x-data=\"{ 'showModal': false }\">\n\n\n        <div>\n            \n                <a href=\"https:\/\/mailchi.mp\/aerovit.dk\/signup-for-newsletter\"\n                   target=\"\"\n                   class=\"btn  btn-primary  \">\n                    <div class=\" ml-6\">\n                        Kliknij, aby si\u0119 zapisa\u0107                    <\/div>\n                                            <div class=\"float-right ml-3 mr-3\">\n                            <i class=\"far fa-long-arrow-alt-right\"><\/i>\n                        <\/div>\n                                    <\/a>\n\n            \n\n        <\/div>\n\n\n            <\/div>\n\n                                                        <\/div>\n                                                                                                    <\/div>\n                                                                                    <\/div>\n\n                                    <\/div>\n                                <\/div>\n                                                    <\/div>\n\n                    <\/div>\n                <\/div>\n\n                <script>\n                    function xDataTabbedCarousel_795b70419821934de8c6d93b4dcd4b41() {\n                        return {\n                            slidesCount: 1,\n                            currentSlideIndex: 0,\n                            selectorIsOpen: false,\n                            openTabs: [],\n                            setSlide: function (slideIndex) {\n                                var vm = this;\n                                vm.currentSlideIndex = slideIndex;\n                                var elements = document.querySelectorAll('.carousel-slide');\n                                elements.forEach(function (element, index) {\n                                    vm.stopVideo(element);\n                                });\n\n\n                            },\n                            previousSlide: function () {\n                                var vm = this;\n                                var previousSlide = (vm.currentSlideIndex === 0) ? (vm.slidesCount - 1) : (vm.currentSlideIndex - 1);\n\n                                vm.currentSlideIndex = previousSlide;\n                            },\n                            nextSlide: function () {\n                                var vm = this;\n                                var nextSlide = (vm.currentSlideIndex === (vm.slidesCount - 1)) ? 0 : (vm.currentSlideIndex + 1);\n\n                                vm.currentSlideIndex = nextSlide;\n                            },\n                            stopVideo: function (element) {\n                                var iframe = element.querySelector('iframe');\n                                var video = element.querySelector('video');\n                                if (iframe) {\n                                    var iframeSrc = iframe.src;\n                                    iframe.src = iframeSrc;\n                                }\n                                if (video) {\n                                    video.pause();\n                                }\n                            },\n                            toggleOpenTabs: function (index) {\n                                var vm = this;\n\n                                var tabs = vm.openTabs;\n                                if (vm.openTabs.indexOf(index) > -1 ) {\n                                    vm.openTabs.splice( vm.openTabs.indexOf(index), 1 );\n                                }else{\n                                    vm.openTabs.push(index); \/\/ ...tabs,\n                                }\n\n                            },\n                            isInOpenTabs :function(index){\n                                var vm = this;\n                                return vm.openTabs.includes(index);\n                            }\n                        }\n                    }\n\n                <\/script>\n\n\n            <\/div>\n\n\n            <\/div>\n<\/div>\n\n<div class=\"block-section-header pt-0 pb-0  theme-light schema-bg-color-light_gray\"\n     id=\"block_69665758c060e\">\n\n    <div class=\"container\">\n\n        \n            <header class=\"text-center\">\n                                <h2 class=\"p-0 m-0\">\n                    Dlaczego warto?                <\/h2>\n                            <\/header>\n            <\/div>\n<\/div>\n\n\n\n<div class=\"block-text-columns pt-6 md:pt-12 lg:pt-12 pb-16 md:pb-16 lg:pb-24 theme-light schema-bg-color-light_gray\"\n     id=\"block_69665758c66aa\">\n\n    <div class=\"container\">\n\n\n\n        \n            <div class=\"md:flex md:flex-wrap lg:-mx-4\">\n\n                \n\n                \n                <div class=\"md:px-4 md:w-1\/2 mb-12 md:mb-0\">\n                    \n                    \n                    \n                                            <div class=\"wysiwyg-content\">\n                            <p><strong>B\u0105d\u017a pierwszy\/a, kto si\u0119 dowie<\/strong><br \/>\nUzyskaj wczesny dost\u0119p do premier produkt\u00f3w, nowych rozwi\u0105za\u0144 i wa\u017cnych aktualizacji firmowych, kt\u00f3re mog\u0105 wesprze\u0107 Twoj\u0105 eksploatacj\u0119.<\/p>\n<p><strong>Maksymalna efektywno\u015b\u0107<\/strong><br \/>\nOtrzymuj eksperck\u0105 wiedz\u0119 o tym, jak automatyczne systemy czyszczenia Aerovit mog\u0105 poprawi\u0107 wydajno\u015b\u0107 kot\u0142a, zmniejszy\u0107 zu\u017cycie paliwa i skr\u00f3ci\u0107 czas zwrotu z inwestycji.<\/p>\n<p><strong>Spotkaj nas osobi\u015bcie<\/strong><br \/>\nB\u0105d\u017a na bie\u017c\u0105co z targami i konferencjami bran\u017cowymi, gdzie mo\u017cesz porozmawia\u0107 z zespo\u0142em Aerovit i zobaczy\u0107 nasze rozwi\u0105zania w dzia\u0142aniu.<\/p>\n                        <\/div>\n                    \n                    <div class=\"lg:flex md:-mx-4 mt-12\">\n\n\n                        \n                                            <\/div>\n\n                <\/div>\n\n                \n\n                \n                <div class=\"md:px-4 md:w-1\/2 mb-12 md:mb-0\">\n                    \n                    \n                    \n                                            <div class=\"wysiwyg-content\">\n                            <p><strong>Prawdziwe sukcesy klient\u00f3w<\/strong><br \/>\nPoznaj przypadki naszych klient\u00f3w i dowiedz si\u0119, jakie wyniki osi\u0105gn\u0119li dzi\u0119ki rozwi\u0105zaniom Aerovit do czyszczenia kot\u0142\u00f3w.<\/p>\n<p><strong>Czy wiesz, \u017ce\u2026?<\/strong><br \/>\nNiezale\u017cnie od tego, czy dopiero poznajesz Aerovit, czy wsp\u00f3\u0142pracujesz z nami od lat, nasz newsletter to najlepsze \u017ar\u00f3d\u0142o warto\u015bciowych aktualizacji oraz praktycznej wiedzy i do\u015bwiadcze\u0144. Odkrywaj szybkie fakty i praktyczne wskaz\u00f3wki, kt\u00f3re pomog\u0105 Ci maksymalnie wykorzysta\u0107 konfiguracj\u0119 czyszczenia kot\u0142a.<\/p>\n<p><em><strong>Dbajmy wsp\u00f3lnie o czysto\u015b\u0107 Twojego kot\u0142a i utrzymujmy prac\u0119 instalacji na najwy\u017cszym poziomie.<\/strong><\/em><\/p>\n                        <\/div>\n                    \n                    <div class=\"lg:flex md:-mx-4 mt-12\">\n\n\n                        \n                                            <\/div>\n\n                <\/div>\n\n                            <\/div>\n\n            <\/div>\n<\/div>\n","protected":false},"excerpt":{"rendered":"","protected":false},"author":91,"featured_media":15560,"parent":0,"menu_order":0,"comment_status":"closed","ping_status":"closed","template":"","meta":[],"segment":[],"acf":[],"yoast_head":"<!-- This site is optimized with the Yoast SEO plugin v19.14 - https:\/\/yoast.com\/wordpress\/plugins\/seo\/ -->\n<title>Zapisz si\u0119 do newslettera Aerovit - Aerovit A\/S<\/title>\n<meta name=\"description\" content=\"Sign up to our newsletter and stay updated with the lastest news about products, case stories and how we can help to optimise your boiler.\" \/>\n<meta name=\"robots\" content=\"index, follow, max-snippet:-1, max-image-preview:large, max-video-preview:-1\" \/>\n<link rel=\"canonical\" href=\"https:\/\/www.aerovit.dk\/pl\/zapisz-sie-do-newslettera-aerovit\/\" \/>\n<meta property=\"og:locale\" content=\"pl_PL\" \/>\n<meta property=\"og:type\" content=\"article\" \/>\n<meta property=\"og:title\" content=\"Zapisz si\u0119 do newslettera Aerovit - Aerovit A\/S\" \/>\n<meta property=\"og:description\" content=\"Sign up to our newsletter and stay updated with the lastest news about products, case stories and how we can help to optimise your boiler.\" \/>\n<meta property=\"og:url\" content=\"https:\/\/www.aerovit.dk\/pl\/zapisz-sie-do-newslettera-aerovit\/\" \/>\n<meta property=\"og:site_name\" content=\"Aerovit A\/S\" \/>\n<meta property=\"article:modified_time\" content=\"2026-01-13T14:31:54+00:00\" \/>\n<meta property=\"og:image\" content=\"https:\/\/www.aerovit.dk\/wp-content\/uploads\/sites\/112\/2025\/09\/Carbon-footprint-scaled.jpg\" \/>\n\t<meta property=\"og:image:width\" content=\"2560\" \/>\n\t<meta property=\"og:image:height\" content=\"1709\" \/>\n\t<meta property=\"og:image:type\" content=\"image\/jpeg\" \/>\n<meta name=\"twitter:card\" content=\"summary_large_image\" \/>\n<script type=\"application\/ld+json\" class=\"yoast-schema-graph\">{\"@context\":\"https:\/\/schema.org\",\"@graph\":[{\"@type\":\"WebPage\",\"@id\":\"https:\/\/www.aerovit.dk\/pl\/zapisz-sie-do-newslettera-aerovit\/\",\"url\":\"https:\/\/www.aerovit.dk\/pl\/zapisz-sie-do-newslettera-aerovit\/\",\"name\":\"Zapisz si\u0119 do newslettera Aerovit - Aerovit A\/S\",\"isPartOf\":{\"@id\":\"https:\/\/www.aerovit.dk\/#website\"},\"datePublished\":\"2025-09-29T11:57:45+00:00\",\"dateModified\":\"2026-01-13T14:31:54+00:00\",\"description\":\"Sign up to our newsletter and stay updated with the lastest news about products, case stories and how we can help to optimise your boiler.\",\"inLanguage\":\"pl-PL\",\"potentialAction\":[{\"@type\":\"ReadAction\",\"target\":[\"https:\/\/www.aerovit.dk\/pl\/zapisz-sie-do-newslettera-aerovit\/\"]}]},{\"@type\":\"WebSite\",\"@id\":\"https:\/\/www.aerovit.dk\/#website\",\"url\":\"https:\/\/www.aerovit.dk\/\",\"name\":\"Aerovit A\/S\",\"description\":\"We specialize in keeping boilers clean \u2013 Efficiently and reliably\",\"publisher\":{\"@id\":\"https:\/\/www.aerovit.dk\/#organization\"},\"potentialAction\":[{\"@type\":\"SearchAction\",\"target\":{\"@type\":\"EntryPoint\",\"urlTemplate\":\"https:\/\/www.aerovit.dk\/?s={search_term_string}\"},\"query-input\":\"required name=search_term_string\"}],\"inLanguage\":\"pl-PL\"},{\"@type\":\"Organization\",\"@id\":\"https:\/\/www.aerovit.dk\/#organization\",\"name\":\"Aerovit A\/S\",\"url\":\"https:\/\/www.aerovit.dk\/\",\"logo\":{\"@type\":\"ImageObject\",\"inLanguage\":\"pl-PL\",\"@id\":\"https:\/\/www.aerovit.dk\/#\/schema\/logo\/image\/\",\"url\":\"https:\/\/www.aerovit.dk\/wp-content\/uploads\/sites\/112\/2022\/12\/Home-Logo.svg\",\"contentUrl\":\"https:\/\/www.aerovit.dk\/wp-content\/uploads\/sites\/112\/2022\/12\/Home-Logo.svg\",\"width\":1923,\"height\":289,\"caption\":\"Aerovit A\/S\"},\"image\":{\"@id\":\"https:\/\/www.aerovit.dk\/#\/schema\/logo\/image\/\"},\"sameAs\":[\"https:\/\/www.linkedin.com\/company\/1889435\/\"]}]}<\/script>\n<!-- \/ Yoast SEO plugin. -->","yoast_head_json":{"title":"Zapisz si\u0119 do newslettera Aerovit - Aerovit A\/S","description":"Sign up to our newsletter and stay updated with the lastest news about products, case stories and how we can help to optimise your boiler.","robots":{"index":"index","follow":"follow","max-snippet":"max-snippet:-1","max-image-preview":"max-image-preview:large","max-video-preview":"max-video-preview:-1"},"canonical":"https:\/\/www.aerovit.dk\/pl\/zapisz-sie-do-newslettera-aerovit\/","og_locale":"pl_PL","og_type":"article","og_title":"Zapisz si\u0119 do newslettera Aerovit - Aerovit A\/S","og_description":"Sign up to our newsletter and stay updated with the lastest news about products, case stories and how we can help to optimise your boiler.","og_url":"https:\/\/www.aerovit.dk\/pl\/zapisz-sie-do-newslettera-aerovit\/","og_site_name":"Aerovit A\/S","article_modified_time":"2026-01-13T14:31:54+00:00","og_image":[{"width":2560,"height":1709,"url":"https:\/\/www.aerovit.dk\/wp-content\/uploads\/sites\/112\/2025\/09\/Carbon-footprint-scaled.jpg","type":"image\/jpeg"}],"twitter_card":"summary_large_image","schema":{"@context":"https:\/\/schema.org","@graph":[{"@type":"WebPage","@id":"https:\/\/www.aerovit.dk\/pl\/zapisz-sie-do-newslettera-aerovit\/","url":"https:\/\/www.aerovit.dk\/pl\/zapisz-sie-do-newslettera-aerovit\/","name":"Zapisz si\u0119 do newslettera Aerovit - Aerovit A\/S","isPartOf":{"@id":"https:\/\/www.aerovit.dk\/#website"},"datePublished":"2025-09-29T11:57:45+00:00","dateModified":"2026-01-13T14:31:54+00:00","description":"Sign up to our newsletter and stay updated with the lastest news about products, case stories and how we can help to optimise your boiler.","inLanguage":"pl-PL","potentialAction":[{"@type":"ReadAction","target":["https:\/\/www.aerovit.dk\/pl\/zapisz-sie-do-newslettera-aerovit\/"]}]},{"@type":"WebSite","@id":"https:\/\/www.aerovit.dk\/#website","url":"https:\/\/www.aerovit.dk\/","name":"Aerovit A\/S","description":"We specialize in keeping boilers clean \u2013 Efficiently and reliably","publisher":{"@id":"https:\/\/www.aerovit.dk\/#organization"},"potentialAction":[{"@type":"SearchAction","target":{"@type":"EntryPoint","urlTemplate":"https:\/\/www.aerovit.dk\/?s={search_term_string}"},"query-input":"required name=search_term_string"}],"inLanguage":"pl-PL"},{"@type":"Organization","@id":"https:\/\/www.aerovit.dk\/#organization","name":"Aerovit A\/S","url":"https:\/\/www.aerovit.dk\/","logo":{"@type":"ImageObject","inLanguage":"pl-PL","@id":"https:\/\/www.aerovit.dk\/#\/schema\/logo\/image\/","url":"https:\/\/www.aerovit.dk\/wp-content\/uploads\/sites\/112\/2022\/12\/Home-Logo.svg","contentUrl":"https:\/\/www.aerovit.dk\/wp-content\/uploads\/sites\/112\/2022\/12\/Home-Logo.svg","width":1923,"height":289,"caption":"Aerovit A\/S"},"image":{"@id":"https:\/\/www.aerovit.dk\/#\/schema\/logo\/image\/"},"sameAs":["https:\/\/www.linkedin.com\/company\/1889435\/"]}]}},"_links":{"self":[{"href":"https:\/\/www.aerovit.dk\/pl\/wp-json\/wp\/v2\/pages\/15558"}],"collection":[{"href":"https:\/\/www.aerovit.dk\/pl\/wp-json\/wp\/v2\/pages"}],"about":[{"href":"https:\/\/www.aerovit.dk\/pl\/wp-json\/wp\/v2\/types\/page"}],"author":[{"embeddable":true,"href":"https:\/\/www.aerovit.dk\/pl\/wp-json\/wp\/v2\/users\/91"}],"replies":[{"embeddable":true,"href":"https:\/\/www.aerovit.dk\/pl\/wp-json\/wp\/v2\/comments?post=15558"}],"version-history":[{"count":2,"href":"https:\/\/www.aerovit.dk\/pl\/wp-json\/wp\/v2\/pages\/15558\/revisions"}],"predecessor-version":[{"id":15597,"href":"https:\/\/www.aerovit.dk\/pl\/wp-json\/wp\/v2\/pages\/15558\/revisions\/15597"}],"wp:featuredmedia":[{"embeddable":true,"href":"https:\/\/www.aerovit.dk\/pl\/wp-json\/wp\/v2\/media\/15560"}],"wp:attachment":[{"href":"https:\/\/www.aerovit.dk\/pl\/wp-json\/wp\/v2\/media?parent=15558"}],"wp:term":[{"taxonomy":"segment","embeddable":true,"href":"https:\/\/www.aerovit.dk\/pl\/wp-json\/wp\/v2\/segment?post=15558"}],"curies":[{"name":"wp","href":"https:\/\/api.w.org\/{rel}","templated":true}]}}