{"id":15599,"date":"2020-11-20T10:37:28","date_gmt":"2020-11-20T09:37:28","guid":{"rendered":"https:\/\/www.aerovit.dk\/news\/"},"modified":"2026-01-19T11:52:38","modified_gmt":"2026-01-19T10:52:38","slug":"aktualnosci","status":"publish","type":"page","link":"https:\/\/www.aerovit.dk\/pl\/aktualnosci\/","title":{"rendered":"Aktualno\u015bci"},"content":{"rendered":"<div class=\"block-cta-advanced relative bg-cover bg-center bg-no-repeat pt-6 md:pt-12 lg:pt-12 pb-6 md:pb-6 lg:pb-6    theme-dark schema-bg-color-dark_blue lazy-bg\"\n     id=\"block_69665953be131\"\n\n     style=\"background-image: url('data:image\/gif;base64,R0lGODlhAQABAIAAAP\/\/\/\/\/\/\/yH5BAEKAAEALAAAAAABAAEAAAICTAEAOw==')\"\n     data-src=\"https:\/\/www.aerovit.dk\/wp-content\/uploads\/sites\/112\/2020\/11\/Va\u0308nersborg1.jpg\"\n\n    data-design-type=\"type_4\"\n    >\n\n    \n\n    <div class=\"absolute inset-0 z-10\"\n         style=\"background-color: #3c4858; opacity: 0.70\"><\/div>\n\n    \n    \n        \n\n<div class=\"container relative z-10\">\n    <div class=\"pb-16 pt-20 md:pt-32 lg:py-32 relative\">\n        <div class=\"relative   mx-auto text-center \">\n\n            \n            <div class=\"relative z-10 \">\n                <header class=\"mb-3\">\n                                            <div class=\"pre-heading  mb-3\">\n                            B\u0105d\u017a na bie\u017c\u0105co                        <\/div>\n                                        <h1 class=\"\">\n                        Aktualno\u015bci                    <\/h1>\n                <\/header>\n                <div class=\"wysiwyg-content  text-xl max-w-lg xl:max-w-xl mx-auto\">\n                                    <\/div>\n\n                            <\/div>\n        <\/div>\n    <\/div>\n\n    <\/div>\n    <\/div>\n\n\n\n<div class=\"block-post-list pt-16 md:pt-16 lg:pt-24 pb-16 md:pb-16 lg:pb-24 theme- schema-bg-color-default\"\n     id=\"block_696e0cf3bfd63\">\n\n    <div class=\"container\" >\n\n        <div x-data=\"xDataPostList_block_427d130d0a7a6175a5de628c36281132()\" x-init=\"init()\" class=\"relative\">\n\n            \n                \n<header class=\"mb-6 md:mb-12  \">\n    \n    \n    <\/header>\n\n            \n\n            \n\n\n\n            <div class=\"relative\">\n                <div class=\"absolute top-0 left-0 right-0\" x-show=\"loading\">\n                    <div class=\"load-bar\">\n                        <div class=\"bar\"><\/div>\n                        <div class=\"bar\"><\/div>\n                        <div class=\"bar\"><\/div>\n                    <\/div>\n                <\/div>\n                <div class=\"\" id=\"postContainer_block_427d130d0a7a6175a5de628c36281132\"><\/div>\n            <\/div>\n\n\n        <\/div>\n\n\n        <script>\n            function xDataPostList_block_427d130d0a7a6175a5de628c36281132() {\n                return {\n                    taxonomyFilters: [],\n                    postType: 'post',\n                    taxonomy: '',\n                    searchQuery: '',\n                    termFilter: 0,\n                    initTab: 0,\n                    tab: 0,\n                    loading: false,\n                    showLeftNav: true,\n                    showRightNav: true,\n                    scrollWidth: 0,\n                    navigationElement: null,\n                    scrollPosition: 0,\n                    active: 0,\n                    itemCount: 0,\n                    selectedCity: '',\n                    init: function () {\n                        let vm = this;\n\n                        let filtersInit = [];\n                        Object.keys(filtersInit).forEach(function(key) {\n                            vm.taxonomyFilters['' + key + ''] = filtersInit[key];\n\n                            jQuery(vm.$refs['' + key + '']).select2({\n                                minimumResultsForSearch: -1\n                            }).on(\"select2:select\", (event) => {\n                                vm.taxonomyFilters['' + key + ''] = event.target.value;\n                            });\n\n                            jQuery(vm.$refs['' + key + '']).val(filtersInit[key]).trigger(\"change\");\n                        });\n\n\n                        setTimeout(function(){\n                            vm.fetchPosts(vm.taxonomyFilters);\n                        }, 500);\n\n\n                        this.$watch('taxonomyFilters', function (value, oldValue) {\n                            vm.fetchPosts(value);\n                        });\n\n                        this.$watch('searchQuery', function (value, oldValue) {\n\n                            vm.taxonomyFilters = {};\n                            vm.fetchPosts();\n                        });\n\n                        if(document.getElementById('departmentNav')){\n\n                            vm.navigationElement = document.getElementById('departmentNav');\n                            vm.scrollWidth = (vm.navigationElement.scrollWidth);\n\n                            vm.$watch('scrollPosition', function (value) {\n                                vm.setScrollPosition(value);\n                            });\n\n                            var firstElem = document.getElementById('tab-' + vm.initTab);\n                            vm.scrollPosition = (firstElem.offsetLeft - 50);\n                            vm.termFilter = firstElem.getAttribute('data-term');\n                            vm.tab = vm.initTab;\n                            vm.showLeftNav = (vm.tab > 0);\n                            vm.showRightNav = (vm.tab !== (vm.itemCount));\n                        }\n\n                    },\n                    fetchPosts: function (taxonomyFilters) {\n                        let vm = this;\n                        vm.loading = true;\n\n                        console.log('fetchPosts taxonomyFilters', taxonomyFilters);\n\n                        let postContainer = document.querySelector(\"#postContainer_block_427d130d0a7a6175a5de628c36281132\");\n\n                        postContainer.classList.add('opacity-50');\n\n                        let fetchUrl = '\/wp-json\/api\/v1\/post-list\/?lang=pl';\n\n                        fetch(fetchUrl,{\n                            method: 'POST',\n                            headers: {\n                                'Accept': 'application\/json',\n                                'Content-Type': 'application\/json'\n                            },\n                            body: JSON.stringify({\n                                settings: {\"color_schema\":\"default\",\"padding_top\":\"large\",\"padding_bottom\":\"large\",\"card_color_schema\":\"white\",\"card_column_distribution\":\"default\",\"card_image_max_height\":\"small\"},\n                                content: {\"\":null,\"text_section\":{\"pre_heading\":\"\",\"heading\":\"\",\"heading_tag\":\"h2\",\"wysiwyg\":\"\",\"body_text_size\":\"base\",\"text_alignment\":\"left\"},\"button\":{\"show\":false,\"style\":\"primary\",\"size\":\"default\",\"icon\":\"arrow_long_right\",\"link_type\":\"link\",\"url_link\":\"\",\"block_link\":0,\"text\":\"Czytaj wi\\u0119cej\",\"\":null,\"modal\":{\"\":null,\"text_section\":{\"pre_heading\":\"\",\"heading\":\"\",\"heading_tag\":\"h2\",\"wysiwyg\":\"\",\"body_text_size\":\"base\",\"text_alignment\":\"left\"},\"form\":{\"type\":\"no_form\",\"embed_id\":\"\",\"field_values\":\"\"},\"media\":{\"type\":\"\",\"image\":false,\"media_caption\":\"\",\"image_settings\":{\"no_shadow\":false,\"rounded\":false,\"size\":\"md\",\"alignment\":\"center\"},\"video_url\":\"\",\"video_file\":false,\"video_cpt\":\"\",\"video_embed_type\":\"auto\",\"video_autoplay\":false,\"gallery_items\":false,\"multiple_mockup_items\":false,\"quote\":\"\"}},\"hide_on_devices\":{\"mobile\":false,\"tablet\":false,\"laptop\":false,\"desktop\":false}}},\n                                feed: {\"\":null,\"post_type\":\"post\",\"post_parent\":\"0\",\"posts_per_page\":\"\",\"taxonomies\":[],\"enable_search\":false,\"show_taxonomy_tab_navigation\":false,\"taxonomy\":\"none\",\"segment\":false,\"post_list_meta\":{\"show_date\":true,\"show_author\":false,\"show_excerpt\":false,\"button_text\":\"Czytaj wi\\u0119cej\",\"term_label_type\":\"hidden\",\"term_label_taxonomy\":\"post_tag\"},\"project_data\":{\"status_filter\":\"all\"}},\n                                post_type: vm.postType,\n                                taxonomy: vm.taxonomy,\n                                query: vm.searchQuery,\n                                term_filter: vm.termFilter,\n                                taxonomy_filters: (taxonomyFilters) ? Object.assign({}, taxonomyFilters) : {},\n\n                            })\n                        })\n                            .then(response => response.json())\n                            .then(function (data) {\n\n\n\n                                console.log({data});\n\n\n                                const doc = document.createElement(\"div\");\n                                doc.innerHTML = data.html;\n\n                                postContainer.innerHTML = doc.outerHTML;\n\n                                vm.loading = false;\n\n                                postContainer.classList.remove('opacity-50');\n                            });\n\n                    },\n                    scrollLeft: function () {\n                        var vm = this;\n\n                        console.log('scrollLeft');\n\n                       if (this.tab > 0) {\n                            var previousTab = (vm.tab - 1);\n                            var previousElem = document.getElementById('tab-' + previousTab);\n                            this.scrollPosition = (previousElem.offsetLeft - 50);\n                            this.tab--;\n\n                            vm.termFilter = previousElem.getAttribute('data-term');\n                        }\n                        vm.showLeftNav = (vm.tab > 0);\n                        vm.showRightNav = (vm.tab !== (vm.itemCount));\n                    },\n                    scrollRight: function () {\n                        var vm = this;\n\n                        console.log('scrollRight');\n\n                        if (this.tab < (vm.itemCount)) {\n                            var nextTab = (vm.tab + 1);\n                            var nextElem = document.getElementById('tab-' + nextTab);\n                            this.scrollPosition = (nextElem.offsetLeft - 50);\n                            this.tab++;\n                            vm.termFilter = nextElem.getAttribute('data-term');\n                        }\n\n                        vm.showLeftNav = (vm.tab > 0);\n                        vm.showRightNav = (vm.tab !== (vm.itemCount));\n                    },\n                    setScrollPosition: function () {\n                        var vm = this;\n                        vm.navigationElement.scrollTo({\n                            top: 0,\n                            left: this.scrollPosition,\n                            behavior: 'smooth'\n                        });\n                    },\n                }\n            }\n        <\/script>\n\n\n    <\/div>\n\n\n\n<\/div>","protected":false},"excerpt":{"rendered":"","protected":false},"author":1,"featured_media":0,"parent":0,"menu_order":0,"comment_status":"closed","ping_status":"closed","template":"","meta":[],"segment":[],"acf":[],"yoast_head":"<!-- This site is optimized with the Yoast SEO plugin v19.14 - https:\/\/yoast.com\/wordpress\/plugins\/seo\/ -->\n<title>Aktualno\u015bci - Aerovit A\/S<\/title>\n<meta name=\"robots\" content=\"index, follow, max-snippet:-1, max-image-preview:large, max-video-preview:-1\" \/>\n<link rel=\"canonical\" href=\"https:\/\/www.aerovit.dk\/pl\/aktualnosci\/\" \/>\n<meta property=\"og:locale\" content=\"pl_PL\" \/>\n<meta property=\"og:type\" content=\"article\" \/>\n<meta property=\"og:title\" content=\"Aktualno\u015bci - Aerovit A\/S\" \/>\n<meta property=\"og:url\" content=\"https:\/\/www.aerovit.dk\/pl\/aktualnosci\/\" \/>\n<meta property=\"og:site_name\" content=\"Aerovit A\/S\" \/>\n<meta property=\"article:modified_time\" content=\"2026-01-19T10:52:38+00:00\" \/>\n<meta name=\"twitter:card\" content=\"summary_large_image\" \/>\n<script type=\"application\/ld+json\" class=\"yoast-schema-graph\">{\"@context\":\"https:\/\/schema.org\",\"@graph\":[{\"@type\":\"WebPage\",\"@id\":\"https:\/\/www.aerovit.dk\/pl\/aktualnosci\/\",\"url\":\"https:\/\/www.aerovit.dk\/pl\/aktualnosci\/\",\"name\":\"Aktualno\u015bci - Aerovit A\/S\",\"isPartOf\":{\"@id\":\"https:\/\/www.aerovit.dk\/#website\"},\"datePublished\":\"2020-11-20T09:37:28+00:00\",\"dateModified\":\"2026-01-19T10:52:38+00:00\",\"inLanguage\":\"pl-PL\",\"potentialAction\":[{\"@type\":\"ReadAction\",\"target\":[\"https:\/\/www.aerovit.dk\/pl\/aktualnosci\/\"]}]},{\"@type\":\"WebSite\",\"@id\":\"https:\/\/www.aerovit.dk\/#website\",\"url\":\"https:\/\/www.aerovit.dk\/\",\"name\":\"Aerovit A\/S\",\"description\":\"We specialize in keeping boilers clean \u2013 Efficiently and reliably\",\"publisher\":{\"@id\":\"https:\/\/www.aerovit.dk\/#organization\"},\"potentialAction\":[{\"@type\":\"SearchAction\",\"target\":{\"@type\":\"EntryPoint\",\"urlTemplate\":\"https:\/\/www.aerovit.dk\/?s={search_term_string}\"},\"query-input\":\"required name=search_term_string\"}],\"inLanguage\":\"pl-PL\"},{\"@type\":\"Organization\",\"@id\":\"https:\/\/www.aerovit.dk\/#organization\",\"name\":\"Aerovit A\/S\",\"url\":\"https:\/\/www.aerovit.dk\/\",\"logo\":{\"@type\":\"ImageObject\",\"inLanguage\":\"pl-PL\",\"@id\":\"https:\/\/www.aerovit.dk\/#\/schema\/logo\/image\/\",\"url\":\"https:\/\/www.aerovit.dk\/wp-content\/uploads\/sites\/112\/2022\/12\/Home-Logo.svg\",\"contentUrl\":\"https:\/\/www.aerovit.dk\/wp-content\/uploads\/sites\/112\/2022\/12\/Home-Logo.svg\",\"width\":1923,\"height\":289,\"caption\":\"Aerovit A\/S\"},\"image\":{\"@id\":\"https:\/\/www.aerovit.dk\/#\/schema\/logo\/image\/\"},\"sameAs\":[\"https:\/\/www.linkedin.com\/company\/1889435\/\"]}]}<\/script>\n<!-- \/ Yoast SEO plugin. -->","yoast_head_json":{"title":"Aktualno\u015bci - Aerovit A\/S","robots":{"index":"index","follow":"follow","max-snippet":"max-snippet:-1","max-image-preview":"max-image-preview:large","max-video-preview":"max-video-preview:-1"},"canonical":"https:\/\/www.aerovit.dk\/pl\/aktualnosci\/","og_locale":"pl_PL","og_type":"article","og_title":"Aktualno\u015bci - Aerovit A\/S","og_url":"https:\/\/www.aerovit.dk\/pl\/aktualnosci\/","og_site_name":"Aerovit A\/S","article_modified_time":"2026-01-19T10:52:38+00:00","twitter_card":"summary_large_image","schema":{"@context":"https:\/\/schema.org","@graph":[{"@type":"WebPage","@id":"https:\/\/www.aerovit.dk\/pl\/aktualnosci\/","url":"https:\/\/www.aerovit.dk\/pl\/aktualnosci\/","name":"Aktualno\u015bci - Aerovit A\/S","isPartOf":{"@id":"https:\/\/www.aerovit.dk\/#website"},"datePublished":"2020-11-20T09:37:28+00:00","dateModified":"2026-01-19T10:52:38+00:00","inLanguage":"pl-PL","potentialAction":[{"@type":"ReadAction","target":["https:\/\/www.aerovit.dk\/pl\/aktualnosci\/"]}]},{"@type":"WebSite","@id":"https:\/\/www.aerovit.dk\/#website","url":"https:\/\/www.aerovit.dk\/","name":"Aerovit A\/S","description":"We specialize in keeping boilers clean \u2013 Efficiently and reliably","publisher":{"@id":"https:\/\/www.aerovit.dk\/#organization"},"potentialAction":[{"@type":"SearchAction","target":{"@type":"EntryPoint","urlTemplate":"https:\/\/www.aerovit.dk\/?s={search_term_string}"},"query-input":"required name=search_term_string"}],"inLanguage":"pl-PL"},{"@type":"Organization","@id":"https:\/\/www.aerovit.dk\/#organization","name":"Aerovit A\/S","url":"https:\/\/www.aerovit.dk\/","logo":{"@type":"ImageObject","inLanguage":"pl-PL","@id":"https:\/\/www.aerovit.dk\/#\/schema\/logo\/image\/","url":"https:\/\/www.aerovit.dk\/wp-content\/uploads\/sites\/112\/2022\/12\/Home-Logo.svg","contentUrl":"https:\/\/www.aerovit.dk\/wp-content\/uploads\/sites\/112\/2022\/12\/Home-Logo.svg","width":1923,"height":289,"caption":"Aerovit A\/S"},"image":{"@id":"https:\/\/www.aerovit.dk\/#\/schema\/logo\/image\/"},"sameAs":["https:\/\/www.linkedin.com\/company\/1889435\/"]}]}},"_links":{"self":[{"href":"https:\/\/www.aerovit.dk\/pl\/wp-json\/wp\/v2\/pages\/15599"}],"collection":[{"href":"https:\/\/www.aerovit.dk\/pl\/wp-json\/wp\/v2\/pages"}],"about":[{"href":"https:\/\/www.aerovit.dk\/pl\/wp-json\/wp\/v2\/types\/page"}],"author":[{"embeddable":true,"href":"https:\/\/www.aerovit.dk\/pl\/wp-json\/wp\/v2\/users\/1"}],"replies":[{"embeddable":true,"href":"https:\/\/www.aerovit.dk\/pl\/wp-json\/wp\/v2\/comments?post=15599"}],"version-history":[{"count":4,"href":"https:\/\/www.aerovit.dk\/pl\/wp-json\/wp\/v2\/pages\/15599\/revisions"}],"predecessor-version":[{"id":15765,"href":"https:\/\/www.aerovit.dk\/pl\/wp-json\/wp\/v2\/pages\/15599\/revisions\/15765"}],"wp:attachment":[{"href":"https:\/\/www.aerovit.dk\/pl\/wp-json\/wp\/v2\/media?parent=15599"}],"wp:term":[{"taxonomy":"segment","embeddable":true,"href":"https:\/\/www.aerovit.dk\/pl\/wp-json\/wp\/v2\/segment?post=15599"}],"curies":[{"name":"wp","href":"https:\/\/api.w.org\/{rel}","templated":true}]}}