{"id":13505,"date":"2026-04-28T09:42:56","date_gmt":"2026-04-28T07:42:56","guid":{"rendered":"https:\/\/www.aerovit.dk\/?page_id=13505"},"modified":"2026-04-28T10:16:04","modified_gmt":"2026-04-28T08:16:04","slug":"sustentabilidade","status":"publish","type":"page","link":"https:\/\/www.aerovit.dk\/pt-pt\/solucoes\/sustentabilidade\/","title":{"rendered":"Sustentabilidade"},"content":{"rendered":"<div class=\"block-cta-advanced relative bg-cover bg-center bg-no-repeat pt-6 md:pt-6 lg:pt-6 pb-6 md:pb-6 lg:pb-6    theme-dark schema-bg-color-dark_blue lazy-bg\"\n     id=\"block_69d660a4bf7fd\"\n\n     style=\"background-image: url('data:image\/gif;base64,R0lGODlhAQABAIAAAP\/\/\/\/\/\/\/yH5BAEKAAEALAAAAAABAAEAAAICTAEAOw==')\"\n     data-src=\"https:\/\/www.aerovit.dk\/wp-content\/uploads\/sites\/112\/2025\/09\/Carbon-footprint-scaled.jpg\"\n\n    data-design-type=\"type_4\"\n    >\n\n    \n\n    <div class=\"absolute inset-0 z-10\"\n         style=\"background-color: #3c4858; opacity: 0.70\"><\/div>\n\n    \n    \n        \n\n<div class=\"container relative z-10\">\n    <div class=\"pb-16 pt-20 md:pt-32 lg:py-32 relative\">\n        <div class=\"relative   mx-auto text-center \">\n\n            \n            <div class=\"relative z-10 \">\n                <header class=\"mb-3\">\n                                        <h1 class=\"\">\n                        Sustentabilidade                    <\/h1>\n                <\/header>\n                <div class=\"wysiwyg-content  text-xl max-w-lg xl:max-w-xl mx-auto\">\n                                    <\/div>\n\n                            <\/div>\n        <\/div>\n    <\/div>\n\n    <\/div>\n    <\/div>\n\n\n<div class=\"block-media-text-carousel pt-6 md:pt-12 lg:pt-12 pb-6 md:pb-12 lg:pb-12 theme-light schema-bg-color-light_gray\"\n     id=\"block_69d660a4ca4bc\">\n    <div class=\"container relative\">\n                \n            <div>\n\n\n                <div x-data=\"xDataTabbedCarousel_0b6fc6253f39347aadd7badf51160bf3()\">\n\n                    <div class=\"block md:hidden\">\n\n                        <div class=\"\">\n\n\n                                                        <div class=\"\" >\n\n                                \n                                <div  class=\"carousel-tab overflow-hidden px-3\">\n\n                                    <div class=\"mb-6\">\n\n                                        \n    <div class=\"overflow-hidden  \">\n        <img src=\"https:\/\/www.aerovit.dk\/wp-content\/uploads\/sites\/112\/2025\/09\/Sustainable-development-goals-Climate-and-Energy.png\" alt=\"\" class=\"inline-block max-w-full max-h-full\" loading=\"lazy\">\n    <\/div>\n\n\n                                    <\/div>\n\n                                    <header class=\" mb-6\">\n                                        <div class=\"pre-heading\">\n                                                                                    <\/div>\n                                        <h4 class=\"p-0 m-0\">\n                                            Abordagem estrat\u00e9gica                                        <\/h4>\n                                    <\/header>\n\n                                    <div class=\"text-sm wysiwyg-content mb-6\">\n                                        <p>Na Aerovit decidimos integrar os Objetivos de Desenvolvimento Sustent\u00e1vel da ONU em nosso plano estrat\u00e9gico. Ao alinharmos nosso trabalho com os Objetivos Globais da ONU, n\u00f3s contribu\u00edmos para um setor de energia mais sustent\u00e1vel e ajudamos na solu\u00e7\u00e3o de desafios importantes relacionados \u00e0 opera\u00e7\u00e3o de caldeiras, efici\u00eancia energ\u00e9tica e responsabilidade ambiental a longo prazo.<\/p>\n<p>Por meio de parcerias e iniciativas estrat\u00e9gicas, optamos por concentrar nossos esfor\u00e7os nos Objetivos de Desenvolvimento Sustent\u00e1vel da ONU: Energia Limpa e A\u00e7\u00e3o Clim\u00e1tica.<\/p>\n<p>Isso nos permite ajudar nossos clientes a reduzir emiss\u00f5es, melhorar a efici\u00eancia da utiliza\u00e7\u00e3o de combust\u00edvel e prolongar a vida \u00fatil de seus sistemas de energia \u2014 tudo isso enquanto apoiamos a transi\u00e7\u00e3o global para solu\u00e7\u00f5es energ\u00e9ticas mais limpas e respons\u00e1veis.<\/p>\n                                    <\/div>\n\n                                    \n                                    \n                                <\/div>\n                            <\/div>\n                            \n                        <\/div>\n                    <\/div>\n\n\n                    <div class=\"hidden md:block\">\n                        \n                        <div>\n                            \n                                <div class=\"carousel-slide\" x-show=\"currentSlideIndex === 0\">\n                                    <div class=\"lg:flex \">\n                                        <div class=\"md:mb-6 lg:mb-0 lg:w-2\/3 lg:pr-24\">\n                                            \n    <div class=\"overflow-hidden  \">\n        <img src=\"https:\/\/www.aerovit.dk\/wp-content\/uploads\/sites\/112\/2025\/09\/Sustainable-development-goals-Climate-and-Energy.png\" alt=\"\" class=\"inline-block max-w-full max-h-full\" loading=\"lazy\">\n    <\/div>\n\n                                        <\/div>\n                                        <div class=\"lg:w-1\/3 \">\n                                            <header class=\"lg:pr-3 mb-6\">\n                                                <div class=\"pre-heading\">\n                                                                                                    <\/div>\n                                                <h3 class=\"p-0 m-0\">\n                                                    Abordagem estrat\u00e9gica                                                <\/h3>\n                                            <\/header>\n                                            <div class=\"text-sm mb-6 wysiwyg-content\">\n                                                <p>Na Aerovit decidimos integrar os Objetivos de Desenvolvimento Sustent\u00e1vel da ONU em nosso plano estrat\u00e9gico. Ao alinharmos nosso trabalho com os Objetivos Globais da ONU, n\u00f3s contribu\u00edmos para um setor de energia mais sustent\u00e1vel e ajudamos na solu\u00e7\u00e3o de desafios importantes relacionados \u00e0 opera\u00e7\u00e3o de caldeiras, efici\u00eancia energ\u00e9tica e responsabilidade ambiental a longo prazo.<\/p>\n<p>Por meio de parcerias e iniciativas estrat\u00e9gicas, optamos por concentrar nossos esfor\u00e7os nos Objetivos de Desenvolvimento Sustent\u00e1vel da ONU: Energia Limpa e A\u00e7\u00e3o Clim\u00e1tica.<\/p>\n<p>Isso nos permite ajudar nossos clientes a reduzir emiss\u00f5es, melhorar a efici\u00eancia da utiliza\u00e7\u00e3o de combust\u00edvel e prolongar a vida \u00fatil de seus sistemas de energia \u2014 tudo isso enquanto apoiamos a transi\u00e7\u00e3o global para solu\u00e7\u00f5es energ\u00e9ticas mais limpas e respons\u00e1veis.<\/p>\n                                            <\/div>\n                                            \n                                                                                    <\/div>\n\n                                    <\/div>\n                                <\/div>\n                                                    <\/div>\n\n                    <\/div>\n                <\/div>\n\n                <script>\n                    function xDataTabbedCarousel_0b6fc6253f39347aadd7badf51160bf3() {\n                        return {\n                            slidesCount: 1,\n                            currentSlideIndex: 0,\n                            selectorIsOpen: false,\n                            openTabs: [],\n                            setSlide: function (slideIndex) {\n                                var vm = this;\n                                vm.currentSlideIndex = slideIndex;\n                                var elements = document.querySelectorAll('.carousel-slide');\n                                elements.forEach(function (element, index) {\n                                    vm.stopVideo(element);\n                                });\n\n\n                            },\n                            previousSlide: function () {\n                                var vm = this;\n                                var previousSlide = (vm.currentSlideIndex === 0) ? (vm.slidesCount - 1) : (vm.currentSlideIndex - 1);\n\n                                vm.currentSlideIndex = previousSlide;\n                            },\n                            nextSlide: function () {\n                                var vm = this;\n                                var nextSlide = (vm.currentSlideIndex === (vm.slidesCount - 1)) ? 0 : (vm.currentSlideIndex + 1);\n\n                                vm.currentSlideIndex = nextSlide;\n                            },\n                            stopVideo: function (element) {\n                                var iframe = element.querySelector('iframe');\n                                var video = element.querySelector('video');\n                                if (iframe) {\n                                    var iframeSrc = iframe.src;\n                                    iframe.src = iframeSrc;\n                                }\n                                if (video) {\n                                    video.pause();\n                                }\n                            },\n                            toggleOpenTabs: function (index) {\n                                var vm = this;\n\n                                var tabs = vm.openTabs;\n                                if (vm.openTabs.indexOf(index) > -1 ) {\n                                    vm.openTabs.splice( vm.openTabs.indexOf(index), 1 );\n                                }else{\n                                    vm.openTabs.push(index); \/\/ ...tabs,\n                                }\n\n                            },\n                            isInOpenTabs :function(index){\n                                var vm = this;\n                                return vm.openTabs.includes(index);\n                            }\n                        }\n                    }\n\n                <\/script>\n\n\n            <\/div>\n\n\n            <\/div>\n<\/div>\n\n\n<div id=\"block_69f0650059c75\" class=\"\n    block-text-media  \n    bg-white theme-default \n    schema-bg-color-default \n\">\n\n    <div class=\"container relative z-10\">\n\n        <div class=\"\">\n            <div class=\"lg:flex lg:-mx-4  \">\n\n                <div class=\"lg:w-1\/3 pt-6 md:pt-12 lg:pt-12 pb-6 md:pb-12 lg:pb-12 lg:px-4 flex mb-6 md:mb-0\">\n\n                    <div class=\"lg:px-0 lg:py-16 h-full w-full\">\n\n                        \n                            <header class=\"mb-8\">\n                                                                <h2>\n                                    Nosso Compromisso com a Sustentabilidade                                <\/h2>\n                            <\/header>\n                        \n\n                                                    <div class=\"mb-6\">\n                                <div class=\"wysiwyg-content\">\n                                    <p>Na Aerovit trabalhamos em estreita colabora\u00e7\u00e3o com produtores de energia em uma ampla gama de setores e, com isso, vem uma responsabilidade.<\/p>\n<p>A responsabilidade de apoiar opera\u00e7\u00f5es mais limpas e eficientes que fa\u00e7am uma diferen\u00e7a real. Quer nossos clientes utilizem biomassa ou combust\u00edvel derivado de res\u00edduos, nossas solu\u00e7\u00f5es de limpeza ajudam a garantir um desempenho est\u00e1vel, reduzir emiss\u00f5es e melhorar a efici\u00eancia energ\u00e9tica.<\/p>\n                                <\/div>\n                            <\/div>\n                        \n                    <\/div>\n\n                <\/div>\n\n                <div class=\"lg:w-2\/3 lg:w-1\/3 lg:px-4\">\n\n                    <div class=\"pt-6 md:pt-12 lg:pt-12 pb-6 md:pb-12 lg:pb-12\">\n\n                        <div class=\"mb-8  sm:p-12 lg:p-16\" >\n\n                            <div>\n                                \n                                    <div class=\"flex justify-center items-center overflow-hidden rounded relative overlay-50\">\n\n                                        <img src=\"https:\/\/www.aerovit.dk\/wp-content\/uploads\/sites\/112\/2025\/09\/Carbon-footprint-scaled.jpg\" alt=\"\" class=\"max-w-full\">\n                                        <div class=\"absolute bottom-0 left-0 text-white md:w-2\/3 mb-6 ml-6 text-sm z-50\">\n                                                                                    <\/div>\n                                    <\/div>\n\n                                                            <\/div>\n                        <\/div>\n                    <\/div>\n                <\/div>\n\n            <\/div>\n        <\/div>\n    <\/div>\n<\/div>\n\n<div class=\"block-two-columns relative pt-0 pb-0 theme-light schema-bg-color-light_gray\"\n     id=\"block_69f065007122f\">\n\n\n    <div class=\"container relative \">\n\n        <div class=\"\">\n\n\n            \n<header class=\"mb-6 md:mb-12  \">\n    \n    \n    <\/header>\n\n            <div class=\"lg:flex lg:-mx-4 overflow-hidden\">\n\n                <div class=\"mb-12 lg:mb-0 lg:px-4 lg:w-1\/2 \">\n                    <div class=\"h-full w-full rounded pt-0 theme-light  \">\n\n\n                        \n                            \n<header class=\"mb-6 md:mb-12  \">\n    \n            <h3>Facilitando a Transi\u00e7\u00e3o para a Energia Verde<\/h3>    \n            <div class=\"mt-6\">\n            <div class=\"wysiwyg-content \">\n                <p>A transi\u00e7\u00e3o para combust\u00edveis mais ecol\u00f3gicos est\u00e1 se acelerando e estamos aqui para auxiliar nesse processo. As solu\u00e7\u00f5es da Aerovit s\u00e3o projetadas para lidar com os desafios de manter as caldeiras limpas e funcionando com efici\u00eancia. Ajudamos nossos clientes a reduzir seu impacto ambiental sem sacrificar a confiabilidade ou a produ\u00e7\u00e3o da caldeira.<\/p>\n            <\/div>\n        <\/div>\n    <\/header>\n\n                            \n                                            <\/div>\n                <\/div>\n\n                <div class=\"lg:px-4 lg:w-1\/2 flex\">\n                    <div class=\"h-full w-full rounded pt-0 theme-light \">\n\n                        \n                            \n<header class=\"mb-6 md:mb-12  \">\n    \n            <h3>Feito para durar<\/h3>    \n            <div class=\"mt-6\">\n            <div class=\"wysiwyg-content \">\n                <p>Nossos sistemas s\u00e3o projetados para uso a longo prazo e n\u00e3o s\u00e3o solu\u00e7\u00f5es paliativas. Com materiais de alta qualidade e engenharia robusta, oferecemos solu\u00e7\u00f5es que apresentam desempenho ano ap\u00f3s ano. Maior vida \u00fatil do produto significa menos substitui\u00e7\u00f5es, menos desperd\u00edcio e uma contribui\u00e7\u00e3o mais significativa para o meio ambiente.<\/p>\n            <\/div>\n        <\/div>\n    <\/header>\n\n\n                            \n                                            <\/div>\n\n                <\/div>\n\n\n            <\/div>\n        <\/div>\n    <\/div>\n<\/div>\n\n<div class=\"block-two-columns relative pt-0 pb-16 md:pb-16 lg:pb-24 theme-light schema-bg-color-light_gray\"\n     id=\"block_69f0650071570\">\n\n\n    <div class=\"container relative \">\n\n        <div class=\"\">\n\n\n            \n<header class=\"mb-6 md:mb-12  \">\n    \n    \n    <\/header>\n\n            <div class=\"lg:flex lg:-mx-4 overflow-hidden\">\n\n                <div class=\"mb-12 lg:mb-0 lg:px-4 lg:w-1\/2 \">\n                    <div class=\"h-full w-full rounded pt-0 theme-light  \">\n\n\n                        \n                            \n<header class=\"mb-6 md:mb-12  \">\n    \n            <h3>A sustentabilidade como um processo cont\u00ednuo<\/h3>    \n            <div class=\"mt-6\">\n            <div class=\"wysiwyg-content \">\n                <p>N\u00e3o vemos a sustentabilidade apenas como uma tarefa a ser cumprida \u2013 ela \u00e9 determinante na forma como trabalhamos, nos desenvolvemos e crescemos. \u00c0 medida em que expandimos nossos neg\u00f3cios e apoiamos os setores de biomassa e convers\u00e3o de res\u00edduos em energia em todo o mundo, continuamos focados em reduzir o impacto, viabilizar tecnologias mais limpas e contribuir para um futuro mais sustent\u00e1vel para a ind\u00fastria de caldeiras.<\/p>\n            <\/div>\n        <\/div>\n    <\/header>\n\n                            \n                                            <\/div>\n                <\/div>\n\n                <div class=\"lg:px-4 lg:w-1\/2 flex\">\n                    <div class=\"h-full w-full rounded pt-0 theme-light \">\n\n                        \n                            \n<header class=\"mb-6 md:mb-12  \">\n    \n            <h3>Solu\u00e7\u00f5es inovadoras<\/h3>    \n            <div class=\"mt-6\">\n            <div class=\"wysiwyg-content \">\n                <p>Cada novo desenvolvimento come\u00e7a com o mesmo princ\u00edpio: solucionar desafios reais de forma mais inteligente e sustent\u00e1vel. Desde a redu\u00e7\u00e3o da limpeza manual at\u00e9 \u00e0 melhoria da estabilidade da combust\u00e3o, inovamos com prop\u00f3sito e sempre com foco no impacto ambiental e no valor operacional.<\/p>\n            <\/div>\n        <\/div>\n    <\/header>\n\n\n                            \n                                            <\/div>\n\n                <\/div>\n\n\n            <\/div>\n        <\/div>\n    <\/div>\n<\/div>","protected":false},"excerpt":{"rendered":"","protected":false},"author":91,"featured_media":13460,"parent":2660,"menu_order":0,"comment_status":"closed","ping_status":"closed","template":"","meta":[],"segment":[],"acf":[],"yoast_head":"<!-- This site is optimized with the Yoast SEO plugin v19.14 - https:\/\/yoast.com\/wordpress\/plugins\/seo\/ -->\n<title>Sustentabilidade - Aerovit A\/S<\/title>\n<meta name=\"robots\" content=\"index, follow, max-snippet:-1, max-image-preview:large, max-video-preview:-1\" \/>\n<link rel=\"canonical\" href=\"https:\/\/www.aerovit.dk\/pt-pt\/solucoes\/sustentabilidade\/\" \/>\n<meta property=\"og:locale\" content=\"pt_PT\" \/>\n<meta property=\"og:type\" content=\"article\" \/>\n<meta property=\"og:title\" content=\"Sustentabilidade - Aerovit A\/S\" \/>\n<meta property=\"og:url\" content=\"https:\/\/www.aerovit.dk\/pt-pt\/solucoes\/sustentabilidade\/\" \/>\n<meta property=\"og:site_name\" content=\"Aerovit A\/S\" \/>\n<meta property=\"article:modified_time\" content=\"2026-04-28T08:16:04+00:00\" \/>\n<meta property=\"og:image\" content=\"https:\/\/www.aerovit.dk\/wp-content\/uploads\/sites\/112\/2025\/09\/Carbon-footprint-scaled.jpg\" \/>\n\t<meta property=\"og:image:width\" content=\"2560\" \/>\n\t<meta property=\"og:image:height\" content=\"1709\" \/>\n\t<meta property=\"og:image:type\" content=\"image\/jpeg\" \/>\n<meta name=\"twitter:card\" content=\"summary_large_image\" \/>\n<script type=\"application\/ld+json\" class=\"yoast-schema-graph\">{\"@context\":\"https:\/\/schema.org\",\"@graph\":[{\"@type\":\"WebPage\",\"@id\":\"https:\/\/www.aerovit.dk\/pt-pt\/solucoes\/sustentabilidade\/\",\"url\":\"https:\/\/www.aerovit.dk\/pt-pt\/solucoes\/sustentabilidade\/\",\"name\":\"Sustentabilidade - Aerovit A\/S\",\"isPartOf\":{\"@id\":\"https:\/\/www.aerovit.dk\/#website\"},\"datePublished\":\"2026-04-28T07:42:56+00:00\",\"dateModified\":\"2026-04-28T08:16:04+00:00\",\"inLanguage\":\"pt-PT\",\"potentialAction\":[{\"@type\":\"ReadAction\",\"target\":[\"https:\/\/www.aerovit.dk\/pt-pt\/solucoes\/sustentabilidade\/\"]}]},{\"@type\":\"WebSite\",\"@id\":\"https:\/\/www.aerovit.dk\/#website\",\"url\":\"https:\/\/www.aerovit.dk\/\",\"name\":\"Aerovit A\/S\",\"description\":\"We specialize in keeping boilers clean \u2013 Efficiently and reliably\",\"publisher\":{\"@id\":\"https:\/\/www.aerovit.dk\/#organization\"},\"potentialAction\":[{\"@type\":\"SearchAction\",\"target\":{\"@type\":\"EntryPoint\",\"urlTemplate\":\"https:\/\/www.aerovit.dk\/?s={search_term_string}\"},\"query-input\":\"required name=search_term_string\"}],\"inLanguage\":\"pt-PT\"},{\"@type\":\"Organization\",\"@id\":\"https:\/\/www.aerovit.dk\/#organization\",\"name\":\"Aerovit A\/S\",\"url\":\"https:\/\/www.aerovit.dk\/\",\"logo\":{\"@type\":\"ImageObject\",\"inLanguage\":\"pt-PT\",\"@id\":\"https:\/\/www.aerovit.dk\/#\/schema\/logo\/image\/\",\"url\":\"https:\/\/www.aerovit.dk\/wp-content\/uploads\/sites\/112\/2022\/12\/Home-Logo.svg\",\"contentUrl\":\"https:\/\/www.aerovit.dk\/wp-content\/uploads\/sites\/112\/2022\/12\/Home-Logo.svg\",\"width\":1923,\"height\":289,\"caption\":\"Aerovit A\/S\"},\"image\":{\"@id\":\"https:\/\/www.aerovit.dk\/#\/schema\/logo\/image\/\"},\"sameAs\":[\"https:\/\/www.linkedin.com\/company\/1889435\/\"]}]}<\/script>\n<!-- \/ Yoast SEO plugin. -->","yoast_head_json":{"title":"Sustentabilidade - Aerovit A\/S","robots":{"index":"index","follow":"follow","max-snippet":"max-snippet:-1","max-image-preview":"max-image-preview:large","max-video-preview":"max-video-preview:-1"},"canonical":"https:\/\/www.aerovit.dk\/pt-pt\/solucoes\/sustentabilidade\/","og_locale":"pt_PT","og_type":"article","og_title":"Sustentabilidade - Aerovit A\/S","og_url":"https:\/\/www.aerovit.dk\/pt-pt\/solucoes\/sustentabilidade\/","og_site_name":"Aerovit A\/S","article_modified_time":"2026-04-28T08:16:04+00:00","og_image":[{"width":2560,"height":1709,"url":"https:\/\/www.aerovit.dk\/wp-content\/uploads\/sites\/112\/2025\/09\/Carbon-footprint-scaled.jpg","type":"image\/jpeg"}],"twitter_card":"summary_large_image","schema":{"@context":"https:\/\/schema.org","@graph":[{"@type":"WebPage","@id":"https:\/\/www.aerovit.dk\/pt-pt\/solucoes\/sustentabilidade\/","url":"https:\/\/www.aerovit.dk\/pt-pt\/solucoes\/sustentabilidade\/","name":"Sustentabilidade - Aerovit A\/S","isPartOf":{"@id":"https:\/\/www.aerovit.dk\/#website"},"datePublished":"2026-04-28T07:42:56+00:00","dateModified":"2026-04-28T08:16:04+00:00","inLanguage":"pt-PT","potentialAction":[{"@type":"ReadAction","target":["https:\/\/www.aerovit.dk\/pt-pt\/solucoes\/sustentabilidade\/"]}]},{"@type":"WebSite","@id":"https:\/\/www.aerovit.dk\/#website","url":"https:\/\/www.aerovit.dk\/","name":"Aerovit A\/S","description":"We specialize in keeping boilers clean \u2013 Efficiently and reliably","publisher":{"@id":"https:\/\/www.aerovit.dk\/#organization"},"potentialAction":[{"@type":"SearchAction","target":{"@type":"EntryPoint","urlTemplate":"https:\/\/www.aerovit.dk\/?s={search_term_string}"},"query-input":"required name=search_term_string"}],"inLanguage":"pt-PT"},{"@type":"Organization","@id":"https:\/\/www.aerovit.dk\/#organization","name":"Aerovit A\/S","url":"https:\/\/www.aerovit.dk\/","logo":{"@type":"ImageObject","inLanguage":"pt-PT","@id":"https:\/\/www.aerovit.dk\/#\/schema\/logo\/image\/","url":"https:\/\/www.aerovit.dk\/wp-content\/uploads\/sites\/112\/2022\/12\/Home-Logo.svg","contentUrl":"https:\/\/www.aerovit.dk\/wp-content\/uploads\/sites\/112\/2022\/12\/Home-Logo.svg","width":1923,"height":289,"caption":"Aerovit A\/S"},"image":{"@id":"https:\/\/www.aerovit.dk\/#\/schema\/logo\/image\/"},"sameAs":["https:\/\/www.linkedin.com\/company\/1889435\/"]}]}},"_links":{"self":[{"href":"https:\/\/www.aerovit.dk\/pt-pt\/wp-json\/wp\/v2\/pages\/13505"}],"collection":[{"href":"https:\/\/www.aerovit.dk\/pt-pt\/wp-json\/wp\/v2\/pages"}],"about":[{"href":"https:\/\/www.aerovit.dk\/pt-pt\/wp-json\/wp\/v2\/types\/page"}],"author":[{"embeddable":true,"href":"https:\/\/www.aerovit.dk\/pt-pt\/wp-json\/wp\/v2\/users\/91"}],"replies":[{"embeddable":true,"href":"https:\/\/www.aerovit.dk\/pt-pt\/wp-json\/wp\/v2\/comments?post=13505"}],"version-history":[{"count":17,"href":"https:\/\/www.aerovit.dk\/pt-pt\/wp-json\/wp\/v2\/pages\/13505\/revisions"}],"predecessor-version":[{"id":17126,"href":"https:\/\/www.aerovit.dk\/pt-pt\/wp-json\/wp\/v2\/pages\/13505\/revisions\/17126"}],"up":[{"embeddable":true,"href":"https:\/\/www.aerovit.dk\/pt-pt\/wp-json\/wp\/v2\/pages\/2660"}],"wp:featuredmedia":[{"embeddable":true,"href":"https:\/\/www.aerovit.dk\/pt-pt\/wp-json\/wp\/v2\/media\/13460"}],"wp:attachment":[{"href":"https:\/\/www.aerovit.dk\/pt-pt\/wp-json\/wp\/v2\/media?parent=13505"}],"wp:term":[{"taxonomy":"segment","embeddable":true,"href":"https:\/\/www.aerovit.dk\/pt-pt\/wp-json\/wp\/v2\/segment?post=13505"}],"curies":[{"name":"wp","href":"https:\/\/api.w.org\/{rel}","templated":true}]}}