{"id":17108,"date":"2025-09-29T13:44:57","date_gmt":"2025-09-29T11:44:57","guid":{"rendered":"https:\/\/www.aerovit.dk\/mission-and-vision\/"},"modified":"2026-04-28T10:26:24","modified_gmt":"2026-04-28T08:26:24","slug":"missao-e-visao","status":"publish","type":"page","link":"https:\/\/www.aerovit.dk\/pt-pt\/missao-e-visao\/","title":{"rendered":"Miss\u00e4o e Vis\u00e4o"},"content":{"rendered":"<div class=\"block-cta-advanced relative bg-cover bg-center bg-no-repeat pt-6 md:pt-6 lg:pt-6 pb-6 md:pb-6 lg:pb-6    theme-dark schema-bg-color-dark_blue lazy-bg\"\n     id=\"block_69f06819b16be\"\n\n     style=\"background-image: url('data:image\/gif;base64,R0lGODlhAQABAIAAAP\/\/\/\/\/\/\/yH5BAEKAAEALAAAAAABAAEAAAICTAEAOw==')\"\n     data-src=\"https:\/\/www.aerovit.dk\/wp-content\/uploads\/sites\/112\/2025\/06\/New-partner-image-2.png\"\n\n    data-design-type=\"type_4\"\n    >\n\n    \n\n    <div class=\"absolute inset-0 z-10\"\n         style=\"background-color: #3c4858; opacity: 0.70\"><\/div>\n\n    \n    \n        \n\n<div class=\"container relative z-10\">\n    <div class=\"pb-16 pt-20 md:pt-32 lg:py-32 relative\">\n        <div class=\"relative   mx-auto text-center \">\n\n            \n            <div class=\"relative z-10 \">\n                <header class=\"mb-3\">\n                                        <h1 class=\"\">\n                        Miss\u00e4o e Vis\u00e4o                    <\/h1>\n                <\/header>\n                <div class=\"wysiwyg-content  text-xl max-w-lg xl:max-w-xl mx-auto\">\n                                    <\/div>\n\n                            <\/div>\n        <\/div>\n    <\/div>\n\n    <\/div>\n    <\/div>\n\n\n<div class=\"block-media-embed overflow-hidden pt-6 md:pt-12 lg:pt-12 pb-6 md:pb-12 lg:pb-12 theme- schema-bg-color-default\"\n     id=\"block_69f06819b86a5\">\n\n    <div class=\"container mx-auto px-4 lg:px-4 relative\">\n        <div class=\"w-full\">\n\n            \n            \n            <div class=\"w-full flex flex-col items-center justify-center\">\n\n                \n    <div class=\"overflow-hidden rounded shadow-lg\">\n        <img src=\"https:\/\/www.aerovit.dk\/wp-content\/uploads\/sites\/112\/2026\/04\/Missao-e-Visao.png\" alt=\"\" class=\"inline-block max-w-full max-h-full\" loading=\"lazy\">\n    <\/div>\n\n            <\/div>\n        <\/div>\n    <\/div>\n<\/div>","protected":false},"excerpt":{"rendered":"","protected":false},"author":91,"featured_media":0,"parent":0,"menu_order":0,"comment_status":"closed","ping_status":"closed","template":"","meta":[],"segment":[],"acf":[],"yoast_head":"<!-- This site is optimized with the Yoast SEO plugin v19.14 - https:\/\/yoast.com\/wordpress\/plugins\/seo\/ -->\n<title>Miss\u00e4o e Vis\u00e4o - Aerovit A\/S<\/title>\n<meta name=\"description\" content=\"Conhe\u00e7a a miss\u00e3o e vis\u00e3o da Aerovit para caldeiras mais limpas e eficientes atrav\u00e9s de solu\u00e7\u00f5es inovadoras de limpeza autom\u00e1tica.\" \/>\n<meta name=\"robots\" content=\"index, follow, max-snippet:-1, max-image-preview:large, max-video-preview:-1\" \/>\n<link rel=\"canonical\" href=\"https:\/\/www.aerovit.dk\/pt-pt\/missao-e-visao\/\" \/>\n<meta property=\"og:locale\" content=\"pt_PT\" \/>\n<meta property=\"og:type\" content=\"article\" \/>\n<meta property=\"og:title\" content=\"Miss\u00e4o e Vis\u00e4o - Aerovit A\/S\" \/>\n<meta property=\"og:description\" content=\"Conhe\u00e7a a miss\u00e3o e vis\u00e3o da Aerovit para caldeiras mais limpas e eficientes atrav\u00e9s de solu\u00e7\u00f5es inovadoras de limpeza autom\u00e1tica.\" \/>\n<meta property=\"og:url\" content=\"https:\/\/www.aerovit.dk\/pt-pt\/missao-e-visao\/\" \/>\n<meta property=\"og:site_name\" content=\"Aerovit A\/S\" \/>\n<meta property=\"article:modified_time\" content=\"2026-04-28T08:26:24+00:00\" \/>\n<meta name=\"twitter:card\" content=\"summary_large_image\" \/>\n<script type=\"application\/ld+json\" class=\"yoast-schema-graph\">{\"@context\":\"https:\/\/schema.org\",\"@graph\":[{\"@type\":\"WebPage\",\"@id\":\"https:\/\/www.aerovit.dk\/pt-pt\/missao-e-visao\/\",\"url\":\"https:\/\/www.aerovit.dk\/pt-pt\/missao-e-visao\/\",\"name\":\"Miss\u00e4o e Vis\u00e4o - Aerovit A\/S\",\"isPartOf\":{\"@id\":\"https:\/\/www.aerovit.dk\/#website\"},\"datePublished\":\"2025-09-29T11:44:57+00:00\",\"dateModified\":\"2026-04-28T08:26:24+00:00\",\"description\":\"Conhe\u00e7a a miss\u00e3o e vis\u00e3o da Aerovit para caldeiras mais limpas e eficientes atrav\u00e9s de solu\u00e7\u00f5es inovadoras de limpeza autom\u00e1tica.\",\"inLanguage\":\"pt-PT\",\"potentialAction\":[{\"@type\":\"ReadAction\",\"target\":[\"https:\/\/www.aerovit.dk\/pt-pt\/missao-e-visao\/\"]}]},{\"@type\":\"WebSite\",\"@id\":\"https:\/\/www.aerovit.dk\/#website\",\"url\":\"https:\/\/www.aerovit.dk\/\",\"name\":\"Aerovit A\/S\",\"description\":\"We specialize in keeping boilers clean \u2013 Efficiently and reliably\",\"publisher\":{\"@id\":\"https:\/\/www.aerovit.dk\/#organization\"},\"potentialAction\":[{\"@type\":\"SearchAction\",\"target\":{\"@type\":\"EntryPoint\",\"urlTemplate\":\"https:\/\/www.aerovit.dk\/?s={search_term_string}\"},\"query-input\":\"required name=search_term_string\"}],\"inLanguage\":\"pt-PT\"},{\"@type\":\"Organization\",\"@id\":\"https:\/\/www.aerovit.dk\/#organization\",\"name\":\"Aerovit A\/S\",\"url\":\"https:\/\/www.aerovit.dk\/\",\"logo\":{\"@type\":\"ImageObject\",\"inLanguage\":\"pt-PT\",\"@id\":\"https:\/\/www.aerovit.dk\/#\/schema\/logo\/image\/\",\"url\":\"https:\/\/www.aerovit.dk\/wp-content\/uploads\/sites\/112\/2022\/12\/Home-Logo.svg\",\"contentUrl\":\"https:\/\/www.aerovit.dk\/wp-content\/uploads\/sites\/112\/2022\/12\/Home-Logo.svg\",\"width\":1923,\"height\":289,\"caption\":\"Aerovit A\/S\"},\"image\":{\"@id\":\"https:\/\/www.aerovit.dk\/#\/schema\/logo\/image\/\"},\"sameAs\":[\"https:\/\/www.linkedin.com\/company\/1889435\/\"]}]}<\/script>\n<!-- \/ Yoast SEO plugin. -->","yoast_head_json":{"title":"Miss\u00e4o e Vis\u00e4o - Aerovit A\/S","description":"Conhe\u00e7a a miss\u00e3o e vis\u00e3o da Aerovit para caldeiras mais limpas e eficientes atrav\u00e9s de solu\u00e7\u00f5es inovadoras de limpeza autom\u00e1tica.","robots":{"index":"index","follow":"follow","max-snippet":"max-snippet:-1","max-image-preview":"max-image-preview:large","max-video-preview":"max-video-preview:-1"},"canonical":"https:\/\/www.aerovit.dk\/pt-pt\/missao-e-visao\/","og_locale":"pt_PT","og_type":"article","og_title":"Miss\u00e4o e Vis\u00e4o - Aerovit A\/S","og_description":"Conhe\u00e7a a miss\u00e3o e vis\u00e3o da Aerovit para caldeiras mais limpas e eficientes atrav\u00e9s de solu\u00e7\u00f5es inovadoras de limpeza autom\u00e1tica.","og_url":"https:\/\/www.aerovit.dk\/pt-pt\/missao-e-visao\/","og_site_name":"Aerovit A\/S","article_modified_time":"2026-04-28T08:26:24+00:00","twitter_card":"summary_large_image","schema":{"@context":"https:\/\/schema.org","@graph":[{"@type":"WebPage","@id":"https:\/\/www.aerovit.dk\/pt-pt\/missao-e-visao\/","url":"https:\/\/www.aerovit.dk\/pt-pt\/missao-e-visao\/","name":"Miss\u00e4o e Vis\u00e4o - Aerovit A\/S","isPartOf":{"@id":"https:\/\/www.aerovit.dk\/#website"},"datePublished":"2025-09-29T11:44:57+00:00","dateModified":"2026-04-28T08:26:24+00:00","description":"Conhe\u00e7a a miss\u00e3o e vis\u00e3o da Aerovit para caldeiras mais limpas e eficientes atrav\u00e9s de solu\u00e7\u00f5es inovadoras de limpeza autom\u00e1tica.","inLanguage":"pt-PT","potentialAction":[{"@type":"ReadAction","target":["https:\/\/www.aerovit.dk\/pt-pt\/missao-e-visao\/"]}]},{"@type":"WebSite","@id":"https:\/\/www.aerovit.dk\/#website","url":"https:\/\/www.aerovit.dk\/","name":"Aerovit A\/S","description":"We specialize in keeping boilers clean \u2013 Efficiently and reliably","publisher":{"@id":"https:\/\/www.aerovit.dk\/#organization"},"potentialAction":[{"@type":"SearchAction","target":{"@type":"EntryPoint","urlTemplate":"https:\/\/www.aerovit.dk\/?s={search_term_string}"},"query-input":"required name=search_term_string"}],"inLanguage":"pt-PT"},{"@type":"Organization","@id":"https:\/\/www.aerovit.dk\/#organization","name":"Aerovit A\/S","url":"https:\/\/www.aerovit.dk\/","logo":{"@type":"ImageObject","inLanguage":"pt-PT","@id":"https:\/\/www.aerovit.dk\/#\/schema\/logo\/image\/","url":"https:\/\/www.aerovit.dk\/wp-content\/uploads\/sites\/112\/2022\/12\/Home-Logo.svg","contentUrl":"https:\/\/www.aerovit.dk\/wp-content\/uploads\/sites\/112\/2022\/12\/Home-Logo.svg","width":1923,"height":289,"caption":"Aerovit A\/S"},"image":{"@id":"https:\/\/www.aerovit.dk\/#\/schema\/logo\/image\/"},"sameAs":["https:\/\/www.linkedin.com\/company\/1889435\/"]}]}},"_links":{"self":[{"href":"https:\/\/www.aerovit.dk\/pt-pt\/wp-json\/wp\/v2\/pages\/17108"}],"collection":[{"href":"https:\/\/www.aerovit.dk\/pt-pt\/wp-json\/wp\/v2\/pages"}],"about":[{"href":"https:\/\/www.aerovit.dk\/pt-pt\/wp-json\/wp\/v2\/types\/page"}],"author":[{"embeddable":true,"href":"https:\/\/www.aerovit.dk\/pt-pt\/wp-json\/wp\/v2\/users\/91"}],"replies":[{"embeddable":true,"href":"https:\/\/www.aerovit.dk\/pt-pt\/wp-json\/wp\/v2\/comments?post=17108"}],"version-history":[{"count":2,"href":"https:\/\/www.aerovit.dk\/pt-pt\/wp-json\/wp\/v2\/pages\/17108\/revisions"}],"predecessor-version":[{"id":17116,"href":"https:\/\/www.aerovit.dk\/pt-pt\/wp-json\/wp\/v2\/pages\/17108\/revisions\/17116"}],"wp:attachment":[{"href":"https:\/\/www.aerovit.dk\/pt-pt\/wp-json\/wp\/v2\/media?parent=17108"}],"wp:term":[{"taxonomy":"segment","embeddable":true,"href":"https:\/\/www.aerovit.dk\/pt-pt\/wp-json\/wp\/v2\/segment?post=17108"}],"curies":[{"name":"wp","href":"https:\/\/api.w.org\/{rel}","templated":true}]}}