{"id":17133,"date":"2025-09-29T13:57:45","date_gmt":"2025-09-29T11:57:45","guid":{"rendered":"https:\/\/www.aerovit.dk\/sign-up-to-newsletter\/"},"modified":"2026-04-28T11:16:09","modified_gmt":"2026-04-28T09:16:09","slug":"assine-nossa-newsletter","status":"publish","type":"page","link":"https:\/\/www.aerovit.dk\/pt-pt\/assine-nossa-newsletter\/","title":{"rendered":"Assine nossa newsletter"},"content":{"rendered":"<div class=\"block-cta-advanced relative bg-cover bg-center bg-no-repeat pt-6 md:pt-6 lg:pt-6 pb-6 md:pb-6 lg:pb-6    theme-dark schema-bg-color-dark_blue lazy-bg\"\n     id=\"block_69f07a7113219\"\n\n     style=\"background-image: url('data:image\/gif;base64,R0lGODlhAQABAIAAAP\/\/\/\/\/\/\/yH5BAEKAAEALAAAAAABAAEAAAICTAEAOw==')\"\n     data-src=\"https:\/\/www.aerovit.dk\/wp-content\/uploads\/sites\/112\/2024\/12\/Jaycorp-case-Boiler-front-door-3.jpg\"\n\n    data-design-type=\"type_4\"\n    >\n\n    \n\n    <div class=\"absolute inset-0 z-10\"\n         style=\"background-color: #3c4858; opacity: 0.70\"><\/div>\n\n    \n    \n        \n\n<div class=\"container relative z-10\">\n    <div class=\"pb-16 pt-20 md:pt-32 lg:py-32 relative\">\n        <div class=\"relative   mx-auto text-center \">\n\n            \n            <div class=\"relative z-10 \">\n                <header class=\"mb-3\">\n                                        <h1 class=\"\">\n                        Assine nossa newsletter                    <\/h1>\n                <\/header>\n                <div class=\"wysiwyg-content  text-xl max-w-lg xl:max-w-xl mx-auto\">\n                                    <\/div>\n\n                            <\/div>\n        <\/div>\n    <\/div>\n\n    <\/div>\n    <\/div>\n\n\n<div class=\"block-media-text-carousel pt-6 md:pt-12 lg:pt-12 pb-6 md:pb-12 lg:pb-12 theme-light schema-bg-color-light_gray\"\n     id=\"block_69f07ad590aeb\">\n    <div class=\"container relative\">\n                \n            <div>\n\n\n                <div x-data=\"xDataTabbedCarousel_0f3d00d085d3abd23efd373dd098ef54()\">\n\n                    <div class=\"block md:hidden\">\n\n                        <div class=\"\">\n\n\n                                                        <div class=\"\" >\n\n                                \n                                <div  class=\"carousel-tab overflow-hidden px-3\">\n\n                                    <div class=\"mb-6\">\n\n                                        \n    <div class=\"overflow-hidden  \">\n        <img src=\"https:\/\/www.aerovit.dk\/wp-content\/uploads\/sites\/112\/2020\/11\/Va\u0308nersborg5-1.jpg\" alt=\"\" class=\"inline-block max-w-full max-h-full\" loading=\"lazy\">\n    <\/div>\n\n\n                                    <\/div>\n\n                                    <header class=\" mb-6\">\n                                        <div class=\"pre-heading\">\n                                                                                    <\/div>\n                                        <h4 class=\"p-0 m-0\">\n                                            Subscreva a newsletter                                        <\/h4>\n                                    <\/header>\n\n                                    <div class=\"text-sm wysiwyg-content mb-6\">\n                                        <p data-start=\"0\" data-end=\"239\">Na Aerovit, somos especializados em manter caldeiras limpas e eficientes \u2014 e queremos ajud\u00e1-lo a estar sempre atualizado com as \u00faltimas novidades em tecnologia de limpeza de caldeiras Aerovit, ganhos de efici\u00eancia e casos de sucesso reais.<\/p>\n<p data-start=\"241\" data-end=\"361\" data-is-last-node=\"\" data-is-only-node=\"\">Ao subscrever a nossa newsletter, ter\u00e1 acesso direto a insights exclusivos para profissionais da ind\u00fastria de caldeiras.<\/p>\n                                    <\/div>\n\n                                    \n                                                                            <div class=\"mb-6 lg:flex lg:items-center lg:-mx-2\">\n                                                                                            <div class=\"mb-3 lg:mb-0 lg:px-2\">\n                                                        <div x-data=\"{ 'showModal': false }\">\n\n\n        <div>\n            \n                <a href=\"https:\/\/mailchi.mp\/aerovit.dk\/signup-for-newsletter\"\n                   target=\"\"\n                   class=\"btn  btn-primary  \">\n                    <div class=\" ml-6\">\n                        Clique aqui para subscrever                    <\/div>\n                                            <div class=\"float-right ml-3 mr-3\">\n                            <i class=\"far fa-long-arrow-alt-right\"><\/i>\n                        <\/div>\n                                    <\/a>\n\n            \n\n        <\/div>\n\n\n            <\/div>\n\n                                                <\/div>\n                                                                                    <\/div>\n                                    \n                                <\/div>\n                            <\/div>\n                            \n                        <\/div>\n                    <\/div>\n\n\n                    <div class=\"hidden md:block\">\n                        \n                        <div>\n                            \n                                <div class=\"carousel-slide\" x-show=\"currentSlideIndex === 0\">\n                                    <div class=\"lg:flex \">\n                                        <div class=\"md:mb-6 lg:mb-0 lg:w-2\/3 lg:pr-24\">\n                                            \n    <div class=\"overflow-hidden  \">\n        <img src=\"https:\/\/www.aerovit.dk\/wp-content\/uploads\/sites\/112\/2020\/11\/Va\u0308nersborg5-1.jpg\" alt=\"\" class=\"inline-block max-w-full max-h-full\" loading=\"lazy\">\n    <\/div>\n\n                                        <\/div>\n                                        <div class=\"lg:w-1\/3 \">\n                                            <header class=\"lg:pr-3 mb-6\">\n                                                <div class=\"pre-heading\">\n                                                                                                    <\/div>\n                                                <h3 class=\"p-0 m-0\">\n                                                    Subscreva a newsletter                                                <\/h3>\n                                            <\/header>\n                                            <div class=\"text-sm mb-6 wysiwyg-content\">\n                                                <p data-start=\"0\" data-end=\"239\">Na Aerovit, somos especializados em manter caldeiras limpas e eficientes \u2014 e queremos ajud\u00e1-lo a estar sempre atualizado com as \u00faltimas novidades em tecnologia de limpeza de caldeiras Aerovit, ganhos de efici\u00eancia e casos de sucesso reais.<\/p>\n<p data-start=\"241\" data-end=\"361\" data-is-last-node=\"\" data-is-only-node=\"\">Ao subscrever a nossa newsletter, ter\u00e1 acesso direto a insights exclusivos para profissionais da ind\u00fastria de caldeiras.<\/p>\n                                            <\/div>\n                                            \n                                                                                            <div class=\"mb-6 lg:flex lg:items-center lg:-mx-2\">\n                                                                                                            <div class=\"mb-3 lg:mb-0 lg:px-2\">\n                                                                <div x-data=\"{ 'showModal': false }\">\n\n\n        <div>\n            \n                <a href=\"https:\/\/mailchi.mp\/aerovit.dk\/signup-for-newsletter\"\n                   target=\"\"\n                   class=\"btn  btn-primary  \">\n                    <div class=\" ml-6\">\n                        Clique aqui para subscrever                    <\/div>\n                                            <div class=\"float-right ml-3 mr-3\">\n                            <i class=\"far fa-long-arrow-alt-right\"><\/i>\n                        <\/div>\n                                    <\/a>\n\n            \n\n        <\/div>\n\n\n            <\/div>\n\n                                                        <\/div>\n                                                                                                    <\/div>\n                                                                                    <\/div>\n\n                                    <\/div>\n                                <\/div>\n                                                    <\/div>\n\n                    <\/div>\n                <\/div>\n\n                <script>\n                    function xDataTabbedCarousel_0f3d00d085d3abd23efd373dd098ef54() {\n                        return {\n                            slidesCount: 1,\n                            currentSlideIndex: 0,\n                            selectorIsOpen: false,\n                            openTabs: [],\n                            setSlide: function (slideIndex) {\n                                var vm = this;\n                                vm.currentSlideIndex = slideIndex;\n                                var elements = document.querySelectorAll('.carousel-slide');\n                                elements.forEach(function (element, index) {\n                                    vm.stopVideo(element);\n                                });\n\n\n                            },\n                            previousSlide: function () {\n                                var vm = this;\n                                var previousSlide = (vm.currentSlideIndex === 0) ? (vm.slidesCount - 1) : (vm.currentSlideIndex - 1);\n\n                                vm.currentSlideIndex = previousSlide;\n                            },\n                            nextSlide: function () {\n                                var vm = this;\n                                var nextSlide = (vm.currentSlideIndex === (vm.slidesCount - 1)) ? 0 : (vm.currentSlideIndex + 1);\n\n                                vm.currentSlideIndex = nextSlide;\n                            },\n                            stopVideo: function (element) {\n                                var iframe = element.querySelector('iframe');\n                                var video = element.querySelector('video');\n                                if (iframe) {\n                                    var iframeSrc = iframe.src;\n                                    iframe.src = iframeSrc;\n                                }\n                                if (video) {\n                                    video.pause();\n                                }\n                            },\n                            toggleOpenTabs: function (index) {\n                                var vm = this;\n\n                                var tabs = vm.openTabs;\n                                if (vm.openTabs.indexOf(index) > -1 ) {\n                                    vm.openTabs.splice( vm.openTabs.indexOf(index), 1 );\n                                }else{\n                                    vm.openTabs.push(index); \/\/ ...tabs,\n                                }\n\n                            },\n                            isInOpenTabs :function(index){\n                                var vm = this;\n                                return vm.openTabs.includes(index);\n                            }\n                        }\n                    }\n\n                <\/script>\n\n\n            <\/div>\n\n\n            <\/div>\n<\/div>\n\n<div class=\"block-section-header pt-0 pb-0  theme-light schema-bg-color-light_gray\"\n     id=\"block_69f0709232ce1\">\n\n    <div class=\"container\">\n\n        \n            <header class=\"text-center\">\n                                <h2 class=\"p-0 m-0\">\n                    Porqu\u00ea subscrever?                <\/h2>\n                            <\/header>\n            <\/div>\n<\/div>\n\n\n\n<div class=\"block-text-columns pt-6 md:pt-12 lg:pt-12 pb-16 md:pb-16 lg:pb-24 theme-light schema-bg-color-light_gray\"\n     id=\"block_69f07092473df\">\n\n    <div class=\"container\">\n\n\n\n        \n            <div class=\"md:flex md:flex-wrap lg:-mx-4\">\n\n                \n\n                \n                <div class=\"md:px-4 md:w-1\/2 mb-12 md:mb-0\">\n                    \n                    \n                    \n                                            <div class=\"wysiwyg-content\">\n                            <p data-start=\"0\" data-end=\"171\"><strong data-start=\"0\" data-end=\"27\">Seja o primeiro a saber<\/strong><br data-start=\"27\" data-end=\"30\" \/>Receba acesso antecipado a lan\u00e7amentos de produtos, novas solu\u00e7\u00f5es e atualiza\u00e7\u00f5es importantes da empresa que podem beneficiar a sua opera\u00e7\u00e3o.<\/p>\n<p data-start=\"173\" data-end=\"416\"><strong data-start=\"173\" data-end=\"198\">Maximize a efici\u00eancia<\/strong><br data-start=\"198\" data-end=\"201\" \/>Receba conhecimento especializado sobre como os sistemas autom\u00e1ticos de limpeza da Aerovit podem melhorar o desempenho da sua caldeira, reduzir o consumo de combust\u00edvel e encurtar o tempo de retorno do investimento.<\/p>\n<p data-start=\"418\" data-end=\"593\" data-is-last-node=\"\" data-is-only-node=\"\"><strong data-start=\"418\" data-end=\"446\">Conhe\u00e7a-nos pessoalmente<\/strong><br data-start=\"446\" data-end=\"449\" \/>Mantenha-se informado sobre pr\u00f3ximas feiras e confer\u00eancias do setor, onde poder\u00e1 contactar a equipa da Aerovit e ver as nossas solu\u00e7\u00f5es em a\u00e7\u00e3o.<\/p>\n                        <\/div>\n                    \n                    <div class=\"lg:flex md:-mx-4 mt-12\">\n\n\n                        \n                                            <\/div>\n\n                <\/div>\n\n                \n\n                \n                <div class=\"md:px-4 md:w-1\/2 mb-12 md:mb-0\">\n                    \n                    \n                    \n                                            <div class=\"wysiwyg-content\">\n                            <p data-start=\"0\" data-end=\"175\"><strong data-start=\"0\" data-end=\"29\">Sucesso real dos clientes<\/strong><br data-start=\"29\" data-end=\"32\" \/>Consulte os nossos casos de sucesso e descubra os resultados que os nossos clientes alcan\u00e7aram com uma solu\u00e7\u00e3o de limpeza de caldeiras Aerovit.<\/p>\n<p data-start=\"177\" data-end=\"317\"><strong data-start=\"177\" data-end=\"191\">Sabia que?<\/strong><br data-start=\"191\" data-end=\"194\" \/>Conhe\u00e7a factos r\u00e1pidos e insights \u00fateis que podem ajud\u00e1-lo a tirar o m\u00e1ximo partido da sua solu\u00e7\u00e3o de limpeza de caldeiras.<\/p>\n<p data-start=\"319\" data-end=\"517\">Quer esteja a conhecer a Aerovit pela primeira vez ou seja cliente h\u00e1 muitos anos, a nossa newsletter \u00e9 a sua fonte de refer\u00eancia para atualiza\u00e7\u00f5es valiosas, conhecimento pr\u00e1tico e experi\u00eancia real.<\/p>\n<p data-start=\"519\" data-end=\"606\" data-is-last-node=\"\" data-is-only-node=\"\">Vamos manter a sua caldeira limpa e a sua opera\u00e7\u00e3o a funcionar com o melhor desempenho.<\/p>\n                        <\/div>\n                    \n                    <div class=\"lg:flex md:-mx-4 mt-12\">\n\n\n                        \n                                            <\/div>\n\n                <\/div>\n\n                            <\/div>\n\n            <\/div>\n<\/div>\n","protected":false},"excerpt":{"rendered":"","protected":false},"author":91,"featured_media":13460,"parent":0,"menu_order":0,"comment_status":"closed","ping_status":"closed","template":"","meta":[],"segment":[],"acf":[],"yoast_head":"<!-- This site is optimized with the Yoast SEO plugin v19.14 - https:\/\/yoast.com\/wordpress\/plugins\/seo\/ -->\n<title>Assine nossa newsletter - Aerovit A\/S<\/title>\n<meta name=\"description\" content=\"Subscreva a nossa newsletter e receba novidades sobre produtos, casos de sucesso e otimiza\u00e7\u00e3o da sua caldeira.\" \/>\n<meta name=\"robots\" content=\"index, follow, max-snippet:-1, max-image-preview:large, max-video-preview:-1\" \/>\n<link rel=\"canonical\" href=\"https:\/\/www.aerovit.dk\/pt-pt\/assine-nossa-newsletter\/\" \/>\n<meta property=\"og:locale\" content=\"pt_PT\" \/>\n<meta property=\"og:type\" content=\"article\" \/>\n<meta property=\"og:title\" content=\"Assine nossa newsletter - Aerovit A\/S\" \/>\n<meta property=\"og:description\" content=\"Subscreva a nossa newsletter e receba novidades sobre produtos, casos de sucesso e otimiza\u00e7\u00e3o da sua caldeira.\" \/>\n<meta property=\"og:url\" content=\"https:\/\/www.aerovit.dk\/pt-pt\/assine-nossa-newsletter\/\" \/>\n<meta property=\"og:site_name\" content=\"Aerovit A\/S\" \/>\n<meta property=\"article:modified_time\" content=\"2026-04-28T09:16:09+00:00\" \/>\n<meta property=\"og:image\" content=\"https:\/\/www.aerovit.dk\/wp-content\/uploads\/sites\/112\/2025\/09\/Carbon-footprint-scaled.jpg\" \/>\n\t<meta property=\"og:image:width\" content=\"2560\" \/>\n\t<meta property=\"og:image:height\" content=\"1709\" \/>\n\t<meta property=\"og:image:type\" content=\"image\/jpeg\" \/>\n<meta name=\"twitter:card\" content=\"summary_large_image\" \/>\n<script type=\"application\/ld+json\" class=\"yoast-schema-graph\">{\"@context\":\"https:\/\/schema.org\",\"@graph\":[{\"@type\":\"WebPage\",\"@id\":\"https:\/\/www.aerovit.dk\/pt-pt\/assine-nossa-newsletter\/\",\"url\":\"https:\/\/www.aerovit.dk\/pt-pt\/assine-nossa-newsletter\/\",\"name\":\"Assine nossa newsletter - Aerovit A\/S\",\"isPartOf\":{\"@id\":\"https:\/\/www.aerovit.dk\/#website\"},\"datePublished\":\"2025-09-29T11:57:45+00:00\",\"dateModified\":\"2026-04-28T09:16:09+00:00\",\"description\":\"Subscreva a nossa newsletter e receba novidades sobre produtos, casos de sucesso e otimiza\u00e7\u00e3o da sua caldeira.\",\"inLanguage\":\"pt-PT\",\"potentialAction\":[{\"@type\":\"ReadAction\",\"target\":[\"https:\/\/www.aerovit.dk\/pt-pt\/assine-nossa-newsletter\/\"]}]},{\"@type\":\"WebSite\",\"@id\":\"https:\/\/www.aerovit.dk\/#website\",\"url\":\"https:\/\/www.aerovit.dk\/\",\"name\":\"Aerovit A\/S\",\"description\":\"We specialize in keeping boilers clean \u2013 Efficiently and reliably\",\"publisher\":{\"@id\":\"https:\/\/www.aerovit.dk\/#organization\"},\"potentialAction\":[{\"@type\":\"SearchAction\",\"target\":{\"@type\":\"EntryPoint\",\"urlTemplate\":\"https:\/\/www.aerovit.dk\/?s={search_term_string}\"},\"query-input\":\"required name=search_term_string\"}],\"inLanguage\":\"pt-PT\"},{\"@type\":\"Organization\",\"@id\":\"https:\/\/www.aerovit.dk\/#organization\",\"name\":\"Aerovit A\/S\",\"url\":\"https:\/\/www.aerovit.dk\/\",\"logo\":{\"@type\":\"ImageObject\",\"inLanguage\":\"pt-PT\",\"@id\":\"https:\/\/www.aerovit.dk\/#\/schema\/logo\/image\/\",\"url\":\"https:\/\/www.aerovit.dk\/wp-content\/uploads\/sites\/112\/2022\/12\/Home-Logo.svg\",\"contentUrl\":\"https:\/\/www.aerovit.dk\/wp-content\/uploads\/sites\/112\/2022\/12\/Home-Logo.svg\",\"width\":1923,\"height\":289,\"caption\":\"Aerovit A\/S\"},\"image\":{\"@id\":\"https:\/\/www.aerovit.dk\/#\/schema\/logo\/image\/\"},\"sameAs\":[\"https:\/\/www.linkedin.com\/company\/1889435\/\"]}]}<\/script>\n<!-- \/ Yoast SEO plugin. -->","yoast_head_json":{"title":"Assine nossa newsletter - Aerovit A\/S","description":"Subscreva a nossa newsletter e receba novidades sobre produtos, casos de sucesso e otimiza\u00e7\u00e3o da sua caldeira.","robots":{"index":"index","follow":"follow","max-snippet":"max-snippet:-1","max-image-preview":"max-image-preview:large","max-video-preview":"max-video-preview:-1"},"canonical":"https:\/\/www.aerovit.dk\/pt-pt\/assine-nossa-newsletter\/","og_locale":"pt_PT","og_type":"article","og_title":"Assine nossa newsletter - Aerovit A\/S","og_description":"Subscreva a nossa newsletter e receba novidades sobre produtos, casos de sucesso e otimiza\u00e7\u00e3o da sua caldeira.","og_url":"https:\/\/www.aerovit.dk\/pt-pt\/assine-nossa-newsletter\/","og_site_name":"Aerovit A\/S","article_modified_time":"2026-04-28T09:16:09+00:00","og_image":[{"width":2560,"height":1709,"url":"https:\/\/www.aerovit.dk\/wp-content\/uploads\/sites\/112\/2025\/09\/Carbon-footprint-scaled.jpg","type":"image\/jpeg"}],"twitter_card":"summary_large_image","schema":{"@context":"https:\/\/schema.org","@graph":[{"@type":"WebPage","@id":"https:\/\/www.aerovit.dk\/pt-pt\/assine-nossa-newsletter\/","url":"https:\/\/www.aerovit.dk\/pt-pt\/assine-nossa-newsletter\/","name":"Assine nossa newsletter - Aerovit A\/S","isPartOf":{"@id":"https:\/\/www.aerovit.dk\/#website"},"datePublished":"2025-09-29T11:57:45+00:00","dateModified":"2026-04-28T09:16:09+00:00","description":"Subscreva a nossa newsletter e receba novidades sobre produtos, casos de sucesso e otimiza\u00e7\u00e3o da sua caldeira.","inLanguage":"pt-PT","potentialAction":[{"@type":"ReadAction","target":["https:\/\/www.aerovit.dk\/pt-pt\/assine-nossa-newsletter\/"]}]},{"@type":"WebSite","@id":"https:\/\/www.aerovit.dk\/#website","url":"https:\/\/www.aerovit.dk\/","name":"Aerovit A\/S","description":"We specialize in keeping boilers clean \u2013 Efficiently and reliably","publisher":{"@id":"https:\/\/www.aerovit.dk\/#organization"},"potentialAction":[{"@type":"SearchAction","target":{"@type":"EntryPoint","urlTemplate":"https:\/\/www.aerovit.dk\/?s={search_term_string}"},"query-input":"required name=search_term_string"}],"inLanguage":"pt-PT"},{"@type":"Organization","@id":"https:\/\/www.aerovit.dk\/#organization","name":"Aerovit A\/S","url":"https:\/\/www.aerovit.dk\/","logo":{"@type":"ImageObject","inLanguage":"pt-PT","@id":"https:\/\/www.aerovit.dk\/#\/schema\/logo\/image\/","url":"https:\/\/www.aerovit.dk\/wp-content\/uploads\/sites\/112\/2022\/12\/Home-Logo.svg","contentUrl":"https:\/\/www.aerovit.dk\/wp-content\/uploads\/sites\/112\/2022\/12\/Home-Logo.svg","width":1923,"height":289,"caption":"Aerovit A\/S"},"image":{"@id":"https:\/\/www.aerovit.dk\/#\/schema\/logo\/image\/"},"sameAs":["https:\/\/www.linkedin.com\/company\/1889435\/"]}]}},"_links":{"self":[{"href":"https:\/\/www.aerovit.dk\/pt-pt\/wp-json\/wp\/v2\/pages\/17133"}],"collection":[{"href":"https:\/\/www.aerovit.dk\/pt-pt\/wp-json\/wp\/v2\/pages"}],"about":[{"href":"https:\/\/www.aerovit.dk\/pt-pt\/wp-json\/wp\/v2\/types\/page"}],"author":[{"embeddable":true,"href":"https:\/\/www.aerovit.dk\/pt-pt\/wp-json\/wp\/v2\/users\/91"}],"replies":[{"embeddable":true,"href":"https:\/\/www.aerovit.dk\/pt-pt\/wp-json\/wp\/v2\/comments?post=17133"}],"version-history":[{"count":7,"href":"https:\/\/www.aerovit.dk\/pt-pt\/wp-json\/wp\/v2\/pages\/17133\/revisions"}],"predecessor-version":[{"id":17182,"href":"https:\/\/www.aerovit.dk\/pt-pt\/wp-json\/wp\/v2\/pages\/17133\/revisions\/17182"}],"wp:featuredmedia":[{"embeddable":true,"href":"https:\/\/www.aerovit.dk\/pt-pt\/wp-json\/wp\/v2\/media\/13460"}],"wp:attachment":[{"href":"https:\/\/www.aerovit.dk\/pt-pt\/wp-json\/wp\/v2\/media?parent=17133"}],"wp:term":[{"taxonomy":"segment","embeddable":true,"href":"https:\/\/www.aerovit.dk\/pt-pt\/wp-json\/wp\/v2\/segment?post=17133"}],"curies":[{"name":"wp","href":"https:\/\/api.w.org\/{rel}","templated":true}]}}