{"id":2650,"date":"2021-01-06T14:13:54","date_gmt":"2021-01-06T13:13:54","guid":{"rendered":"https:\/\/www.aerovit.dk\/?page_id=2650"},"modified":"2026-02-27T08:21:14","modified_gmt":"2026-02-27T07:21:14","slug":"contate-nos","status":"publish","type":"page","link":"https:\/\/www.aerovit.dk\/pt-pt\/contate-nos\/","title":{"rendered":"Contate-nos"},"content":{"rendered":"<div class=\"block-cta-advanced relative bg-cover bg-center bg-no-repeat pt-6 md:pt-6 lg:pt-6 pb-6 md:pb-6 lg:pb-6    theme-dark schema-bg-color-dark_blue lazy-bg\"\n     id=\"block_6983484bc1fb3\"\n\n     style=\"background-image: url('data:image\/gif;base64,R0lGODlhAQABAIAAAP\/\/\/\/\/\/\/yH5BAEKAAEALAAAAAABAAEAAAICTAEAOw==')\"\n     data-src=\"https:\/\/www.aerovit.dk\/wp-content\/uploads\/sites\/112\/2020\/12\/IMG_2328.jpg\"\n\n    data-design-type=\"type_4\"\n    >\n\n    \n\n    <div class=\"absolute inset-0 z-10\"\n         style=\"background-color: #3c4858; opacity: 0.70\"><\/div>\n\n    \n    \n        \n\n<div class=\"container relative z-10\">\n    <div class=\"pb-16 pt-20 md:pt-32 lg:py-32 relative\">\n        <div class=\"relative   mx-auto text-center \">\n\n            \n            <div class=\"relative z-10 \">\n                <header class=\"mb-3\">\n                                        <h1 class=\"\">\n                        Contate-nos                    <\/h1>\n                <\/header>\n                <div class=\"wysiwyg-content  text-xl max-w-lg xl:max-w-xl mx-auto\">\n                    <p>Korden 15, DK-8751 Gedved<br \/>\nTelefone: (+45) 86 92 44 22, Fax: (+45) 86 92 29 19<br \/>\nE-mail: sales@aerovit.dk<\/p>\n                <\/div>\n\n                            <\/div>\n        <\/div>\n    <\/div>\n\n    <\/div>\n    <\/div>\n\n\n<div class=\"block-opt-in pt-32 lg:pt-32 pb-0 theme-light schema-bg-color-default\"\n     id=\"block_69a145e887ded\">\n\n    <div class=\"container relative\">\n\n        <div class=\"bg-white theme-light rounded shadow-lg overflow-hidden\">\n            <div class=\"lg:flex\">\n\n                <div class=\"lg:w-1\/2 flex  border border-solid border-gray-100\">\n\n                    <div class=\"p-8 md:p-12 lg:p-16 w-full\">\n\n\n                        <div class=\"mb-6\">\n                            \n    <div class=\"overflow-hidden  \">\n        <img src=\"\" alt=\"\" class=\"inline-block max-w-full max-h-full\" loading=\"lazy\">\n    <\/div>\n\n                        <\/div>\n\n                                                <header class=\"mb-3\">\n                                                        <h2 class=\"\">\n                                Fale conosco hoje                            <\/h2>\n                        <\/header>\n                        \n                                                <div class=\"wysiwyg-content\">\n                            <p><strong>Ger\u00eancia<\/strong><br \/>\nS\u00f8ren Amby J\u00f8rgensen<br \/>\nE-mail: saj@aerovit.dk<\/p>\n<p><strong>Administra\u00e7\u00e3o<\/strong><br \/>\nAlina Nielsen<br \/>\nE-mail: aln@aerovit.dk<\/p>\n<p><strong>Vendas Internacionais<br \/>\n<\/strong>Heidi Seiger Thomsen<br \/>\nE-mail: hst@aerovit.dk<\/p>\n<p><strong>Gerente de Desenvolvimento de Neg\u00f3cios<\/strong><br \/>\nJesper Ravn<br \/>\nE-mail: <a class=\"decorated-link cursor-pointer\" rel=\"noopener\" data-start=\"258\" data-end=\"272\" data-is-last-node=\"\">jsr@aerovit.dk<\/a><\/p>\n<p>&nbsp;<\/p>\n                        <\/div>\n                        \n\n                        \n                    <\/div>\n\n                <\/div>\n\n                <div class=\"lg:w-1\/2\">\n\n\n                    <div class=\"p-8 md:p-12 lg:py-16 h-full w-full theme-dark schema-bg-color-dark_blue\">\n                                                <div>\n                            \n\n\n\n        <script type=\"text\/javascript\">\n\/\/----------------------------------------------------------\n\/\/------ JAVASCRIPT HOOK FUNCTIONS FOR GRAVITY FORMS -------\n\/\/----------------------------------------------------------\n\nif ( ! gform ) {\n\tdocument.addEventListener( 'gform_main_scripts_loaded', function() { gform.scriptsLoaded = true; } );\n\twindow.addEventListener( 'DOMContentLoaded', function() { gform.domLoaded = true; } );\n\n\tvar gform = {\n\t\tdomLoaded: false,\n\t\tscriptsLoaded: false,\n\t\tinitializeOnLoaded: function( fn ) {\n\t\t\tif ( gform.domLoaded && gform.scriptsLoaded ) {\n\t\t\t\tfn();\n\t\t\t} else if( ! gform.domLoaded && gform.scriptsLoaded ) {\n\t\t\t\twindow.addEventListener( 'DOMContentLoaded', fn );\n\t\t\t} else {\n\t\t\t\tdocument.addEventListener( 'gform_main_scripts_loaded', fn );\n\t\t\t}\n\t\t},\n\t\thooks: { action: {}, filter: {} },\n\t\taddAction: function( action, callable, priority, tag ) {\n\t\t\tgform.addHook( 'action', action, callable, priority, tag );\n\t\t},\n\t\taddFilter: function( action, callable, priority, tag ) {\n\t\t\tgform.addHook( 'filter', action, callable, priority, tag );\n\t\t},\n\t\tdoAction: function( action ) {\n\t\t\tgform.doHook( 'action', action, arguments );\n\t\t},\n\t\tapplyFilters: function( action ) {\n\t\t\treturn gform.doHook( 'filter', action, arguments );\n\t\t},\n\t\tremoveAction: function( action, tag ) {\n\t\t\tgform.removeHook( 'action', action, tag );\n\t\t},\n\t\tremoveFilter: function( action, priority, tag ) {\n\t\t\tgform.removeHook( 'filter', action, priority, tag );\n\t\t},\n\t\taddHook: function( hookType, action, callable, priority, tag ) {\n\t\t\tif ( undefined == gform.hooks[hookType][action] ) {\n\t\t\t\tgform.hooks[hookType][action] = [];\n\t\t\t}\n\t\t\tvar hooks = gform.hooks[hookType][action];\n\t\t\tif ( undefined == tag ) {\n\t\t\t\ttag = action + '_' + hooks.length;\n\t\t\t}\n\t\t\tif( priority == undefined ){\n\t\t\t\tpriority = 10;\n\t\t\t}\n\n\t\t\tgform.hooks[hookType][action].push( { tag:tag, callable:callable, priority:priority } );\n\t\t},\n\t\tdoHook: function( hookType, action, args ) {\n\n\t\t\t\/\/ splice args from object into array and remove first index which is the hook name\n\t\t\targs = Array.prototype.slice.call(args, 1);\n\n\t\t\tif ( undefined != gform.hooks[hookType][action] ) {\n\t\t\t\tvar hooks = gform.hooks[hookType][action], hook;\n\t\t\t\t\/\/sort by priority\n\t\t\t\thooks.sort(function(a,b){return a[\"priority\"]-b[\"priority\"]});\n\n\t\t\t\thooks.forEach( function( hookItem ) {\n\t\t\t\t\thook = hookItem.callable;\n\n\t\t\t\t\tif(typeof hook != 'function')\n\t\t\t\t\t\thook = window[hook];\n\t\t\t\t\tif ( 'action' == hookType ) {\n\t\t\t\t\t\thook.apply(null, args);\n\t\t\t\t\t} else {\n\t\t\t\t\t\targs[0] = hook.apply(null, args);\n\t\t\t\t\t}\n\t\t\t\t} );\n\t\t\t}\n\t\t\tif ( 'filter'==hookType ) {\n\t\t\t\treturn args[0];\n\t\t\t}\n\t\t},\n\t\tremoveHook: function( hookType, action, priority, tag ) {\n\t\t\tif ( undefined != gform.hooks[hookType][action] ) {\n\t\t\t\tvar hooks = gform.hooks[hookType][action];\n\t\t\t\thooks = hooks.filter( function(hook, index, arr) {\n\t\t\t\t\tvar removeHook = (undefined==tag||tag==hook.tag) && (undefined==priority||priority==hook.priority);\n\t\t\t\t\treturn !removeHook;\n\t\t\t\t} );\n\t\t\t\tgform.hooks[hookType][action] = hooks;\n\t\t\t}\n\t\t}\n\t};\n}\n<\/script>\n                <div class='gf_browser_gecko gform_wrapper gform_wrapper_original_id_12 gform_legacy_markup_wrapper' id='gform_wrapper_1923822221' ><div id='gf_1923822221' class='gform_anchor' tabindex='-1'><\/div><form method='post' enctype='multipart\/form-data' target='gform_ajax_frame_1923822221' id='gform_1923822221'  action='\/pt-pt\/wp-json\/wp\/v2\/pages\/2650#gf_1923822221' >\n                        <div class='gform_body gform-body'><ul id='gform_fields_1923822221' class='gform_fields top_label form_sublabel_below description_below'><li id=\"field_12_1\"  class=\"gfield input-type-text input-size-large input-size-large gfield_contains_required field_sublabel_below field_description_below gfield_visibility_visible\"  data-js-reload=\"field_12_1\"><label class='gfield_label' for='input_1923822221_1' >Nome<span class=\"gfield_required\"><span class=\"gfield_required gfield_required_asterisk\">*<\/span><\/span><\/label><div class='ginput_container ginput_container_text'><input name='input_1' id='input_1923822221_1' type='text' value='' class='large'     aria-required=\"true\" aria-invalid=\"false\"   \/> <\/div><\/li><li id=\"field_12_3\"  class=\"gfield input-type-email input-size-large input-size-large gfield_contains_required field_sublabel_below field_description_below gfield_visibility_visible\"  data-js-reload=\"field_12_3\"><label class='gfield_label' for='input_1923822221_3' >E-mail<span class=\"gfield_required\"><span class=\"gfield_required gfield_required_asterisk\">*<\/span><\/span><\/label><div class='ginput_container ginput_container_email'>\n                            <input name='input_3' id='input_1923822221_3' type='text' value='' class='large'    aria-required=\"true\" aria-invalid=\"false\"  \/>\n                        <\/div><\/li><li id=\"field_12_4\"  class=\"gfield input-type-phone input-size-large input-size-large gfield_contains_required field_sublabel_below field_description_below gfield_visibility_visible\"  data-js-reload=\"field_12_4\"><label class='gfield_label' for='input_1923822221_4' >Telefone<span class=\"gfield_required\"><span class=\"gfield_required gfield_required_asterisk\">*<\/span><\/span><\/label><div class='ginput_container ginput_container_phone'><input name='input_4' id='input_1923822221_4' type='text' value='' class='large'   aria-required=\"true\" aria-invalid=\"false\"   \/><\/div><\/li><li id=\"field_12_6\"  class=\"gfield input-type-consent input-size-medium input-size-large gfield_contains_required field_sublabel_below field_description_below gfield_visibility_visible\"  data-js-reload=\"field_12_6\"><label class='gfield_label gfield_label_before_complex'  >Termos<span class=\"gfield_required\"><span class=\"gfield_required gfield_required_asterisk\">*<\/span><\/span><\/label><div class='ginput_container ginput_container_consent'><input name='input_6.1' id='input_1923822221_6_1' type='checkbox' value='1'  aria-describedby=\"gfield_consent_description_12_6\" aria-required=\"true\" aria-invalid=\"false\"   \/> <label class=\"gfield_consent_label\" for='input_1923822221_6_1' >Aceito os termos de envio<\/label><input type='hidden' name='input_6.2' value='Aceito os termos de envio' class='gform_hidden' \/><input type='hidden' name='input_6.3' value='11' class='gform_hidden' \/><\/div><div class='gfield_description gfield_consent_description' id='gfield_consent_description_12_6'>Ao enviar o formul\u00e1rio, tamb\u00e9m aceita a nossa <a href=\"https:\/\/www.aerovit.dk\/privatlivspolitik\/\" target=\"_blank\">pol\u00edtica de privacidade<\/a> e as condi\u00e7\u00f5es para o tratamento dos seus dados pessoais.<\/div><\/li><li id=\"field_12_7\"  class=\"gfield gform_validation_container input-type-honeypot input-size- input-size- field_sublabel_below field_description_below gfield_visibility_visible\"  data-js-reload=\"field_12_7\"><label class='gfield_label' for='input_1923822221_7' >Comments<\/label><div class='ginput_container'><input name='input_7' id='input_1923822221_7' type='text' value='' \/><\/div><div class='gfield_description' id='gfield_description_12_7'>Este campo \u00e9 para efeitos de valida\u00e7\u00e3o e deve ser mantido inalterado.<\/div><\/li><\/ul><\/div>\n        <div class='gform_footer top_label'> <button class='btn btn-primary button gform_button' id='gform_submit_button_1923822221'>Enviar<span class='float-right ml-3 mr-3'><i class='far fa-long-arrow-right'><\/i><\/span><\/button> <input type='hidden' name='gform_ajax' value='form_id=12&amp;title=&amp;description=&amp;tabindex=-1' \/>\n            <input type='hidden' class='gform_hidden' name='is_submit_12' value='1' \/>\n            <input type='hidden' class='gform_hidden' name='gform_submit' value='12' \/>\n            \n            <input type='hidden' class='gform_hidden' name='gform_unique_id' value='' \/>\n            <input type='hidden' class='gform_hidden' name='state_12' value='WyJ7XCI2LjFcIjpcIjVjNjBhNmEyZDA1NWM2MDdjYzZkZmNiMWQzNzNiM2RiXCIsXCI2LjJcIjpcIjI5ODFlNjg5NTAyMjRmZmI3OTlhYWRiMTVlNmVlYWY2XCIsXCI2LjNcIjpcImNkMzdiMzgwZmIxZDczODkzZmVlMmJhNmQ4YjFmODAzXCJ9IiwiMTJlZDc3OWEzYjZlYjBjNTE2NWVkMDYwZWYyODkzODYiXQ==' \/>\n            <input type='hidden' class='gform_hidden' name='gform_target_page_number_12' id='gform_target_page_number_12' value='0' \/>\n            <input type='hidden' class='gform_hidden' name='gform_source_page_number_12' id='gform_source_page_number_12' value='1' \/>\n            <input type='hidden' name='gform_random_id' value='1923822221' \/><input type='hidden' name='gform_field_values' value='' \/>\n            \n        <\/div>\n                        <\/form>\n                        <\/div>\n                <iframe style='display:none;width:0px;height:0px;' src='about:blank' name='gform_ajax_frame_1923822221' id='gform_ajax_frame_1923822221' title='Esta iframe cont\u00e9m a l\u00f3gica requerida para gerir Gravity Forms via AJAX.'><\/iframe>\n                <script type=\"text\/javascript\">\ngform.initializeOnLoaded( function() {gformInitSpinner( 1923822221, 'https:\/\/www.aerovit.dk\/wp-content\/themes\/mindmill\/images\/ajax-loader.gif' );jQuery('#gform_ajax_frame_1923822221').on('load',function(){var contents = jQuery(this).contents().find('*').html();var is_postback = contents.indexOf('GF_AJAX_POSTBACK') >= 0;if(!is_postback){return;}var form_content = jQuery(this).contents().find('#gform_wrapper_1923822221');var is_confirmation = jQuery(this).contents().find('#gform_confirmation_wrapper_1923822221').length > 0;var is_redirect = contents.indexOf('gformRedirect(){') >= 0;var is_form = form_content.length > 0 && ! is_redirect && ! is_confirmation;var mt = parseInt(jQuery('html').css('margin-top'), 10) + parseInt(jQuery('body').css('margin-top'), 10) + 100;if(is_form){jQuery('#gform_wrapper_1923822221').html(form_content.html());if(form_content.hasClass('gform_validation_error')){jQuery('#gform_wrapper_1923822221').addClass('gform_validation_error');} else {jQuery('#gform_wrapper_1923822221').removeClass('gform_validation_error');}setTimeout( function() { \/* delay the scroll by 50 milliseconds to fix a bug in chrome *\/ jQuery(document).scrollTop(jQuery('#gform_wrapper_1923822221').offset().top - mt); }, 50 );if(window['gformInitDatepicker']) {gformInitDatepicker();}if(window['gformInitPriceFields']) {gformInitPriceFields();}var current_page = jQuery('#gform_source_page_number_12').val();gformInitSpinner( 1923822221, 'https:\/\/www.aerovit.dk\/wp-content\/themes\/mindmill\/images\/ajax-loader.gif' );jQuery(document).trigger('gform_page_loaded', [1923822221, current_page]);window['gf_submitting_1923822221'] = false;}else if(!is_redirect){var confirmation_content = jQuery(this).contents().find('.GF_AJAX_POSTBACK').html();if(!confirmation_content){confirmation_content = contents;}setTimeout(function(){jQuery('#gform_wrapper_1923822221').replaceWith(confirmation_content);jQuery(document).scrollTop(jQuery('#gf_1923822221').offset().top - mt);jQuery(document).trigger('gform_confirmation_loaded', [1923822221]);window['gf_submitting_1923822221'] = false;wp.a11y.speak(jQuery('#gform_confirmation_message_1923822221').text());}, 50);}else{jQuery('#gform_1923822221').append(contents);if(window['gformRedirect']) {gformRedirect();}}jQuery(document).trigger('gform_post_render', [1923822221, current_page]);} );} );\n<\/script>\n\n                        <\/div>\n                    <\/div>\n                <\/div>\n\n            <\/div>\n        <\/div>\n\n    <\/div>\n<\/div>\n\n<div class=\"block-iframe-embed overflow-hidden pt-0 pb-24 md:pb-48 lg:pb-48 theme- schema-bg-color-default\"\n     id=\"block_6983484bca366\">\n\n    <div class=\"container mx-auto px-4 lg:px-4 relative\">\n        <div class=\"w-full\">\n            <div class=\"w-full\">\n\n\n                <div class=\"\"  style=\"height: 300px;\" >\n                    <iframe id=\"\" src=\"https:\/\/maps.google.dk\/maps?f=q&#038;source=s_q&#038;hl=da&#038;geocode=&#038;q=Korden+15,+Gedved&#038;aq=0&#038;oq=korden+15&#038;sll=56.257789,9.879185&#038;sspn=2.450209,7.13562&#038;t=h&#038;ie=UTF8&#038;hq=&#038;hnear=Korden+15,+8751+Gedved&#038;ll=55.92364,9.836318&#038;spn=0.002414,0.006968&#038;z=14&#038;output=embed\" frameborder=\"0\" class=\"block w-full h-full\" scrolling=\"auto\"><\/iframe>\n                <\/div>\n\n            <\/div>\n        <\/div>\n    <\/div>\n<\/div>\n\n\n","protected":false},"excerpt":{"rendered":"","protected":false},"author":1,"featured_media":0,"parent":0,"menu_order":0,"comment_status":"closed","ping_status":"closed","template":"","meta":[],"segment":[],"acf":[],"yoast_head":"<!-- This site is optimized with the Yoast SEO plugin v19.14 - https:\/\/yoast.com\/wordpress\/plugins\/seo\/ -->\n<title>Contate-nos - Aerovit A\/S<\/title>\n<meta name=\"robots\" content=\"index, follow, max-snippet:-1, max-image-preview:large, max-video-preview:-1\" \/>\n<link rel=\"canonical\" href=\"https:\/\/www.aerovit.dk\/pt-pt\/contate-nos\/\" \/>\n<meta property=\"og:locale\" content=\"pt_PT\" \/>\n<meta property=\"og:type\" content=\"article\" \/>\n<meta property=\"og:title\" content=\"Contate-nos - Aerovit A\/S\" \/>\n<meta property=\"og:url\" content=\"https:\/\/www.aerovit.dk\/pt-pt\/contate-nos\/\" \/>\n<meta property=\"og:site_name\" content=\"Aerovit A\/S\" \/>\n<meta property=\"article:modified_time\" content=\"2026-02-27T07:21:14+00:00\" \/>\n<meta name=\"twitter:card\" content=\"summary_large_image\" \/>\n<script type=\"application\/ld+json\" class=\"yoast-schema-graph\">{\"@context\":\"https:\/\/schema.org\",\"@graph\":[{\"@type\":\"WebPage\",\"@id\":\"https:\/\/www.aerovit.dk\/pt-pt\/contate-nos\/\",\"url\":\"https:\/\/www.aerovit.dk\/pt-pt\/contate-nos\/\",\"name\":\"Contate-nos - Aerovit A\/S\",\"isPartOf\":{\"@id\":\"https:\/\/www.aerovit.dk\/#website\"},\"datePublished\":\"2021-01-06T13:13:54+00:00\",\"dateModified\":\"2026-02-27T07:21:14+00:00\",\"inLanguage\":\"pt-PT\",\"potentialAction\":[{\"@type\":\"ReadAction\",\"target\":[\"https:\/\/www.aerovit.dk\/pt-pt\/contate-nos\/\"]}]},{\"@type\":\"WebSite\",\"@id\":\"https:\/\/www.aerovit.dk\/#website\",\"url\":\"https:\/\/www.aerovit.dk\/\",\"name\":\"Aerovit A\/S\",\"description\":\"We specialize in keeping boilers clean \u2013 Efficiently and reliably\",\"publisher\":{\"@id\":\"https:\/\/www.aerovit.dk\/#organization\"},\"potentialAction\":[{\"@type\":\"SearchAction\",\"target\":{\"@type\":\"EntryPoint\",\"urlTemplate\":\"https:\/\/www.aerovit.dk\/?s={search_term_string}\"},\"query-input\":\"required name=search_term_string\"}],\"inLanguage\":\"pt-PT\"},{\"@type\":\"Organization\",\"@id\":\"https:\/\/www.aerovit.dk\/#organization\",\"name\":\"Aerovit A\/S\",\"url\":\"https:\/\/www.aerovit.dk\/\",\"logo\":{\"@type\":\"ImageObject\",\"inLanguage\":\"pt-PT\",\"@id\":\"https:\/\/www.aerovit.dk\/#\/schema\/logo\/image\/\",\"url\":\"https:\/\/www.aerovit.dk\/wp-content\/uploads\/sites\/112\/2022\/12\/Home-Logo.svg\",\"contentUrl\":\"https:\/\/www.aerovit.dk\/wp-content\/uploads\/sites\/112\/2022\/12\/Home-Logo.svg\",\"width\":1923,\"height\":289,\"caption\":\"Aerovit A\/S\"},\"image\":{\"@id\":\"https:\/\/www.aerovit.dk\/#\/schema\/logo\/image\/\"},\"sameAs\":[\"https:\/\/www.linkedin.com\/company\/1889435\/\"]}]}<\/script>\n<!-- \/ Yoast SEO plugin. -->","yoast_head_json":{"title":"Contate-nos - Aerovit A\/S","robots":{"index":"index","follow":"follow","max-snippet":"max-snippet:-1","max-image-preview":"max-image-preview:large","max-video-preview":"max-video-preview:-1"},"canonical":"https:\/\/www.aerovit.dk\/pt-pt\/contate-nos\/","og_locale":"pt_PT","og_type":"article","og_title":"Contate-nos - Aerovit A\/S","og_url":"https:\/\/www.aerovit.dk\/pt-pt\/contate-nos\/","og_site_name":"Aerovit A\/S","article_modified_time":"2026-02-27T07:21:14+00:00","twitter_card":"summary_large_image","schema":{"@context":"https:\/\/schema.org","@graph":[{"@type":"WebPage","@id":"https:\/\/www.aerovit.dk\/pt-pt\/contate-nos\/","url":"https:\/\/www.aerovit.dk\/pt-pt\/contate-nos\/","name":"Contate-nos - Aerovit A\/S","isPartOf":{"@id":"https:\/\/www.aerovit.dk\/#website"},"datePublished":"2021-01-06T13:13:54+00:00","dateModified":"2026-02-27T07:21:14+00:00","inLanguage":"pt-PT","potentialAction":[{"@type":"ReadAction","target":["https:\/\/www.aerovit.dk\/pt-pt\/contate-nos\/"]}]},{"@type":"WebSite","@id":"https:\/\/www.aerovit.dk\/#website","url":"https:\/\/www.aerovit.dk\/","name":"Aerovit A\/S","description":"We specialize in keeping boilers clean \u2013 Efficiently and reliably","publisher":{"@id":"https:\/\/www.aerovit.dk\/#organization"},"potentialAction":[{"@type":"SearchAction","target":{"@type":"EntryPoint","urlTemplate":"https:\/\/www.aerovit.dk\/?s={search_term_string}"},"query-input":"required name=search_term_string"}],"inLanguage":"pt-PT"},{"@type":"Organization","@id":"https:\/\/www.aerovit.dk\/#organization","name":"Aerovit A\/S","url":"https:\/\/www.aerovit.dk\/","logo":{"@type":"ImageObject","inLanguage":"pt-PT","@id":"https:\/\/www.aerovit.dk\/#\/schema\/logo\/image\/","url":"https:\/\/www.aerovit.dk\/wp-content\/uploads\/sites\/112\/2022\/12\/Home-Logo.svg","contentUrl":"https:\/\/www.aerovit.dk\/wp-content\/uploads\/sites\/112\/2022\/12\/Home-Logo.svg","width":1923,"height":289,"caption":"Aerovit A\/S"},"image":{"@id":"https:\/\/www.aerovit.dk\/#\/schema\/logo\/image\/"},"sameAs":["https:\/\/www.linkedin.com\/company\/1889435\/"]}]}},"_links":{"self":[{"href":"https:\/\/www.aerovit.dk\/pt-pt\/wp-json\/wp\/v2\/pages\/2650"}],"collection":[{"href":"https:\/\/www.aerovit.dk\/pt-pt\/wp-json\/wp\/v2\/pages"}],"about":[{"href":"https:\/\/www.aerovit.dk\/pt-pt\/wp-json\/wp\/v2\/types\/page"}],"author":[{"embeddable":true,"href":"https:\/\/www.aerovit.dk\/pt-pt\/wp-json\/wp\/v2\/users\/1"}],"replies":[{"embeddable":true,"href":"https:\/\/www.aerovit.dk\/pt-pt\/wp-json\/wp\/v2\/comments?post=2650"}],"version-history":[{"count":18,"href":"https:\/\/www.aerovit.dk\/pt-pt\/wp-json\/wp\/v2\/pages\/2650\/revisions"}],"predecessor-version":[{"id":16685,"href":"https:\/\/www.aerovit.dk\/pt-pt\/wp-json\/wp\/v2\/pages\/2650\/revisions\/16685"}],"wp:attachment":[{"href":"https:\/\/www.aerovit.dk\/pt-pt\/wp-json\/wp\/v2\/media?parent=2650"}],"wp:term":[{"taxonomy":"segment","embeddable":true,"href":"https:\/\/www.aerovit.dk\/pt-pt\/wp-json\/wp\/v2\/segment?post=2650"}],"curies":[{"name":"wp","href":"https:\/\/api.w.org\/{rel}","templated":true}]}}