{"id":2658,"date":"2021-01-06T14:15:21","date_gmt":"2021-01-06T13:15:21","guid":{"rendered":"https:\/\/www.aerovit.dk\/?page_id=2658"},"modified":"2021-01-06T14:15:22","modified_gmt":"2021-01-06T13:15:22","slug":"privacy-policy","status":"publish","type":"page","link":"https:\/\/www.aerovit.dk\/pt-pt\/privacy-policy\/","title":{"rendered":"Privacy Policy"},"content":{"rendered":"<div class=\"container\"><div class=\"lg:mx-auto max-w-2xl\"><div class=\"core_heading\">\n<h2>Hvem er vi<\/h2>\n<\/div><\/div><\/div>\n\n<div class=\"container\"><div class=\"lg:mx-auto max-w-2xl\"><div class=\"core_paragraph\">\n<p>Vores webstedsadresse er: https:\/\/www.aerovit.dk.<\/p>\n<\/div><\/div><\/div>\n\n<div class=\"container\"><div class=\"lg:mx-auto max-w-2xl\"><div class=\"core_heading\">\n<h2>Hvilke personlige data vi indsamler og hvorfor vi indsamler det<\/h2>\n<\/div><\/div><\/div>\n\n<div class=\"container\"><div class=\"lg:mx-auto max-w-2xl\"><div class=\"core_heading\">\n<h3>Kommentarer<\/h3>\n<\/div><\/div><\/div>\n\n<div class=\"container\"><div class=\"lg:mx-auto max-w-2xl\"><div class=\"core_paragraph\">\n<p>N\u00e5r bes\u00f8gende skriver kommentarer p\u00e5 webstedet, indsamler vi de data, som vises i kommentarformularen, og ogs\u00e5 den bes\u00f8gendes IP-adresse og browserens user agent string for at hj\u00e6lpe med at opdage spam.<\/p>\n<\/div><\/div><\/div>\n\n<div class=\"container\"><div class=\"lg:mx-auto max-w-2xl\"><div class=\"core_paragraph\">\n<p>En anonymiseret streng som er oprettet ud fra din e-mailadresse (ogs\u00e5 kaldet et hash), kan leveres til Gravatar tjenesten for at se om du bruger denne. Gravatar tjenestens privatlivspolitik er tilg\u00e6ngelig her: https:\/\/automattic.com\/privacy\/. Efter godkendelse af din kommentar, vil dit profilbillede v\u00e6re synligt for offentligheden sammen med din kommentar.<\/p>\n<\/div><\/div><\/div>\n\n<div class=\"container\"><div class=\"lg:mx-auto max-w-2xl\"><div class=\"core_heading\">\n<h3>Medier<\/h3>\n<\/div><\/div><\/div>\n\n<div class=\"container\"><div class=\"lg:mx-auto max-w-2xl\"><div class=\"core_paragraph\">\n<p>Hvis du uploader billeder til webstedet, s\u00e5 b\u00f8r du undlade at uploade billeder med indlejrede lokalitetsdata (EXIF GPS) inkluderet. Bes\u00f8gende p\u00e5 webstedet kan downloade og udtr\u00e6kke alle lokalitetsdata fra billeder p\u00e5 webstedet.<\/p>\n<\/div><\/div><\/div>\n\n<div class=\"container\"><div class=\"lg:mx-auto max-w-2xl\"><div class=\"core_heading\">\n<h3>Kontaktformularer<\/h3>\n<\/div><\/div><\/div>\n\n<div class=\"container\"><div class=\"lg:mx-auto max-w-2xl\"><div class=\"core_heading\">\n<h3>Cookies<\/h3>\n<\/div><\/div><\/div>\n\n<div class=\"container\"><div class=\"lg:mx-auto max-w-2xl\"><div class=\"core_paragraph\">\n<p>Hvis du skriver en kommentar p\u00e5 vores websted, kan du v\u00e6lge at gemme dit navn, e-mailadresse og websted i cookies. Disse er til din bekvemmeligehed, s\u00e5 du ikke skal udfylde dine oplysninger igen, n\u00e5r du skriver endnu en kommentar. Disse cookies vil holde i et \u00e5r.<\/p>\n<\/div><\/div><\/div>\n\n<div class=\"container\"><div class=\"lg:mx-auto max-w-2xl\"><div class=\"core_paragraph\">\n<p>Hvis du bes\u00f8ger vores loginside, opretter vi en midlertidig cookie for at afg\u00f8re om din browser accepterer cookies. Denne cookie indeholder ingen personlige data og slettes, n\u00e5r du lukker din browser.<\/p>\n<\/div><\/div><\/div>\n\n<div class=\"container\"><div class=\"lg:mx-auto max-w-2xl\"><div class=\"core_paragraph\">\n<p>N\u00e5r du logger ind, vil vi ops\u00e6tte en r\u00e6kke cookies og gemme din logininformation og dine valg af sk\u00e6rmvisning. Login cookies holder i to dage, og sk\u00e6rmvalg cookies holder i et \u00e5r. Hvis du v\u00e6lger &#8220;Husk mig&#8221;, vil dit login holde i to uger. Hvis du logger ud af din konto, vil login cookierne forsvinde.<\/p>\n<\/div><\/div><\/div>\n\n<div class=\"container\"><div class=\"lg:mx-auto max-w-2xl\"><div class=\"core_paragraph\">\n<p>Hvis du redigerer eller udgiver en artikel, vil en yderligere cookie blive gemt i din browser. Denne cookie indeholder ikke nogle personlige data og opgiver simpelthen indl\u00e6gsID p\u00e5 den artikel, du lige har redigeret. Den udl\u00f8ber efter 1 dag.<\/p>\n<\/div><\/div><\/div>\n\n<div class=\"container\"><div class=\"lg:mx-auto max-w-2xl\"><div class=\"core_heading\">\n<h3>Indlejret indhold fra andre websteder<\/h3>\n<\/div><\/div><\/div>\n\n<div class=\"container\"><div class=\"lg:mx-auto max-w-2xl\"><div class=\"core_paragraph\">\n<p>Artikler p\u00e5 dette websted kan indeholde indlejret indhold (f.eks. videoer, billeder, artikler osv.). Indlejret indhold fra andre websteder opf\u00f8rer sig p\u00e5 n\u00f8jagtig samme m\u00e5de, som hvis den bes\u00f8gende har bes\u00f8gt det andet websted.<\/p>\n<\/div><\/div><\/div>\n\n<div class=\"container\"><div class=\"lg:mx-auto max-w-2xl\"><div class=\"core_paragraph\">\n<p>Disse websteder indsamler m\u00e5ske data om dig, bruger cookies, indlejrer ekstra tredjeparts sporing, og overv\u00e5ger din interaktion med dette indlejrede indhold, heriblandt at spore din interaktion med indlejret indhold, hvis du har en konto og en logget ind p\u00e5 det websted.<\/p>\n<\/div><\/div><\/div>\n\n<div class=\"container\"><div class=\"lg:mx-auto max-w-2xl\"><div class=\"core_heading\">\n<h3>Analytics<\/h3>\n<\/div><\/div><\/div>\n\n<div class=\"container\"><div class=\"lg:mx-auto max-w-2xl\"><div class=\"core_heading\">\n<h2>Hvem vi deler dine data med<\/h2>\n<\/div><\/div><\/div>\n\n<div class=\"container\"><div class=\"lg:mx-auto max-w-2xl\"><div class=\"core_heading\">\n<h2>Hvor l\u00e6nge vi gemmer dine data<\/h2>\n<\/div><\/div><\/div>\n\n<div class=\"container\"><div class=\"lg:mx-auto max-w-2xl\"><div class=\"core_paragraph\">\n<p>Hvis du skriver en kommentar, s\u00e5 bliver kommentarer og dens metadata bevaret p\u00e5 ubestemt tid. Dette er s\u00e5 vi kan genkende og godkende enhver opf\u00f8lgende kommentar automatisk i stedet for at have dem i en moderationsk\u00f8.<\/p>\n<\/div><\/div><\/div>\n\n<div class=\"container\"><div class=\"lg:mx-auto max-w-2xl\"><div class=\"core_paragraph\">\n<p>For brugere som opretter sig p\u00e5 vores websted (om nogen), gemmer vi ogs\u00e5 den personlige information de giver til deres brugerprofil. Alle brugere kan se, redigere, eller slette deres personlige information til enhver tid (med den undtagelse at de ikke kan \u00e6ndre deres brugernavn). Webstedets administratorer kan ogs\u00e5 se og redigere den information.<\/p>\n<\/div><\/div><\/div>\n\n<div class=\"container\"><div class=\"lg:mx-auto max-w-2xl\"><div class=\"core_heading\">\n<h2>Hvilke rettigheder har du over dine data<\/h2>\n<\/div><\/div><\/div>\n\n<div class=\"container\"><div class=\"lg:mx-auto max-w-2xl\"><div class=\"core_paragraph\">\n<p>Hvis du har en konto p\u00e5 dette websted, eller har skrevet kommentarer, kan du bede om en eksporteret fil med de personlige data vi har liggende om dig, heriblandt alt data, du har givet os. Du kan ogs\u00e5 bede om, at vi sletter alle personlige data, vi har om dig. Dette indbefatter ikke nogen form for data, som vi er forpligtede til at gemme af administrative, lovm\u00e6ssige eller sikkerhedsm\u00e6ssige grunde.<\/p>\n<\/div><\/div><\/div>\n\n<div class=\"container\"><div class=\"lg:mx-auto max-w-2xl\"><div class=\"core_heading\">\n<h2>Hvor vi sender dine data<\/h2>\n<\/div><\/div><\/div>\n\n<div class=\"container\"><div class=\"lg:mx-auto max-w-2xl\"><div class=\"core_paragraph\">\n<p>Bes\u00f8gendes kommentarer kan muligvis blive kontrolleret af en automatisk spam-genkendelse tjeneste.<\/p>\n<\/div><\/div><\/div>\n\n<div class=\"container\"><div class=\"lg:mx-auto max-w-2xl\"><div class=\"core_heading\">\n<h2>Din kontaktinformation<\/h2>\n<\/div><\/div><\/div>\n\n<div class=\"container\"><div class=\"lg:mx-auto max-w-2xl\"><div class=\"core_heading\">\n<h2>Yderligere information<\/h2>\n<\/div><\/div><\/div>\n\n<div class=\"container\"><div class=\"lg:mx-auto max-w-2xl\"><div class=\"core_heading\">\n<h3>Hvordan vi beskytter dine data<\/h3>\n<\/div><\/div><\/div>\n\n<div class=\"container\"><div class=\"lg:mx-auto max-w-2xl\"><div class=\"core_heading\">\n<h3>Hvilke databrudsprocedurer vi har p\u00e5 plads.<\/h3>\n<\/div><\/div><\/div>\n\n<div class=\"container\"><div class=\"lg:mx-auto max-w-2xl\"><div class=\"core_heading\">\n<h3>Hvilke tredjeparter vi modtager data fra<\/h3>\n<\/div><\/div><\/div>\n\n<div class=\"container\"><div class=\"lg:mx-auto max-w-2xl\"><div class=\"core_heading\">\n<h3>Hvilke automatiserede beslutninger og\/eller profilering vi foretager med brugerdata.<\/h3>\n<\/div><\/div><\/div>\n\n<div class=\"container\"><div class=\"lg:mx-auto max-w-2xl\"><div class=\"core_heading\">\n<h3>Industriregulative krav om freml\u00e6ggelse<\/h3>\n<\/div><\/div><\/div>","protected":false},"excerpt":{"rendered":"<p>Hvem er vi Vores webstedsadresse er: https:\/\/www.aerovit.dk. Hvilke personlige data vi indsamler og hvorfor vi indsamler det Kommentarer N\u00e5r bes\u00f8gende skriver kommentarer p\u00e5 webstedet, indsamler vi de data, som vises i kommentarformularen, og ogs\u00e5 den bes\u00f8gendes IP-adresse og browserens user agent string for at hj\u00e6lpe med at opdage spam. En anonymiseret streng som er oprettet [&hellip;]<\/p>\n","protected":false},"author":1,"featured_media":0,"parent":0,"menu_order":0,"comment_status":"closed","ping_status":"closed","template":"","meta":[],"segment":[],"acf":[],"yoast_head":"<!-- This site is optimized with the Yoast SEO plugin v19.14 - https:\/\/yoast.com\/wordpress\/plugins\/seo\/ -->\n<title>Privacy Policy - Aerovit A\/S<\/title>\n<meta name=\"robots\" content=\"index, follow, max-snippet:-1, max-image-preview:large, max-video-preview:-1\" \/>\n<link rel=\"canonical\" href=\"https:\/\/www.aerovit.dk\/pt-pt\/privacy-policy\/\" \/>\n<meta property=\"og:locale\" content=\"pt_PT\" \/>\n<meta property=\"og:type\" content=\"article\" \/>\n<meta property=\"og:title\" content=\"Privacy Policy - Aerovit A\/S\" \/>\n<meta property=\"og:description\" content=\"Hvem er vi Vores webstedsadresse er: https:\/\/www.aerovit.dk. Hvilke personlige data vi indsamler og hvorfor vi indsamler det Kommentarer N\u00e5r bes\u00f8gende skriver kommentarer p\u00e5 webstedet, indsamler vi de data, som vises i kommentarformularen, og ogs\u00e5 den bes\u00f8gendes IP-adresse og browserens user agent string for at hj\u00e6lpe med at opdage spam. En anonymiseret streng som er oprettet [&hellip;]\" \/>\n<meta property=\"og:url\" content=\"https:\/\/www.aerovit.dk\/pt-pt\/privacy-policy\/\" \/>\n<meta property=\"og:site_name\" content=\"Aerovit A\/S\" \/>\n<meta property=\"article:modified_time\" content=\"2021-01-06T13:15:22+00:00\" \/>\n<meta name=\"twitter:card\" content=\"summary_large_image\" \/>\n<meta name=\"twitter:label1\" content=\"Tempo estimado de leitura\" \/>\n\t<meta name=\"twitter:data1\" content=\"3 minutos\" \/>\n<script type=\"application\/ld+json\" class=\"yoast-schema-graph\">{\"@context\":\"https:\/\/schema.org\",\"@graph\":[{\"@type\":\"WebPage\",\"@id\":\"https:\/\/www.aerovit.dk\/pt-pt\/privacy-policy\/\",\"url\":\"https:\/\/www.aerovit.dk\/pt-pt\/privacy-policy\/\",\"name\":\"Privacy Policy - Aerovit A\/S\",\"isPartOf\":{\"@id\":\"https:\/\/www.aerovit.dk\/#website\"},\"datePublished\":\"2021-01-06T13:15:21+00:00\",\"dateModified\":\"2021-01-06T13:15:22+00:00\",\"inLanguage\":\"pt-PT\",\"potentialAction\":[{\"@type\":\"ReadAction\",\"target\":[\"https:\/\/www.aerovit.dk\/pt-pt\/privacy-policy\/\"]}]},{\"@type\":\"WebSite\",\"@id\":\"https:\/\/www.aerovit.dk\/#website\",\"url\":\"https:\/\/www.aerovit.dk\/\",\"name\":\"Aerovit A\/S\",\"description\":\"We specialize in keeping boilers clean \u2013 Efficiently and reliably\",\"publisher\":{\"@id\":\"https:\/\/www.aerovit.dk\/#organization\"},\"potentialAction\":[{\"@type\":\"SearchAction\",\"target\":{\"@type\":\"EntryPoint\",\"urlTemplate\":\"https:\/\/www.aerovit.dk\/?s={search_term_string}\"},\"query-input\":\"required name=search_term_string\"}],\"inLanguage\":\"pt-PT\"},{\"@type\":\"Organization\",\"@id\":\"https:\/\/www.aerovit.dk\/#organization\",\"name\":\"Aerovit A\/S\",\"url\":\"https:\/\/www.aerovit.dk\/\",\"logo\":{\"@type\":\"ImageObject\",\"inLanguage\":\"pt-PT\",\"@id\":\"https:\/\/www.aerovit.dk\/#\/schema\/logo\/image\/\",\"url\":\"https:\/\/www.aerovit.dk\/wp-content\/uploads\/sites\/112\/2022\/12\/Home-Logo.svg\",\"contentUrl\":\"https:\/\/www.aerovit.dk\/wp-content\/uploads\/sites\/112\/2022\/12\/Home-Logo.svg\",\"width\":1923,\"height\":289,\"caption\":\"Aerovit A\/S\"},\"image\":{\"@id\":\"https:\/\/www.aerovit.dk\/#\/schema\/logo\/image\/\"},\"sameAs\":[\"https:\/\/www.linkedin.com\/company\/1889435\/\"]}]}<\/script>\n<!-- \/ Yoast SEO plugin. -->","yoast_head_json":{"title":"Privacy Policy - Aerovit A\/S","robots":{"index":"index","follow":"follow","max-snippet":"max-snippet:-1","max-image-preview":"max-image-preview:large","max-video-preview":"max-video-preview:-1"},"canonical":"https:\/\/www.aerovit.dk\/pt-pt\/privacy-policy\/","og_locale":"pt_PT","og_type":"article","og_title":"Privacy Policy - Aerovit A\/S","og_description":"Hvem er vi Vores webstedsadresse er: https:\/\/www.aerovit.dk. Hvilke personlige data vi indsamler og hvorfor vi indsamler det Kommentarer N\u00e5r bes\u00f8gende skriver kommentarer p\u00e5 webstedet, indsamler vi de data, som vises i kommentarformularen, og ogs\u00e5 den bes\u00f8gendes IP-adresse og browserens user agent string for at hj\u00e6lpe med at opdage spam. En anonymiseret streng som er oprettet [&hellip;]","og_url":"https:\/\/www.aerovit.dk\/pt-pt\/privacy-policy\/","og_site_name":"Aerovit A\/S","article_modified_time":"2021-01-06T13:15:22+00:00","twitter_card":"summary_large_image","twitter_misc":{"Tempo estimado de leitura":"3 minutos"},"schema":{"@context":"https:\/\/schema.org","@graph":[{"@type":"WebPage","@id":"https:\/\/www.aerovit.dk\/pt-pt\/privacy-policy\/","url":"https:\/\/www.aerovit.dk\/pt-pt\/privacy-policy\/","name":"Privacy Policy - Aerovit A\/S","isPartOf":{"@id":"https:\/\/www.aerovit.dk\/#website"},"datePublished":"2021-01-06T13:15:21+00:00","dateModified":"2021-01-06T13:15:22+00:00","inLanguage":"pt-PT","potentialAction":[{"@type":"ReadAction","target":["https:\/\/www.aerovit.dk\/pt-pt\/privacy-policy\/"]}]},{"@type":"WebSite","@id":"https:\/\/www.aerovit.dk\/#website","url":"https:\/\/www.aerovit.dk\/","name":"Aerovit A\/S","description":"We specialize in keeping boilers clean \u2013 Efficiently and reliably","publisher":{"@id":"https:\/\/www.aerovit.dk\/#organization"},"potentialAction":[{"@type":"SearchAction","target":{"@type":"EntryPoint","urlTemplate":"https:\/\/www.aerovit.dk\/?s={search_term_string}"},"query-input":"required name=search_term_string"}],"inLanguage":"pt-PT"},{"@type":"Organization","@id":"https:\/\/www.aerovit.dk\/#organization","name":"Aerovit A\/S","url":"https:\/\/www.aerovit.dk\/","logo":{"@type":"ImageObject","inLanguage":"pt-PT","@id":"https:\/\/www.aerovit.dk\/#\/schema\/logo\/image\/","url":"https:\/\/www.aerovit.dk\/wp-content\/uploads\/sites\/112\/2022\/12\/Home-Logo.svg","contentUrl":"https:\/\/www.aerovit.dk\/wp-content\/uploads\/sites\/112\/2022\/12\/Home-Logo.svg","width":1923,"height":289,"caption":"Aerovit A\/S"},"image":{"@id":"https:\/\/www.aerovit.dk\/#\/schema\/logo\/image\/"},"sameAs":["https:\/\/www.linkedin.com\/company\/1889435\/"]}]}},"_links":{"self":[{"href":"https:\/\/www.aerovit.dk\/pt-pt\/wp-json\/wp\/v2\/pages\/2658"}],"collection":[{"href":"https:\/\/www.aerovit.dk\/pt-pt\/wp-json\/wp\/v2\/pages"}],"about":[{"href":"https:\/\/www.aerovit.dk\/pt-pt\/wp-json\/wp\/v2\/types\/page"}],"author":[{"embeddable":true,"href":"https:\/\/www.aerovit.dk\/pt-pt\/wp-json\/wp\/v2\/users\/1"}],"replies":[{"embeddable":true,"href":"https:\/\/www.aerovit.dk\/pt-pt\/wp-json\/wp\/v2\/comments?post=2658"}],"version-history":[{"count":1,"href":"https:\/\/www.aerovit.dk\/pt-pt\/wp-json\/wp\/v2\/pages\/2658\/revisions"}],"predecessor-version":[{"id":2659,"href":"https:\/\/www.aerovit.dk\/pt-pt\/wp-json\/wp\/v2\/pages\/2658\/revisions\/2659"}],"wp:attachment":[{"href":"https:\/\/www.aerovit.dk\/pt-pt\/wp-json\/wp\/v2\/media?parent=2658"}],"wp:term":[{"taxonomy":"segment","embeddable":true,"href":"https:\/\/www.aerovit.dk\/pt-pt\/wp-json\/wp\/v2\/segment?post=2658"}],"curies":[{"name":"wp","href":"https:\/\/api.w.org\/{rel}","templated":true}]}}