{"id":2664,"date":"2021-01-06T14:16:22","date_gmt":"2021-01-06T13:16:22","guid":{"rendered":"https:\/\/www.aerovit.dk\/?page_id=2664"},"modified":"2025-05-05T15:35:20","modified_gmt":"2025-05-05T13:35:20","slug":"soprador-de-fuligem-aerovit","status":"publish","type":"page","link":"https:\/\/www.aerovit.dk\/pt-pt\/soprador-de-fuligem-aerovit\/","title":{"rendered":"Soprador de Fuligem Aerovit"},"content":{"rendered":"<div class=\"block-cta-advanced relative bg-cover bg-center bg-no-repeat pt-6 md:pt-6 lg:pt-6 pb-6 md:pb-6 lg:pb-6    theme-dark schema-bg-color-dark_blue lazy-bg\"\n     id=\"block_6549ee25ba1e5\"\n\n     style=\"background-image: url('data:image\/gif;base64,R0lGODlhAQABAIAAAP\/\/\/\/\/\/\/yH5BAEKAAEALAAAAAABAAEAAAICTAEAOw==')\"\n     data-src=\"https:\/\/www.aerovit.dk\/wp-content\/uploads\/sites\/112\/2020\/12\/IMG_2324.jpg\"\n\n    data-design-type=\"type_4\"\n    >\n\n    \n\n    <div class=\"absolute inset-0 z-10\"\n         style=\"background-color: #3c4858; opacity: 0.70\"><\/div>\n\n    \n    \n        \n\n<div class=\"container relative z-10\">\n    <div class=\"pb-16 pt-20 md:pt-32 lg:py-32 relative\">\n        <div class=\"relative   mx-auto text-center \">\n\n            \n            <div class=\"relative z-10 \">\n                <header class=\"mb-3\">\n                                        <h1 class=\"\">\n                         Soprador de Fuligem Aerovit                    <\/h1>\n                <\/header>\n                <div class=\"wysiwyg-content  text-xl max-w-lg xl:max-w-xl mx-auto\">\n                                    <\/div>\n\n                            <\/div>\n        <\/div>\n    <\/div>\n\n    <\/div>\n    <\/div>\n\n\n<div class=\"block-media-text-carousel pt-6 md:pt-12 lg:pt-12 pb-6 md:pb-12 lg:pb-12 theme-light schema-bg-color-light_gray\"\n     id=\"block_6549ee25ba26e\">\n    <div class=\"container relative\">\n                \n            <div>\n\n\n                <div x-data=\"xDataTabbedCarousel_e7f97802266c73c2a0b00b55c17787f7()\">\n\n                    <div class=\"block md:hidden\">\n\n                        <div class=\"\">\n\n\n                                                        <div class=\"\" >\n\n                                \n                                <div  class=\"carousel-tab overflow-hidden px-3\">\n\n                                    <div class=\"mb-6\">\n\n                                        \n    <div class=\"overflow-hidden  \">\n        <img src=\"https:\/\/www.aerovit.dk\/wp-content\/uploads\/sites\/112\/2020\/12\/IMG_2327.jpg\" alt=\"\" class=\"inline-block max-w-full max-h-full\" loading=\"lazy\">\n    <\/div>\n\n\n                                    <\/div>\n\n                                    <header class=\" mb-6\">\n                                        <div class=\"pre-heading\">\n                                                                                    <\/div>\n                                        <h4 class=\"p-0 m-0\">\n                                            O soprador de fuligem Aerovit \u00e9 um sistema concebido para manter caldeiras limpas usando ondas de choque controladas pelo PLC\/Timer                                        <\/h4>\n                                    <\/header>\n\n                                    <div class=\"text-sm wysiwyg-content mb-6\">\n                                        <p class=\"style6 style7\"><strong>O sistema funciona atrav\u00e9s de ar comprimido assegurando uma limpeza cont\u00ednua de qualquer tipo de caldeiras de biomassa, economizadores, permutadores de calor, caldeiras mar\u00edtimas, elementos catalisadores, etc.<\/strong><\/p>\n<p>Numa frac\u00e7\u00e3o de segundo, 450 litros de ar sob alta press\u00e3o s\u00e3o soprados atrav\u00e9s da v\u00e1lvula especial Aerovit. Isto gera um sopro de press\u00e3o muito potente que \u00e9 dirigido para dentro da caldeira. Esse sopro elimina sedimentos dentro dos tubos da caldeira e dos compartimentos na \u00e1rea em frente ao sistema.<\/p>\n<p>O Soprador de Fuligem Aerovit \u00e9 entregue com um sistema de refrigera\u00e7\u00e3o patenteado que assegura funcionalidade a altas temperaturas e ambientes corrosivos. O sistema inclui ainda uma t\u00e9cnica patenteada que reduz com efici\u00eancia os n\u00edveis de som para aproximadamente 80 d\u00e9cibeis.<\/p>\n<p>O Soprador de Fuligem Aerovit tem uma patente internacional.<\/p>\n                                    <\/div>\n\n                                    \n                                    \n                                <\/div>\n                            <\/div>\n                            \n                        <\/div>\n                    <\/div>\n\n\n                    <div class=\"hidden md:block\">\n                        \n                        <div>\n                            \n                                <div class=\"carousel-slide\" x-show=\"currentSlideIndex === 0\">\n                                    <div class=\"lg:flex \">\n                                        <div class=\"md:mb-6 lg:mb-0 lg:w-2\/3 lg:pr-24\">\n                                            \n    <div class=\"overflow-hidden  \">\n        <img src=\"https:\/\/www.aerovit.dk\/wp-content\/uploads\/sites\/112\/2020\/12\/IMG_2327.jpg\" alt=\"\" class=\"inline-block max-w-full max-h-full\" loading=\"lazy\">\n    <\/div>\n\n                                        <\/div>\n                                        <div class=\"lg:w-1\/3 \">\n                                            <header class=\"lg:pr-3 mb-6\">\n                                                <div class=\"pre-heading\">\n                                                                                                    <\/div>\n                                                <h3 class=\"p-0 m-0\">\n                                                    O soprador de fuligem Aerovit \u00e9 um sistema concebido para manter caldeiras limpas usando ondas de choque controladas pelo PLC\/Timer                                                <\/h3>\n                                            <\/header>\n                                            <div class=\"text-sm mb-6 wysiwyg-content\">\n                                                <p class=\"style6 style7\"><strong>O sistema funciona atrav\u00e9s de ar comprimido assegurando uma limpeza cont\u00ednua de qualquer tipo de caldeiras de biomassa, economizadores, permutadores de calor, caldeiras mar\u00edtimas, elementos catalisadores, etc.<\/strong><\/p>\n<p>Numa frac\u00e7\u00e3o de segundo, 450 litros de ar sob alta press\u00e3o s\u00e3o soprados atrav\u00e9s da v\u00e1lvula especial Aerovit. Isto gera um sopro de press\u00e3o muito potente que \u00e9 dirigido para dentro da caldeira. Esse sopro elimina sedimentos dentro dos tubos da caldeira e dos compartimentos na \u00e1rea em frente ao sistema.<\/p>\n<p>O Soprador de Fuligem Aerovit \u00e9 entregue com um sistema de refrigera\u00e7\u00e3o patenteado que assegura funcionalidade a altas temperaturas e ambientes corrosivos. O sistema inclui ainda uma t\u00e9cnica patenteada que reduz com efici\u00eancia os n\u00edveis de som para aproximadamente 80 d\u00e9cibeis.<\/p>\n<p>O Soprador de Fuligem Aerovit tem uma patente internacional.<\/p>\n                                            <\/div>\n                                            \n                                                                                    <\/div>\n\n                                    <\/div>\n                                <\/div>\n                                                    <\/div>\n\n                    <\/div>\n                <\/div>\n\n                <script>\n                    function xDataTabbedCarousel_e7f97802266c73c2a0b00b55c17787f7() {\n                        return {\n                            slidesCount: 1,\n                            currentSlideIndex: 0,\n                            selectorIsOpen: false,\n                            openTabs: [0],\n                            setSlide: function (slideIndex) {\n                                var vm = this;\n                                vm.currentSlideIndex = slideIndex;\n                                var elements = document.querySelectorAll('.carousel-slide');\n                                elements.forEach(function (element, index) {\n                                    vm.stopVideo(element);\n                                });\n\n\n                            },\n                            previousSlide: function () {\n                                var vm = this;\n                                var previousSlide = (vm.currentSlideIndex === 0) ? (vm.slidesCount - 1) : (vm.currentSlideIndex - 1);\n\n                                vm.currentSlideIndex = previousSlide;\n                            },\n                            nextSlide: function () {\n                                var vm = this;\n                                var nextSlide = (vm.currentSlideIndex === (vm.slidesCount - 1)) ? 0 : (vm.currentSlideIndex + 1);\n\n                                vm.currentSlideIndex = nextSlide;\n                            },\n                            stopVideo: function (element) {\n                                var iframe = element.querySelector('iframe');\n                                var video = element.querySelector('video');\n                                if (iframe) {\n                                    var iframeSrc = iframe.src;\n                                    iframe.src = iframeSrc;\n                                }\n                                if (video) {\n                                    video.pause();\n                                }\n                            },\n                            toggleOpenTabs: function (index) {\n                                var vm = this;\n\n                                var tabs = vm.openTabs;\n                                if (vm.openTabs.indexOf(index) > -1 ) {\n                                    vm.openTabs.splice( vm.openTabs.indexOf(index), 1 );\n                                }else{\n                                    vm.openTabs.push(index); \/\/ ...tabs,\n                                }\n\n                            },\n                            isInOpenTabs :function(index){\n                                var vm = this;\n                                return vm.openTabs.includes(index);\n                            }\n                        }\n                    }\n\n                <\/script>\n\n\n            <\/div>\n\n\n            <\/div>\n<\/div>\n\n<div class=\"block-media-embed overflow-hidden pt-16 md:pt-16 lg:pt-24 pb-6 md:pb-6 lg:pb-6 theme- schema-bg-color-default\"\n     id=\"block_6549ee25bc5ff\">\n\n    <div class=\"container mx-auto px-4 lg:px-4 relative\">\n        <div class=\"w-full\">\n\n                            <header class=\"mb-3  text-center\">\n                                        <h3>Como funcionam os sopradores de fuligem Aerovit<\/h3>\n                <\/header>\n            \n            \n            <div class=\"w-full \">\n\n                    \n    \n\n                    <div class=\"plyr-embed lazy-plyr\"\n                                 data-plyr-provider=\"vimeo\"\n                 data-plyr-embed-id=\"881712309\"\n                             ><\/div>\n\n\n        \n    \n            <\/div>\n        <\/div>\n    <\/div>\n<\/div>\n\n<div class=\"case-study relative pt-6 md:pt-12 lg:pt-12 pb-6 md:pb-12 lg:pb-12\"\n     id=\"block_6549ee25bc67a\">\n    <div class=\"absolute inset-0 flex flex-col\">\n        <div style=\"background-color: #dadbdd;\" class=\"h-1\/2\"><\/div>\n        <div style=\"background-color: #ffffff;\" class=\"h-1\/2\"><\/div>\n    <\/div>\n    <div class=\"container relative\">\n\n        <div class=\"shadow-lg rounded bg-white theme-light max-w-md mx-auto lg:max-w-none lg:mx-0 lg:flex\">\n            <div class=\"lg:w-1\/2 \">\n                <div class=\"flex overflow-hidden items-center justify-end h-64 lg:h-full rounded-t lg:rounded-t-none lg:rounded-l \">\n                    <div class=\"w-full h-full bg-cover bg-center bg-no-repeat lazy-bg\"\n                         style=\"background-image: url('data:image\/gif;base64,R0lGODlhAQABAIAAAP\/\/\/\/\/\/\/yH5BAEKAAEALAAAAAABAAEAAAICTAEAOw==')\" data-src=\"https:\/\/www.aerovit.dk\/wp-content\/uploads\/sites\/112\/2020\/12\/Lindesberg-768x796.jpg\"><\/div>\n                <\/div>\n            <\/div>\n            <div class=\"lg:w-1\/2\">\n                <div class=\"p-6 lg:p-12\">\n\n\n                    \n<header class=\"mb-6 md:mb-12  \">\n    \n            <h3>Vantagens do Soprador de Fuligem Aerovit:<\/h3>    \n            <div class=\"mt-6\">\n            <div class=\"wysiwyg-content \">\n                <ul>\n<li>Paga-se a si pr\u00f3prio dentro de 3 a 24 meses<\/li>\n<li>Maior efici\u00eancia e rendimento da caldeira<\/li>\n<li>Reduz as limpezas manuais e, como tal, paragens da caldeira<\/li>\n<li>Reduz o consumo de combust\u00edvel por MW produzido<\/li>\n<li>Emiss\u00f5es de CO2 mais baixas<\/li>\n<li>Design robusto com poucas pe\u00e7as mov\u00edveis.<\/li>\n<\/ul>\n            <\/div>\n        <\/div>\n    <\/header>\n\n\n                    \n\n                    <div>\n                                            <\/div>\n\n                <\/div>\n            <\/div>\n        <\/div>\n    <\/div>\n<\/div>\n\n\n\n<div class=\"block-section-header pt-6 md:pt-12 lg:pt-12 pb-0  theme- schema-bg-color-default\"\n     id=\"block_6549ee25bc6ac\">\n\n    <div class=\"container\">\n\n        \n            <header class=\"text-center\">\n                                <h2 class=\"p-0 m-0\">\n                    V\u00e1lvula Aerovit                <\/h2>\n                            <\/header>\n            <\/div>\n<\/div>\n\n\n\n<div class=\"block-text-columns pt-6 md:pt-12 lg:pt-12 pb-16 md:pb-16 lg:pb-24 theme- schema-bg-color-default\"\n     id=\"block_6549ee25bc74b\">\n\n    <div class=\"container\">\n\n\n\n        \n            <div class=\"md:flex md:flex-wrap lg:-mx-4\">\n\n                \n\n                \n                <div class=\"md:px-4 md:w-1\/2 mb-12 md:mb-0\">\n                    \n                    \n                    \n                                            <div class=\"wysiwyg-content\">\n                            <p>Acab\u00e1mos de lan\u00e7ar uma nova unidade da v\u00e1lvula aerovit em que o sistema de refrigera\u00e7\u00e3o e a insonoriza\u00e7\u00e3o est\u00e3o integrados. Isto torna a v\u00e1lvula mais compacta e menos vulner\u00e1vel que anteriormente.<\/p>\n<p>Em geral, n\u00e3o existem limites para o tamanho do Sistema de Sopragem de Fuligem Aerovit, pois o n\u00famero de v\u00e1lvulas de explos\u00e3o, o fornecimento de ar comprimido e o regulador de tempo PLC\/Timer podem ser adaptados a todas as situa\u00e7\u00f5es.<\/p>\n<p>O sistema pode ser integrado tanto em caldeiras de biomassa novas como em j\u00e1 existentes, catalisadores, permutadores de calor e economizadores.<\/p>\n<p>Cada Soprador de Fuligem Aerovit \u00e9 especialmente concebido para cada aplica\u00e7\u00e3o individual.<\/p>\n                        <\/div>\n                    \n                    <div class=\"lg:flex md:-mx-4 mt-12\">\n\n\n                        \n                                            <\/div>\n\n                <\/div>\n\n                \n\n                \n                <div class=\"md:px-4 md:w-1\/2 mb-12 md:mb-0\">\n                    \n                    \n                    \n                                            <div class=\"wysiwyg-content\">\n                            <p class=\"style6 style7\">Com base em descri\u00e7\u00f5es, desenhos, medidas e fotos, prepararemos uma proposta de projecto que, depois de submetida a aprova\u00e7\u00e3o, formar\u00e1 a base para os desenhos estruturais finais. Com isto como base n\u00f3s fabricaremos o sistema propriamente dito.<\/p>\n<p>A v\u00e1lvula Aerovit \u00e9 tamb\u00e9m parte integrante do nosso Sistema Rotat\u00f3rio Type R, recentemente desenvolvido, que \u00e9 sobretudo desenvolvido para manter limpos tubos economizadores de \u00e1gua.<\/p>\n                        <\/div>\n                    \n                    <div class=\"lg:flex md:-mx-4 mt-12\">\n\n\n                                                    <div class=\" md:px-4 mb-4\">\n                                    <div x-data=\"{ 'showModal': false }\">\n\n\n        <div>\n            \n                <a href=\"https:\/\/www.aerovit.dk\/products\/aerovit-type-r-rotating-system\/\"\n                   target=\"\"\n                   class=\"btn  btn-primary  \">\n                    <div class=\" ml-6\">\n                        Read more here                    <\/div>\n                                            <div class=\"float-right ml-3 mr-3\">\n                            <i class=\"far fa-long-arrow-alt-right\"><\/i>\n                        <\/div>\n                                    <\/a>\n\n            \n\n        <\/div>\n\n\n            <\/div>\n\n                            <\/div>\n                        \n                                            <\/div>\n\n                <\/div>\n\n                            <\/div>\n\n            <\/div>\n<\/div>\n\n\n<div class=\"cta-simple pt-6 md:pt-12 lg:pt-12 pb-16 md:pb-16 lg:pb-24 theme-dark schema-bg-color-orange\"\n     id=\"block_6818be96c952f\">\n    <div class=\"container relative\">\n        <div class=\"md:flex\">\n            <div class=\"md:w-2\/3 mb-8 md:mb-0 md:flex\">\n                <div class=\"mb-8 md:mb-0 md:mr-6\">\n                    <div class=\"rounded-full h-20 w-20 overflow-hidden mx-auto\">\n                        <img alt=\"\" src=\"https:\/\/www.aerovit.dk\/wp-content\/uploads\/sites\/112\/2020\/11\/manual.svg\" class=\"h-full\">\n                    <\/div>\n                <\/div>\n                <div class=\"text-center md:text-left\">\n                    <header class=\"mb-6 md:mb-3\">\n                                                    <div class=\"pre-heading\">\n                                Cat\u00e1logo de Pe\u00e7as de Reposi\u00e7\u00e3o                            <\/div>\n                                                <h4 class=\"font-bold p-0 m-0\">Baixe o Cat\u00e1logo de Pe\u00e7as de Reposi\u00e7\u00e3o aqui<\/h4>\n                    <\/header>\n                    <div>\n                        <p>Consulte o nosso cat\u00e1logo e encontre uma vis\u00e3o geral de todas as pe\u00e7as de reposi\u00e7\u00e3o para o seu sistema de limpeza Aerovit.<\/p>\n                    <\/div>\n                <\/div>\n            <\/div>\n\n                                    <div class=\"md:w-1\/3 flex justify-center md:items-center md:justify-end\">\n                            <div x-data=\"{ 'showModal': false }\">\n\n\n        <div>\n            \n                <a href=\"https:\/\/www.aerovit.dk\/wp-content\/uploads\/sites\/112\/2025\/04\/Aerovit-A4-Soot-Blower-Solution.pdf\"\n                   target=\"_blank\"\n                   class=\"btn  btn-ghost-white  \">\n                    <div class=\" ml-6\">\n                        Baixar PDF                    <\/div>\n                                            <div class=\"float-right ml-3 mr-3\">\n                            <i class=\"far fa-long-arrow-alt-right\"><\/i>\n                        <\/div>\n                                    <\/a>\n\n            \n\n        <\/div>\n\n\n            <\/div>\n\n                    <\/div>\n                \n        <\/div>\n    <\/div>\n<\/div>","protected":false},"excerpt":{"rendered":"","protected":false},"author":1,"featured_media":0,"parent":0,"menu_order":0,"comment_status":"closed","ping_status":"closed","template":"","meta":[],"segment":[],"acf":[],"yoast_head":"<!-- This site is optimized with the Yoast SEO plugin v19.14 - https:\/\/yoast.com\/wordpress\/plugins\/seo\/ -->\n<title>Soprador de Fuligem Aerovit - Aerovit A\/S<\/title>\n<meta name=\"robots\" content=\"index, follow, max-snippet:-1, max-image-preview:large, max-video-preview:-1\" \/>\n<link rel=\"canonical\" href=\"https:\/\/www.aerovit.dk\/pt-pt\/solucoes\/soprador-de-fuligem-aerovit\/\" \/>\n<meta property=\"og:locale\" content=\"pt_PT\" \/>\n<meta property=\"og:type\" content=\"article\" \/>\n<meta property=\"og:title\" content=\"Soprador de Fuligem Aerovit - Aerovit A\/S\" \/>\n<meta property=\"og:url\" content=\"https:\/\/www.aerovit.dk\/pt-pt\/solucoes\/soprador-de-fuligem-aerovit\/\" \/>\n<meta property=\"og:site_name\" content=\"Aerovit A\/S\" \/>\n<meta property=\"article:modified_time\" content=\"2025-05-05T13:35:20+00:00\" \/>\n<meta name=\"twitter:card\" content=\"summary_large_image\" \/>\n<script type=\"application\/ld+json\" class=\"yoast-schema-graph\">{\"@context\":\"https:\/\/schema.org\",\"@graph\":[{\"@type\":\"WebPage\",\"@id\":\"https:\/\/www.aerovit.dk\/pt-pt\/solucoes\/soprador-de-fuligem-aerovit\/\",\"url\":\"https:\/\/www.aerovit.dk\/pt-pt\/solucoes\/soprador-de-fuligem-aerovit\/\",\"name\":\"Soprador de Fuligem Aerovit - Aerovit A\/S\",\"isPartOf\":{\"@id\":\"https:\/\/www.aerovit.dk\/#website\"},\"datePublished\":\"2021-01-06T13:16:22+00:00\",\"dateModified\":\"2025-05-05T13:35:20+00:00\",\"inLanguage\":\"pt-PT\",\"potentialAction\":[{\"@type\":\"ReadAction\",\"target\":[\"https:\/\/www.aerovit.dk\/pt-pt\/solucoes\/soprador-de-fuligem-aerovit\/\"]}]},{\"@type\":\"WebSite\",\"@id\":\"https:\/\/www.aerovit.dk\/#website\",\"url\":\"https:\/\/www.aerovit.dk\/\",\"name\":\"Aerovit A\/S\",\"description\":\"We specialize in keeping boilers clean \u2013 Efficiently and reliably\",\"publisher\":{\"@id\":\"https:\/\/www.aerovit.dk\/#organization\"},\"potentialAction\":[{\"@type\":\"SearchAction\",\"target\":{\"@type\":\"EntryPoint\",\"urlTemplate\":\"https:\/\/www.aerovit.dk\/?s={search_term_string}\"},\"query-input\":\"required name=search_term_string\"}],\"inLanguage\":\"pt-PT\"},{\"@type\":\"Organization\",\"@id\":\"https:\/\/www.aerovit.dk\/#organization\",\"name\":\"Aerovit A\/S\",\"url\":\"https:\/\/www.aerovit.dk\/\",\"logo\":{\"@type\":\"ImageObject\",\"inLanguage\":\"pt-PT\",\"@id\":\"https:\/\/www.aerovit.dk\/#\/schema\/logo\/image\/\",\"url\":\"https:\/\/www.aerovit.dk\/wp-content\/uploads\/sites\/112\/2022\/12\/Home-Logo.svg\",\"contentUrl\":\"https:\/\/www.aerovit.dk\/wp-content\/uploads\/sites\/112\/2022\/12\/Home-Logo.svg\",\"width\":1923,\"height\":289,\"caption\":\"Aerovit A\/S\"},\"image\":{\"@id\":\"https:\/\/www.aerovit.dk\/#\/schema\/logo\/image\/\"},\"sameAs\":[\"https:\/\/www.linkedin.com\/company\/1889435\/\"]}]}<\/script>\n<!-- \/ Yoast SEO plugin. -->","yoast_head_json":{"title":"Soprador de Fuligem Aerovit - Aerovit A\/S","robots":{"index":"index","follow":"follow","max-snippet":"max-snippet:-1","max-image-preview":"max-image-preview:large","max-video-preview":"max-video-preview:-1"},"canonical":"https:\/\/www.aerovit.dk\/pt-pt\/solucoes\/soprador-de-fuligem-aerovit\/","og_locale":"pt_PT","og_type":"article","og_title":"Soprador de Fuligem Aerovit - Aerovit A\/S","og_url":"https:\/\/www.aerovit.dk\/pt-pt\/solucoes\/soprador-de-fuligem-aerovit\/","og_site_name":"Aerovit A\/S","article_modified_time":"2025-05-05T13:35:20+00:00","twitter_card":"summary_large_image","schema":{"@context":"https:\/\/schema.org","@graph":[{"@type":"WebPage","@id":"https:\/\/www.aerovit.dk\/pt-pt\/solucoes\/soprador-de-fuligem-aerovit\/","url":"https:\/\/www.aerovit.dk\/pt-pt\/solucoes\/soprador-de-fuligem-aerovit\/","name":"Soprador de Fuligem Aerovit - Aerovit A\/S","isPartOf":{"@id":"https:\/\/www.aerovit.dk\/#website"},"datePublished":"2021-01-06T13:16:22+00:00","dateModified":"2025-05-05T13:35:20+00:00","inLanguage":"pt-PT","potentialAction":[{"@type":"ReadAction","target":["https:\/\/www.aerovit.dk\/pt-pt\/solucoes\/soprador-de-fuligem-aerovit\/"]}]},{"@type":"WebSite","@id":"https:\/\/www.aerovit.dk\/#website","url":"https:\/\/www.aerovit.dk\/","name":"Aerovit A\/S","description":"We specialize in keeping boilers clean \u2013 Efficiently and reliably","publisher":{"@id":"https:\/\/www.aerovit.dk\/#organization"},"potentialAction":[{"@type":"SearchAction","target":{"@type":"EntryPoint","urlTemplate":"https:\/\/www.aerovit.dk\/?s={search_term_string}"},"query-input":"required name=search_term_string"}],"inLanguage":"pt-PT"},{"@type":"Organization","@id":"https:\/\/www.aerovit.dk\/#organization","name":"Aerovit A\/S","url":"https:\/\/www.aerovit.dk\/","logo":{"@type":"ImageObject","inLanguage":"pt-PT","@id":"https:\/\/www.aerovit.dk\/#\/schema\/logo\/image\/","url":"https:\/\/www.aerovit.dk\/wp-content\/uploads\/sites\/112\/2022\/12\/Home-Logo.svg","contentUrl":"https:\/\/www.aerovit.dk\/wp-content\/uploads\/sites\/112\/2022\/12\/Home-Logo.svg","width":1923,"height":289,"caption":"Aerovit A\/S"},"image":{"@id":"https:\/\/www.aerovit.dk\/#\/schema\/logo\/image\/"},"sameAs":["https:\/\/www.linkedin.com\/company\/1889435\/"]}]}},"_links":{"self":[{"href":"https:\/\/www.aerovit.dk\/pt-pt\/wp-json\/wp\/v2\/pages\/2664"}],"collection":[{"href":"https:\/\/www.aerovit.dk\/pt-pt\/wp-json\/wp\/v2\/pages"}],"about":[{"href":"https:\/\/www.aerovit.dk\/pt-pt\/wp-json\/wp\/v2\/types\/page"}],"author":[{"embeddable":true,"href":"https:\/\/www.aerovit.dk\/pt-pt\/wp-json\/wp\/v2\/users\/1"}],"replies":[{"embeddable":true,"href":"https:\/\/www.aerovit.dk\/pt-pt\/wp-json\/wp\/v2\/comments?post=2664"}],"version-history":[{"count":13,"href":"https:\/\/www.aerovit.dk\/pt-pt\/wp-json\/wp\/v2\/pages\/2664\/revisions"}],"predecessor-version":[{"id":14222,"href":"https:\/\/www.aerovit.dk\/pt-pt\/wp-json\/wp\/v2\/pages\/2664\/revisions\/14222"}],"wp:attachment":[{"href":"https:\/\/www.aerovit.dk\/pt-pt\/wp-json\/wp\/v2\/media?parent=2664"}],"wp:term":[{"taxonomy":"segment","embeddable":true,"href":"https:\/\/www.aerovit.dk\/pt-pt\/wp-json\/wp\/v2\/segment?post=2664"}],"curies":[{"name":"wp","href":"https:\/\/api.w.org\/{rel}","templated":true}]}}