{"id":2666,"date":"2021-01-06T14:16:43","date_gmt":"2021-01-06T13:16:43","guid":{"rendered":"https:\/\/www.aerovit.dk\/?page_id=2666"},"modified":"2024-10-31T09:42:08","modified_gmt":"2024-10-31T08:42:08","slug":"aerovit-type-r-sistema-rotatorio","status":"publish","type":"page","link":"https:\/\/www.aerovit.dk\/pt-pt\/solucoes\/aerovit-type-r-sistema-rotatorio\/","title":{"rendered":"Aerovit Type R &#8211; Sistema Rotat\u00f3rio"},"content":{"rendered":"<div class=\"block-cta-advanced relative bg-cover bg-center bg-no-repeat pt-6 md:pt-6 lg:pt-6 pb-6 md:pb-6 lg:pb-6    theme-dark schema-bg-color-dark_blue lazy-bg\"\n     id=\"block_67234279e7e28\"\n\n     style=\"background-image: url('data:image\/gif;base64,R0lGODlhAQABAIAAAP\/\/\/\/\/\/\/yH5BAEKAAEALAAAAAABAAEAAAICTAEAOw==')\"\n     data-src=\"https:\/\/www.aerovit.dk\/wp-content\/uploads\/sites\/112\/2020\/12\/IMG_6086.jpg\"\n\n    data-design-type=\"type_4\"\n    >\n\n    \n\n    <div class=\"absolute inset-0 z-10\"\n         style=\"background-color: #3c4858; opacity: 0.70\"><\/div>\n\n    \n    \n        \n\n<div class=\"container relative z-10\">\n    <div class=\"pb-16 pt-20 md:pt-32 lg:py-32 relative\">\n        <div class=\"relative   mx-auto text-center \">\n\n            \n            <div class=\"relative z-10 \">\n                <header class=\"mb-3\">\n                                        <h1 class=\"\">\n                        Aerovit Type R &#8211; Sistema Rotat\u00f3rio                    <\/h1>\n                <\/header>\n                <div class=\"wysiwyg-content  text-xl max-w-lg xl:max-w-xl mx-auto\">\n                                    <\/div>\n\n                            <\/div>\n        <\/div>\n    <\/div>\n\n    <\/div>\n    <\/div>\n\n\n<div class=\"block-media-text-carousel pt-6 md:pt-12 lg:pt-12 pb-16 md:pb-16 lg:pb-24 theme-light schema-bg-color-light_gray\"\n     id=\"block_67234279e7ed8\">\n    <div class=\"container relative\">\n                \n            <div>\n\n\n                <div x-data=\"xDataTabbedCarousel_4a18242b5ef3d974d889f1ecec897824()\">\n\n                    <div class=\"block md:hidden\">\n\n                        <div class=\"\">\n\n\n                                                        <div class=\"\" >\n\n                                \n                                <div  class=\"carousel-tab overflow-hidden px-3\">\n\n                                    <div class=\"mb-6\">\n\n                                        \n    <div class=\"overflow-hidden  \">\n        <img src=\"https:\/\/www.aerovit.dk\/wp-content\/uploads\/sites\/112\/2020\/12\/20190212_094144-Kopi.jpg\" alt=\"\" class=\"inline-block max-w-full max-h-full\" loading=\"lazy\">\n    <\/div>\n\n\n                                    <\/div>\n\n                                    <header class=\" mb-6\">\n                                        <div class=\"pre-heading\">\n                                                                                    <\/div>\n                                        <h4 class=\"p-0 m-0\">\n                                            About Aerovit Type R                                        <\/h4>\n                                    <\/header>\n\n                                    <div class=\"text-sm wysiwyg-content mb-6\">\n                                        <p>Tendo em conta espa\u00e7os mais pequenos em algumas caldeiras e a possibilidade de fornecer equipamento de limpeza para caldeiras de tubos de \u00e1gua, concebemos um sistema rotat\u00f3rio de sopragem de fuligem \u2013 o Aerovit Type R.<\/p>\n<p>O Sistema \u00e9 instalado entre duas sec\u00e7\u00f5s de tubos.<\/p>\n<p>As suas principais vantagens s\u00e3o que exige menos espa\u00e7o exterior e que permite uma rota\u00e7\u00e3o autom\u00e1tica de 360\u00ba com sopros poderosos de ar comprimido que limpam todas as sec\u00e7\u00f5es da caldeira.<\/p>\n                                    <\/div>\n\n                                    \n                                    \n                                <\/div>\n                            <\/div>\n                            \n                        <\/div>\n                    <\/div>\n\n\n                    <div class=\"hidden md:block\">\n                        \n                        <div>\n                            \n                                <div class=\"carousel-slide\" x-show=\"currentSlideIndex === 0\">\n                                    <div class=\"lg:flex \">\n                                        <div class=\"md:mb-6 lg:mb-0 lg:w-2\/3 lg:pr-24\">\n                                            \n    <div class=\"overflow-hidden  \">\n        <img src=\"https:\/\/www.aerovit.dk\/wp-content\/uploads\/sites\/112\/2020\/12\/20190212_094144-Kopi.jpg\" alt=\"\" class=\"inline-block max-w-full max-h-full\" loading=\"lazy\">\n    <\/div>\n\n                                        <\/div>\n                                        <div class=\"lg:w-1\/3 \">\n                                            <header class=\"lg:pr-3 mb-6\">\n                                                <div class=\"pre-heading\">\n                                                                                                    <\/div>\n                                                <h3 class=\"p-0 m-0\">\n                                                    About Aerovit Type R                                                <\/h3>\n                                            <\/header>\n                                            <div class=\"text-sm mb-6 wysiwyg-content\">\n                                                <p>Tendo em conta espa\u00e7os mais pequenos em algumas caldeiras e a possibilidade de fornecer equipamento de limpeza para caldeiras de tubos de \u00e1gua, concebemos um sistema rotat\u00f3rio de sopragem de fuligem \u2013 o Aerovit Type R.<\/p>\n<p>O Sistema \u00e9 instalado entre duas sec\u00e7\u00f5s de tubos.<\/p>\n<p>As suas principais vantagens s\u00e3o que exige menos espa\u00e7o exterior e que permite uma rota\u00e7\u00e3o autom\u00e1tica de 360\u00ba com sopros poderosos de ar comprimido que limpam todas as sec\u00e7\u00f5es da caldeira.<\/p>\n                                            <\/div>\n                                            \n                                                                                    <\/div>\n\n                                    <\/div>\n                                <\/div>\n                                                    <\/div>\n\n                    <\/div>\n                <\/div>\n\n                <script>\n                    function xDataTabbedCarousel_4a18242b5ef3d974d889f1ecec897824() {\n                        return {\n                            slidesCount: 1,\n                            currentSlideIndex: 0,\n                            selectorIsOpen: false,\n                            openTabs: [0],\n                            setSlide: function (slideIndex) {\n                                var vm = this;\n                                vm.currentSlideIndex = slideIndex;\n                                var elements = document.querySelectorAll('.carousel-slide');\n                                elements.forEach(function (element, index) {\n                                    vm.stopVideo(element);\n                                });\n\n\n                            },\n                            previousSlide: function () {\n                                var vm = this;\n                                var previousSlide = (vm.currentSlideIndex === 0) ? (vm.slidesCount - 1) : (vm.currentSlideIndex - 1);\n\n                                vm.currentSlideIndex = previousSlide;\n                            },\n                            nextSlide: function () {\n                                var vm = this;\n                                var nextSlide = (vm.currentSlideIndex === (vm.slidesCount - 1)) ? 0 : (vm.currentSlideIndex + 1);\n\n                                vm.currentSlideIndex = nextSlide;\n                            },\n                            stopVideo: function (element) {\n                                var iframe = element.querySelector('iframe');\n                                var video = element.querySelector('video');\n                                if (iframe) {\n                                    var iframeSrc = iframe.src;\n                                    iframe.src = iframeSrc;\n                                }\n                                if (video) {\n                                    video.pause();\n                                }\n                            },\n                            toggleOpenTabs: function (index) {\n                                var vm = this;\n\n                                var tabs = vm.openTabs;\n                                if (vm.openTabs.indexOf(index) > -1 ) {\n                                    vm.openTabs.splice( vm.openTabs.indexOf(index), 1 );\n                                }else{\n                                    vm.openTabs.push(index); \/\/ ...tabs,\n                                }\n\n                            },\n                            isInOpenTabs :function(index){\n                                var vm = this;\n                                return vm.openTabs.includes(index);\n                            }\n                        }\n                    }\n\n                <\/script>\n\n\n            <\/div>\n\n\n            <\/div>\n<\/div>\n\n<div class=\"cta-simple pt-6 md:pt-12 lg:pt-12 pb-6 md:pb-12 lg:pb-12 theme-dark schema-bg-color-orange\"\n     id=\"block_67234279e7f49\">\n    <div class=\"container relative\">\n        <div class=\"md:flex\">\n            <div class=\"md:w-2\/3 mb-8 md:mb-0 md:flex\">\n                <div class=\"mb-8 md:mb-0 md:mr-6\">\n                    <div class=\"rounded-full h-20 w-20 overflow-hidden mx-auto\">\n                        <img alt=\"\" src=\"https:\/\/www.aerovit.dk\/wp-content\/uploads\/sites\/112\/2020\/11\/manual.svg\" class=\"h-full\">\n                    <\/div>\n                <\/div>\n                <div class=\"text-center md:text-left\">\n                    <header class=\"mb-6 md:mb-3\">\n                                                    <div class=\"pre-heading\">\n                                Download PDF                            <\/div>\n                                                <h4 class=\"font-bold p-0 m-0\">Get our product sheet <\/h4>\n                    <\/header>\n                    <div>\n                        <p>You can download information about Aerovit Type R here or read more below<\/p>\n                    <\/div>\n                <\/div>\n            <\/div>\n\n                                    <div class=\"md:w-1\/3 flex justify-center md:items-center md:justify-end\">\n                            <div x-data=\"{ 'showModal': false }\">\n\n\n        <div>\n            \n                <a href=\"https:\/\/www.aerovit.dk\/wp-content\/uploads\/sites\/112\/2020\/11\/rotator.pdf\"\n                   target=\"_blank\"\n                   class=\"btn  btn-ghost-white  \">\n                    <div class=\" ml-6\">\n                        Download PDF                    <\/div>\n                                            <div class=\"float-right ml-3 mr-3\">\n                            <i class=\"far fa-long-arrow-alt-right\"><\/i>\n                        <\/div>\n                                    <\/a>\n\n            \n\n        <\/div>\n\n\n            <\/div>\n\n                    <\/div>\n                \n        <\/div>\n    <\/div>\n<\/div>\n\n\n<div class=\"block-text-columns pt-16 md:pt-16 lg:pt-24 pb-16 md:pb-16 lg:pb-24 theme- schema-bg-color-default\"\n     id=\"block_67234279f1f13\">\n\n    <div class=\"container\">\n\n\n\n        \n            <div class=\"md:flex md:flex-wrap lg:-mx-4\">\n\n                \n\n                \n                <div class=\"md:px-4 md:w-1\/2 mb-12 md:mb-0\">\n                    \n                    \n                                            <header class=\"lg:max-w-md\">\n                            <h3>Application:<\/h3>\n                        <\/header>\n                    \n                                            <div class=\"wysiwyg-content\">\n                            <p>The rotating unit should be placed parallel to the tubes of the boiler. The temperature of the flue gas should be kept at a constant low level. If the temperature of the flue gas increases, the duration of the cleaning cycle should be reduced until the temperature is kept at low level.<\/p>\n<p>The ash and soot deposits in the boiler construction should be dry and removable. If they tend to be sticky or melting, the cleaning effect may go down.<\/p>\n<p>The flue gas should not contain particles and gasses hazardous to standard steel alloys. Should condensation of corroding gasses take place, the rotating pipe unit will eventually be destroyed and must be replaced.<\/p>\n<p>Maximum length of the rotating pipe unit is 2,5m. The distance between the tube banks is recommended to be min 600mm. A 290mm inlet hole is needed for flanging the Type R to the heat exchanger.<\/p>\n                        <\/div>\n                    \n                    <div class=\"lg:flex md:-mx-4 mt-12\">\n\n\n                        \n                                            <\/div>\n\n                <\/div>\n\n                \n\n                \n                <div class=\"md:px-4 md:w-1\/2 mb-12 md:mb-0\">\n                    \n                    \n                                            <header class=\"lg:max-w-md\">\n                            <h3>Characteristics:<\/h3>\n                        <\/header>\n                    \n                                            <div class=\"wysiwyg-content\">\n                            <p>Each unit has 4 pieces Aerovit valve units with built in patented features \u2013 connected to 1 piece 150 liter compressed air receiver. An electrical PLC will operate the cleaning cycles and the activations of the valves. The PLC can operate up to 6 rotating units.<\/p>\n<p>1 cleaning cycle= 120 min. = 10,8 Nm3 compressed air. Operating pressure &gt; 8-9 bar. Operating temperature inside the boiler construction (flue gas): &lt; 700\u00b0C*<\/p>\n<p><img loading=\"lazy\" class=\"\" src=\"https:\/\/www.aerovit.dk\/wp-content\/uploads\/sites\/112\/2020\/11\/illustrationer.png\" width=\"382\" height=\"175\" \/><\/p>\n                        <\/div>\n                    \n                    <div class=\"lg:flex md:-mx-4 mt-12\">\n\n\n                        \n                                            <\/div>\n\n                <\/div>\n\n                            <\/div>\n\n            <\/div>\n<\/div>\n\n\n<div class=\"case-study relative pt-16 md:pt-16 lg:pt-24 pb-16 md:pb-32 lg:pb-32\"\n     id=\"block_67234279f1fe9\">\n    <div class=\"absolute inset-0 flex flex-col\">\n        <div style=\"background-color: #3c4858;\" class=\"h-1\/2\"><\/div>\n        <div style=\"background-color: #3c4858;\" class=\"h-1\/2\"><\/div>\n    <\/div>\n    <div class=\"container relative\">\n\n        <div class=\"shadow-lg rounded bg-white theme-light max-w-md mx-auto lg:max-w-none lg:mx-0 lg:flex\">\n            <div class=\"lg:w-1\/2 \">\n                <div class=\"flex overflow-hidden items-center justify-end h-64 lg:h-full rounded-t lg:rounded-t-none lg:rounded-l \">\n                    <div class=\"w-full h-full bg-cover bg-center bg-no-repeat lazy-bg\"\n                         style=\"background-image: url('data:image\/gif;base64,R0lGODlhAQABAIAAAP\/\/\/\/\/\/\/yH5BAEKAAEALAAAAAABAAEAAAICTAEAOw==')\" data-src=\"https:\/\/www.aerovit.dk\/wp-content\/uploads\/sites\/112\/2020\/12\/IMG_6086-768x1024.jpg\"><\/div>\n                <\/div>\n            <\/div>\n            <div class=\"lg:w-1\/2\">\n                <div class=\"p-6 lg:p-12\">\n\n\n                    \n<header class=\"mb-6 md:mb-12  \">\n    \n            <h3>Scope of delivery:<\/h3>    \n            <div class=\"mt-6\">\n            <div class=\"wysiwyg-content \">\n                <ul>\n<li>1 piece rotating unit with electric motor \u2013 including 4 Aerovit valves 11\u20442\u201d<\/li>\n<li>1 piece rotating pipe unit with 4 pipes \u00d8 60 mm \u2013 replaceable blowing pipes.<\/li>\n<li>1 piece compressed air receiver 150 liter \u2013 with manometer and safety valve.<\/li>\n<li>1 piece air inlet \u2013 with filter\/regulator, 3-way valve and non return valve.<\/li>\n<li>1 piece electrical controller with PLC.<\/li>\n<li>1 set of cabling between controller and rotating unit.<\/li>\n<\/ul>\n            <\/div>\n        <\/div>\n    <\/header>\n\n\n                    \n\n                    <div>\n                                            <\/div>\n\n                <\/div>\n            <\/div>\n        <\/div>\n    <\/div>\n<\/div>\n\n","protected":false},"excerpt":{"rendered":"","protected":false},"author":1,"featured_media":0,"parent":2660,"menu_order":0,"comment_status":"closed","ping_status":"closed","template":"","meta":[],"segment":[],"acf":[],"yoast_head":"<!-- This site is optimized with the Yoast SEO plugin v19.14 - https:\/\/yoast.com\/wordpress\/plugins\/seo\/ -->\n<title>Aerovit Type R - Sistema Rotat\u00f3rio - Aerovit A\/S<\/title>\n<meta name=\"robots\" content=\"index, follow, max-snippet:-1, max-image-preview:large, max-video-preview:-1\" \/>\n<link rel=\"canonical\" href=\"https:\/\/www.aerovit.dk\/pt-pt\/solucoes\/aerovit-type-r-sistema-rotatorio\/\" \/>\n<meta property=\"og:locale\" content=\"pt_PT\" \/>\n<meta property=\"og:type\" content=\"article\" \/>\n<meta property=\"og:title\" content=\"Aerovit Type R - Sistema Rotat\u00f3rio - Aerovit A\/S\" \/>\n<meta property=\"og:url\" content=\"https:\/\/www.aerovit.dk\/pt-pt\/solucoes\/aerovit-type-r-sistema-rotatorio\/\" \/>\n<meta property=\"og:site_name\" content=\"Aerovit A\/S\" \/>\n<meta property=\"article:modified_time\" content=\"2024-10-31T08:42:08+00:00\" \/>\n<meta name=\"twitter:card\" content=\"summary_large_image\" \/>\n<script type=\"application\/ld+json\" class=\"yoast-schema-graph\">{\"@context\":\"https:\/\/schema.org\",\"@graph\":[{\"@type\":\"WebPage\",\"@id\":\"https:\/\/www.aerovit.dk\/pt-pt\/solucoes\/aerovit-type-r-sistema-rotatorio\/\",\"url\":\"https:\/\/www.aerovit.dk\/pt-pt\/solucoes\/aerovit-type-r-sistema-rotatorio\/\",\"name\":\"Aerovit Type R - Sistema Rotat\u00f3rio - Aerovit A\/S\",\"isPartOf\":{\"@id\":\"https:\/\/www.aerovit.dk\/#website\"},\"datePublished\":\"2021-01-06T13:16:43+00:00\",\"dateModified\":\"2024-10-31T08:42:08+00:00\",\"inLanguage\":\"pt-PT\",\"potentialAction\":[{\"@type\":\"ReadAction\",\"target\":[\"https:\/\/www.aerovit.dk\/pt-pt\/solucoes\/aerovit-type-r-sistema-rotatorio\/\"]}]},{\"@type\":\"WebSite\",\"@id\":\"https:\/\/www.aerovit.dk\/#website\",\"url\":\"https:\/\/www.aerovit.dk\/\",\"name\":\"Aerovit A\/S\",\"description\":\"We specialize in keeping boilers clean \u2013 Efficiently and reliably\",\"publisher\":{\"@id\":\"https:\/\/www.aerovit.dk\/#organization\"},\"potentialAction\":[{\"@type\":\"SearchAction\",\"target\":{\"@type\":\"EntryPoint\",\"urlTemplate\":\"https:\/\/www.aerovit.dk\/?s={search_term_string}\"},\"query-input\":\"required name=search_term_string\"}],\"inLanguage\":\"pt-PT\"},{\"@type\":\"Organization\",\"@id\":\"https:\/\/www.aerovit.dk\/#organization\",\"name\":\"Aerovit A\/S\",\"url\":\"https:\/\/www.aerovit.dk\/\",\"logo\":{\"@type\":\"ImageObject\",\"inLanguage\":\"pt-PT\",\"@id\":\"https:\/\/www.aerovit.dk\/#\/schema\/logo\/image\/\",\"url\":\"https:\/\/www.aerovit.dk\/wp-content\/uploads\/sites\/112\/2022\/12\/Home-Logo.svg\",\"contentUrl\":\"https:\/\/www.aerovit.dk\/wp-content\/uploads\/sites\/112\/2022\/12\/Home-Logo.svg\",\"width\":1923,\"height\":289,\"caption\":\"Aerovit A\/S\"},\"image\":{\"@id\":\"https:\/\/www.aerovit.dk\/#\/schema\/logo\/image\/\"},\"sameAs\":[\"https:\/\/www.linkedin.com\/company\/1889435\/\"]}]}<\/script>\n<!-- \/ Yoast SEO plugin. -->","yoast_head_json":{"title":"Aerovit Type R - Sistema Rotat\u00f3rio - Aerovit A\/S","robots":{"index":"index","follow":"follow","max-snippet":"max-snippet:-1","max-image-preview":"max-image-preview:large","max-video-preview":"max-video-preview:-1"},"canonical":"https:\/\/www.aerovit.dk\/pt-pt\/solucoes\/aerovit-type-r-sistema-rotatorio\/","og_locale":"pt_PT","og_type":"article","og_title":"Aerovit Type R - Sistema Rotat\u00f3rio - Aerovit A\/S","og_url":"https:\/\/www.aerovit.dk\/pt-pt\/solucoes\/aerovit-type-r-sistema-rotatorio\/","og_site_name":"Aerovit A\/S","article_modified_time":"2024-10-31T08:42:08+00:00","twitter_card":"summary_large_image","schema":{"@context":"https:\/\/schema.org","@graph":[{"@type":"WebPage","@id":"https:\/\/www.aerovit.dk\/pt-pt\/solucoes\/aerovit-type-r-sistema-rotatorio\/","url":"https:\/\/www.aerovit.dk\/pt-pt\/solucoes\/aerovit-type-r-sistema-rotatorio\/","name":"Aerovit Type R - Sistema Rotat\u00f3rio - Aerovit A\/S","isPartOf":{"@id":"https:\/\/www.aerovit.dk\/#website"},"datePublished":"2021-01-06T13:16:43+00:00","dateModified":"2024-10-31T08:42:08+00:00","inLanguage":"pt-PT","potentialAction":[{"@type":"ReadAction","target":["https:\/\/www.aerovit.dk\/pt-pt\/solucoes\/aerovit-type-r-sistema-rotatorio\/"]}]},{"@type":"WebSite","@id":"https:\/\/www.aerovit.dk\/#website","url":"https:\/\/www.aerovit.dk\/","name":"Aerovit A\/S","description":"We specialize in keeping boilers clean \u2013 Efficiently and reliably","publisher":{"@id":"https:\/\/www.aerovit.dk\/#organization"},"potentialAction":[{"@type":"SearchAction","target":{"@type":"EntryPoint","urlTemplate":"https:\/\/www.aerovit.dk\/?s={search_term_string}"},"query-input":"required name=search_term_string"}],"inLanguage":"pt-PT"},{"@type":"Organization","@id":"https:\/\/www.aerovit.dk\/#organization","name":"Aerovit A\/S","url":"https:\/\/www.aerovit.dk\/","logo":{"@type":"ImageObject","inLanguage":"pt-PT","@id":"https:\/\/www.aerovit.dk\/#\/schema\/logo\/image\/","url":"https:\/\/www.aerovit.dk\/wp-content\/uploads\/sites\/112\/2022\/12\/Home-Logo.svg","contentUrl":"https:\/\/www.aerovit.dk\/wp-content\/uploads\/sites\/112\/2022\/12\/Home-Logo.svg","width":1923,"height":289,"caption":"Aerovit A\/S"},"image":{"@id":"https:\/\/www.aerovit.dk\/#\/schema\/logo\/image\/"},"sameAs":["https:\/\/www.linkedin.com\/company\/1889435\/"]}]}},"_links":{"self":[{"href":"https:\/\/www.aerovit.dk\/pt-pt\/wp-json\/wp\/v2\/pages\/2666"}],"collection":[{"href":"https:\/\/www.aerovit.dk\/pt-pt\/wp-json\/wp\/v2\/pages"}],"about":[{"href":"https:\/\/www.aerovit.dk\/pt-pt\/wp-json\/wp\/v2\/types\/page"}],"author":[{"embeddable":true,"href":"https:\/\/www.aerovit.dk\/pt-pt\/wp-json\/wp\/v2\/users\/1"}],"replies":[{"embeddable":true,"href":"https:\/\/www.aerovit.dk\/pt-pt\/wp-json\/wp\/v2\/comments?post=2666"}],"version-history":[{"count":8,"href":"https:\/\/www.aerovit.dk\/pt-pt\/wp-json\/wp\/v2\/pages\/2666\/revisions"}],"predecessor-version":[{"id":8794,"href":"https:\/\/www.aerovit.dk\/pt-pt\/wp-json\/wp\/v2\/pages\/2666\/revisions\/8794"}],"up":[{"embeddable":true,"href":"https:\/\/www.aerovit.dk\/pt-pt\/wp-json\/wp\/v2\/pages\/2660"}],"wp:attachment":[{"href":"https:\/\/www.aerovit.dk\/pt-pt\/wp-json\/wp\/v2\/media?parent=2666"}],"wp:term":[{"taxonomy":"segment","embeddable":true,"href":"https:\/\/www.aerovit.dk\/pt-pt\/wp-json\/wp\/v2\/segment?post=2666"}],"curies":[{"name":"wp","href":"https:\/\/api.w.org\/{rel}","templated":true}]}}